{"id":4263,"date":"2025-04-18T10:26:39","date_gmt":"2025-04-18T10:26:39","guid":{"rendered":"https:\/\/www.hotelalleguglie.com\/?page_id=4263"},"modified":"2025-04-18T13:24:15","modified_gmt":"2025-04-18T13:24:15","slug":"venezia-in-kayak","status":"publish","type":"page","link":"https:\/\/hotelalleguglie.com\/it\/cosa-puo-fare-una-coppia-giovane-vicino-hotel-alle-guglie\/venezia-in-kayak\/","title":{"rendered":"Venezia in kayak: un\u2019avventura romantica per due tra i canali"},"content":{"rendered":"\n<h2 class=\"wp-block-heading has-text-align-left\">Un modo sorprendente e intimo per scoprire la citt\u00e0 sull\u2019acqua<\/h2>\n\n\n\n<p class=\"\" style=\"text-align: left;\" data-start=\"570\" data-end=\"975\">Se cerchi un\u2019esperienza fuori dall\u2019ordinario da vivere in coppia, lontano dalla folla e dai percorsi turistici pi\u00f9 battuti, <strong data-start=\"694\" data-end=\"724\">un giro in kayak a Venezia<\/strong> \u00e8 qualcosa che ricorderai per sempre.<br data-start=\"762\" data-end=\"765\" \/>Poche cose uniscono pi\u00f9 di <strong data-start=\"792\" data-end=\"823\">remare insieme tra i canali<\/strong>, silenziosamente, scivolando accanto a palazzi secolari, passando sotto ponti nascosti, attraversando calli d\u2019acqua che solo i local conoscono davvero.<\/p>\n<p class=\"\" style=\"text-align: left;\" data-start=\"977\" data-end=\"1189\">Per una <strong data-start=\"985\" data-end=\"1014\">coppia giovane e dinamica<\/strong>, questa \u00e8 l\u2019attivit\u00e0 perfetta: attiva ma rilassante, divertente ma romantica, unica ma accessibile. E soprattutto, \u00e8 <strong data-start=\"1132\" data-end=\"1188\">un modo nuovo e profondo di vedere Venezia da <a href=\"https:\/\/hotelalleguglie.com\/it\/vivere-venezia\/\">dentro<\/a><\/strong>.<\/p>\n<h2 class=\"\" style=\"text-align: left;\" data-start=\"1191\" data-end=\"1240\">Perch\u00e9 scegliere il kayak invece della gondola<\/h2>\n<p class=\"\" style=\"text-align: left;\" data-start=\"1242\" data-end=\"1567\">La gondola \u00e8 iconica, certo. Ma il kayak \u00e8 partecipazione, movimento, immersione. Ti permette di <strong data-start=\"1339\" data-end=\"1370\">diventare parte della citt\u00e0<\/strong>, non solo spettatore.<br data-start=\"1392\" data-end=\"1395\" \/>\u00c8 un modo sostenibile, silenzioso, rispettoso dell\u2019ambiente e delle regole lagunari. E ti consente di esplorare zone che le imbarcazioni pi\u00f9 grandi non possono raggiungere.<\/p>\n<p class=\"\" style=\"text-align: left;\" data-start=\"1569\" data-end=\"1739\">Inoltre, \u00e8 <strong data-start=\"1580\" data-end=\"1611\">un\u2019attivit\u00e0 da fare insieme<\/strong>, fianco a fianco, comunicando, sincronizzando i gesti, esplorando in sintonia. Una metafora perfetta per chi viaggia in coppia.<\/p>\n<h2 class=\"\" style=\"text-align: left;\" data-start=\"1741\" data-end=\"1773\">Venezia in kayak: dove si parte e come funziona<\/h2>\n<p class=\"\" style=\"text-align: left;\" data-start=\"1775\" data-end=\"2024\">I principali tour in kayak partono proprio da <strong data-start=\"1821\" data-end=\"1835\">Cannaregio<\/strong>, quindi <strong data-start=\"1844\" data-end=\"1893\">a pochi minuti a piedi dall\u2019Hotel Alle Guglie<\/strong>. Diverse organizzazioni propongono uscite diurne e notturne, tutte guidate da esperti del territorio, spesso local e appassionati.<\/p>\n<p class=\"\" style=\"text-align: left;\" data-start=\"2026\" data-end=\"2081\">I tour standard durano <strong data-start=\"2049\" data-end=\"2068\">tra 1,5 e 2 ore<\/strong> e includono:<\/p>\n<p class=\"\" style=\"text-align: left;\" data-start=\"2085\" data-end=\"2149\">&#8211; <strong>Breve introduzione alla tecnica di base<\/strong> (non serve esperienza)<\/p>\n<p class=\"\" style=\"text-align: left;\" data-start=\"2152\" data-end=\"2197\">&#8211; <strong>Kayak a due posti con attrezzatura completa<\/strong><\/p>\n<p class=\"\" style=\"text-align: left;\" data-start=\"2200\" data-end=\"2272\">&#8211; <strong>Itinerari tra canali secondari, fondamenta nascoste e punti panoramici<\/strong><\/p>\n<p class=\"\" style=\"text-align: left;\" data-start=\"2275\" data-end=\"2345\">&#8211; <strong>Alcune soste per ascoltare racconti sulla storia e la vita della citt\u00e0<\/strong><\/p>\n<p class=\"\" style=\"text-align: left;\" data-start=\"2347\" data-end=\"2510\">Molti tour prevedono <strong data-start=\"2368\" data-end=\"2386\">piccoli gruppi<\/strong>, per garantire silenzio e sicurezza. Alcuni operatori offrono anche escursioni private, perfette per un\u2019occasione speciale.<\/p>\n<h2 class=\"\" style=\"text-align: left;\" data-start=\"2512\" data-end=\"2543\">Quando fare un tour in kayak<\/h2>\n<p class=\"\" style=\"text-align: left;\" data-start=\"2545\" data-end=\"2840\">Primavera, estate e inizio autunno sono i momenti ideali, ma <strong data-start=\"2606\" data-end=\"2673\">anche l\u2019inverno (con il sole) pu\u00f2 regalare un\u2019esperienza magica<\/strong>.<br data-start=\"2674\" data-end=\"2677\" \/>Le uscite al tramonto o in notturna sono le pi\u00f9 suggestive: <strong data-start=\"2737\" data-end=\"2839\">la luce che cambia, le luci riflesse sull\u2019acqua, il silenzio irreale di Venezia dopo il crepuscolo<\/strong>.<\/p>\n<p class=\"\" style=\"text-align: left;\" data-start=\"2842\" data-end=\"2926\">\u00c8 consigliato prenotare con anticipo, soprattutto nei weekend o nei periodi festivi.<\/p>\n<h2 class=\"\" style=\"text-align: left;\" data-start=\"2928\" data-end=\"2949\">Cosa serve portare<\/h2>\n<p class=\"\" style=\"text-align: left;\" data-start=\"2951\" data-end=\"2969\">Non serve molto:<\/p>\n<p class=\"\" style=\"text-align: left;\" data-start=\"2972\" data-end=\"3029\">&#8211; <strong>Abbigliamento comodo<\/strong> (che si possa bagnare leggermente)<\/p>\n<p class=\"\" style=\"text-align: left;\" data-start=\"3032\" data-end=\"3047\">&#8211; <strong>Scarpe chiuse<\/strong><\/p>\n<p class=\"\" style=\"text-align: left;\" data-start=\"3050\" data-end=\"3081\">&#8211; <strong>Una piccola bottiglia d\u2019acqua<\/strong><\/p>\n<p class=\"\" style=\"text-align: left;\" data-start=\"3084\" data-end=\"3137\">&#8211; <strong>Spirito d\u2019avventura e voglia di lasciarsi sorprendere<\/strong><\/p>\n<p class=\"\" style=\"text-align: left;\" data-start=\"3139\" data-end=\"3226\">Tutto il resto (kayak, giubbotto salvagente, pagaia) viene fornito dagli organizzatori.<\/p>\n<h2 class=\"\" style=\"text-align: left;\" data-start=\"3228\" data-end=\"3245\">Come prenotare<\/h2>\n<p class=\"\" style=\"text-align: left;\" data-start=\"3247\" data-end=\"3479\">Il nostro staff alla reception dell\u2019<strong data-start=\"3283\" data-end=\"3304\">Hotel Alle Guglie<\/strong> sar\u00e0 felice di consigliarvi i migliori operatori in zona, verificare disponibilit\u00e0 e orari in base al meteo e, se desiderate, <strong data-start=\"3431\" data-end=\"3478\">prenotare per voi il tour che pi\u00f9 vi ispira<\/strong>.<\/p>\n<p class=\"\" style=\"text-align: left;\" data-start=\"3481\" data-end=\"3650\">Possiamo anche suggerirvi come organizzare la giornata: magari con una colazione slow, un giro al <a href=\"https:\/\/hotelalleguglie.com\/it\/cosa-puo-fare-una-coppia-giovane-vicino-hotel-alle-guglie\/ghetto-ebraico\/\">Ghetto Ebraico<\/a>, il tour in kayak e poi un aperitivo lungo gli Ormesini.<\/p>\n<p style=\"text-align: left;\" data-start=\"3652\" data-end=\"3696\">Soggiornando all\u2019<a href=\"https:\/\/hotelalleguglie.com\/it\/\"><strong data-start=\"3948\" data-end=\"3969\">Hotel Alle Guglie<\/strong><\/a>, potete vivere la citt\u00e0 da prospettive sempre diverse. <strong data-start=\"4025\" data-end=\"4111\">Il kayak \u00e8 una di quelle esperienze che sorprendono, uniscono e restano nel cuore.<\/strong><\/p>\n","protected":false},"excerpt":{"rendered":"<p>Un modo sorprendente e intimo per scoprire la citt\u00e0 sull\u2019acqua Se cerchi un\u2019esperienza fuori dall\u2019ordinario da vivere in coppia, lontano dalla folla e dai percorsi turistici pi\u00f9 battuti, un giro in kayak a Venezia \u00e8 qualcosa che ricorderai per sempre.Poche cose uniscono pi\u00f9 di remare insieme tra i canali, silenziosamente, scivolando accanto a palazzi secolari, [&hellip;]<\/p>\n","protected":false},"author":1,"featured_media":4264,"parent":3923,"menu_order":0,"comment_status":"closed","ping_status":"closed","template":"","meta":{"_acf_changed":false,"footnotes":""},"class_list":["post-4263","page","type-page","status-publish","has-post-thumbnail","hentry"],"acf":[],"_links":{"self":[{"href":"https:\/\/hotelalleguglie.com\/it\/wp-json\/wp\/v2\/pages\/4263","targetHints":{"allow":["GET"]}}],"collection":[{"href":"https:\/\/hotelalleguglie.com\/it\/wp-json\/wp\/v2\/pages"}],"about":[{"href":"https:\/\/hotelalleguglie.com\/it\/wp-json\/wp\/v2\/types\/page"}],"author":[{"embeddable":true,"href":"https:\/\/hotelalleguglie.com\/it\/wp-json\/wp\/v2\/users\/1"}],"replies":[{"embeddable":true,"href":"https:\/\/hotelalleguglie.com\/it\/wp-json\/wp\/v2\/comments?post=4263"}],"version-history":[{"count":0,"href":"https:\/\/hotelalleguglie.com\/it\/wp-json\/wp\/v2\/pages\/4263\/revisions"}],"up":[{"embeddable":true,"href":"https:\/\/hotelalleguglie.com\/it\/wp-json\/wp\/v2\/pages\/3923"}],"wp:featuredmedia":[{"embeddable":true,"href":"https:\/\/hotelalleguglie.com\/it\/wp-json\/wp\/v2\/media\/4264"}],"wp:attachment":[{"href":"https:\/\/hotelalleguglie.com\/it\/wp-json\/wp\/v2\/media?parent=4263"}],"curies":[{"name":"wp","href":"https:\/\/api.w.org\/{rel}","templated":true}]}}