{"id":3923,"date":"2025-04-17T08:04:31","date_gmt":"2025-04-17T08:04:31","guid":{"rendered":"https:\/\/www.hotelalleguglie.com\/?page_id=3923"},"modified":"2025-11-13T09:13:58","modified_gmt":"2025-11-13T09:13:58","slug":"cosa-puo-fare-una-coppia-giovane-vicino-hotel-alle-guglie","status":"publish","type":"page","link":"https:\/\/hotelalleguglie.com\/it\/cosa-puo-fare-una-coppia-giovane-vicino-hotel-alle-guglie\/","title":{"rendered":"Cosa pu\u00f2 fare una coppia giovane vicino all\u2019Hotel Alle Guglie?"},"content":{"rendered":"\n<p class=\"\" style=\"text-align: left;\" data-start=\"399\" data-end=\"497\"><strong>Cosa pu\u00f2 fare una coppia giovane vicino all\u2019Hotel Alle Guglie: esperienze autentiche, gusto locale e scorci segreti da vivere insieme nel cuore di Cannaregio<\/strong><\/p>\n<p class=\"\" style=\"text-align: left;\" data-start=\"499\" data-end=\"1020\">Venezia \u00e8 da sempre una delle citt\u00e0 pi\u00f9 romantiche del mondo, ma per una coppia giovane tra i 25 e i 50 anni, in cerca di <strong>esperienze vere, contemporanee e stimolanti<\/strong>, il rischio \u00e8 quello di cadere in percorsi troppo turistici, tutti uguali. All\u2019<strong data-start=\"744\" data-end=\"765\">Hotel Alle Guglie<\/strong> offriamo un modo diverso di vivere la citt\u00e0: partendo da una posizione strategica, nel cuore del sestiere di Cannaregio, proponiamo una selezione di esperienze pensate per chi vuole scoprire <strong data-start=\"957\" data-end=\"996\">la Venezia pi\u00f9 autentica e vibrante<\/strong>, da condividere in due.<\/p>\n<h2 class=\"\" style=\"text-align: left;\" data-start=\"1022\" data-end=\"1065\">Una zona da vivere, non solo da visitare<\/h2>\n<p class=\"\" style=\"text-align: left;\" data-start=\"1067\" data-end=\"1502\"><strong>Cannaregio<\/strong> \u00e8 un <strong>quartiere<\/strong> <strong>vivo<\/strong>, <strong>giovane<\/strong>, vissuto dai veneziani e non costruito per i turisti. Qui, ogni angolo <strong><a href=\"https:\/\/hotelalleguglie.com\/it\/vivere-venezia\/\">racconta qualcosa<\/a><\/strong>, dai ponti in pietra affacciati sui canali fino alle osterie frequentate dai local.<br data-start=\"1279\" data-end=\"1282\" \/>Uscendo dall\u2019hotel, bastano pochi passi per trovarsi immersi in <strong>fondamenta piene di vita, scorci da fotografare, locali con tavolini sull\u2019acqua, profumo di caff\u00e8 tostato al momento, arte nascosta e leggende da ascoltare<\/strong>.<\/p>\n<h2 class=\"\" style=\"text-align: left;\" data-start=\"1504\" data-end=\"1553\">Un soggiorno pensato per chi ama l&#8217;autenticit\u00e0<\/h2>\n<p class=\"\" style=\"text-align: left;\" data-start=\"1555\" data-end=\"2118\">Chi soggiorna all\u2019Hotel Alle Guglie cerca <strong>stile, qualit\u00e0 e funzionalit\u00e0<\/strong>. Le <strong><a href=\"https:\/\/hotelalleguglie.com\/it\/camere\/\">camere<\/a><\/strong> sono curate nei minimi dettagli, con <strong>materiali di pregio<\/strong>, letti king size e un\u2019atmosfera contemporanea ed elegante. Ma quello che davvero ci distingue \u00e8 il modo in cui aiutiamo le coppie a scoprire la citt\u00e0: con consigli personalizzati, aggiornati, pensati davvero per il tipo di viaggiatori che siete.<br data-start=\"1940\" data-end=\"1943\" \/>Non vi proporremo giri scontati o ristoranti \u201cper turisti\u201d, ma <strong>esperienze autentiche<\/strong>, perfette per chi vuole vivere Venezia in modo attivo, vero e rilassato allo stesso tempo.<\/p>\n<h2 class=\"\" style=\"text-align: left;\" data-start=\"2120\" data-end=\"2174\">Coppia giovane: cosa vi aspetta appena fuori dalla porta dell\u2019hotel<\/h2>\n<p class=\"\" style=\"text-align: left;\" data-start=\"2176\" data-end=\"2343\">Abbiamo selezionato una serie di attivit\u00e0 e luoghi speciali, tutti raggiungibili a piedi dall\u2019hotel, che vi faranno sentire parte di Venezia e non semplici visitatori.<\/p>\n<p class=\"\" style=\"text-align: left;\" data-start=\"2345\" data-end=\"2353\">Potrete:<\/p>\n<p class=\"\" style=\"text-align: left;\" data-start=\"2357\" data-end=\"2470\">&#8211; Scoprire la magia della <strong data-start=\"2381\" data-end=\"2410\">Fondamenta degli Ormesini<\/strong>, dove i veneziani si ritrovano per l\u2019aperitivo al tramonto.<\/p>\n<p class=\"\" style=\"text-align: left;\" data-start=\"2473\" data-end=\"2702\">&#8211; Fare un tour tra i migliori <a href=\"https:\/\/hotelalleguglie.com\/it\/cosa-puo-fare-una-coppia-giovane-vicino-hotel-alle-guglie\/spritz-e-cicchetti-in-strada-nova\/\"><strong data-start=\"2501\" data-end=\"2511\">bacari<\/strong><\/a> della zona, come <strong data-start=\"2529\" data-end=\"2541\">Al Timon<\/strong>, <strong data-start=\"2543\" data-end=\"2563\">Paradiso Perduto<\/strong>, <strong data-start=\"2565\" data-end=\"2580\">El Sbarlefo<\/strong>, <strong data-start=\"2582\" data-end=\"2602\">Osteria al Ponte<\/strong> e <strong data-start=\"2605\" data-end=\"2632\">Cantina Vecia Carbonera<\/strong>, gustando cicchetti tipici e spritz nei luoghi preferiti dai local.<\/p>\n<p class=\"\" style=\"text-align: left;\" data-start=\"2705\" data-end=\"2849\">&#8211; Fermarvi alla <strong data-start=\"2719\" data-end=\"2742\">Trattoria Ca\u2019 D\u2019Oro<\/strong>, dove non servono spritz ma si mangia la miglior polpetta di carne di Venezia, in un ambiente autentico.<\/p>\n<p class=\"\" style=\"text-align: left;\" data-start=\"2852\" data-end=\"3020\">&#8211; Visitare angoli segreti come il <a href=\"https:\/\/hotelalleguglie.com\/it\/ponte-chiodo-a-venezia\/\"><strong data-start=\"2884\" data-end=\"2900\">Ponte Chiodo<\/strong><\/a>, l\u2019unico ponte senza parapetti ancora esistente in citt\u00e0: perfetto per un momento fotografico simbolico e memorabile.<\/p>\n<p class=\"\" style=\"text-align: left;\" data-start=\"3023\" data-end=\"3191\">&#8211; Iniziare la giornata con una <strong><a href=\"https:\/\/hotelalleguglie.com\/it\/cosa-puo-fare-una-coppia-giovane-vicino-hotel-alle-guglie\/colazione-a-venezia-i-migliori-posti-per-iniziare-la-giornata-insieme\/\">colazione<\/a><\/strong> veneziana vera, nella <strong data-start=\"3084\" data-end=\"3107\">Pasticceria Pitteri<\/strong> o alla <strong data-start=\"3115\" data-end=\"3142\">Torrefazione Cannaregio<\/strong>, respirando l\u2019aroma del caff\u00e8 appena macinato.<\/p>\n<p class=\"\" style=\"text-align: left;\" data-start=\"3194\" data-end=\"3419\">&#8211; Cenare in coppia in <strong><a href=\"https:\/\/hotelalleguglie.com\/it\/cosa-puo-fare-una-coppia-giovane-vicino-hotel-alle-guglie\/cena-romantica-per-coppie-giovani-a-venezia\/\">ristoranti<\/a><\/strong> selezionati con cura: dall\u2019atmosfera intima dell\u2019<strong data-start=\"3274\" data-end=\"3303\">Osteria ai Promessi Sposi<\/strong>, ai piatti di pesce dell\u2019<strong data-start=\"3329\" data-end=\"3352\">Osteria alla Frasca<\/strong>, fino all\u2019eleganza contemporanea del <strong data-start=\"3390\" data-end=\"3416\">Ristorante Casa Bonita<\/strong>.<\/p>\n<p class=\"\" style=\"text-align: left;\" data-start=\"3422\" data-end=\"3617\">&#8211; Scoprire la storia del <strong><a href=\"https:\/\/hotelalleguglie.com\/it\/cosa-puo-fare-una-coppia-giovane-vicino-hotel-alle-guglie\/ghetto-ebraico\/\">Ghetto Ebraico<\/a><\/strong> o le leggende di Campo dei Mori, perdersi tra le calli meno battute, oppure salire su un kayak per vedere Venezia da una prospettiva completamente diversa.<\/p>\n<p class=\"\" style=\"text-align: left;\" data-start=\"3620\" data-end=\"3708\">&#8211;\u00a0 Godersi la citt\u00e0 anche di <strong><a href=\"https:\/\/hotelalleguglie.com\/it\/cosa-puo-fare-una-coppia-giovane-vicino-hotel-alle-guglie\/cosa-fare-la-sera-a-venezia-in-coppia-idee-autentiche-e-spontanee\/\">sera<\/a><\/strong>, tra musica dal vivo, locali giovani e wine bar nascosti.<\/p>\n<h2 class=\"\" style=\"text-align: left;\" data-start=\"3710\" data-end=\"3757\">Coppia giovane: una Venezia giovane, dinamica e sorprendente<\/h2>\n<p class=\"\" style=\"text-align: left;\" data-start=\"3759\" data-end=\"4079\">La nostra selezione di esperienze \u00e8 pensata per coppie che vogliono qualcosa di pi\u00f9: <strong>non solo romanticismo classico, ma anche vitalit\u00e0, esplorazione, spontaneit\u00e0<\/strong>. Una cena improvvisata con vista canale, una passeggiata notturna dopo il concerto, un caff\u00e8 lento in un posto frequentato da chi Venezia la vive ogni giorno.<\/p>\n<h2 class=\"\" style=\"text-align: left;\" data-start=\"4081\" data-end=\"4162\">Vivi Venezia come se ci abitassi\u2026 ma con tutte le coccole di un boutique hotel<\/h2>\n<p class=\"\" style=\"text-align: left;\" data-start=\"4164\" data-end=\"4544\">Venezia \u00e8 fatta per chi sa rallentare e osservare, per chi ama perdersi e poi ritrovarsi in angoli pieni di bellezza. All\u2019Hotel Alle Guglie vogliamo che ogni coppia possa scoprire questa dimensione speciale della citt\u00e0: <strong><a href=\"https:\/\/hotelalleguglie.com\/it\/\">prenota ora il tuo soggiorno<\/a> e lasciati guidare in un viaggio autentico<\/strong>, fatto di atmosfere, sapori, emozioni e piccoli dettagli che rendono ogni momento unico.<\/p>\n","protected":false},"excerpt":{"rendered":"<p>Cosa pu\u00f2 fare una coppia giovane vicino all\u2019Hotel Alle Guglie: esperienze autentiche, gusto locale e scorci segreti da vivere insieme nel cuore di Cannaregio Venezia \u00e8 da sempre una delle citt\u00e0 pi\u00f9 romantiche del mondo, ma per una coppia giovane tra i 25 e i 50 anni, in cerca di esperienze vere, contemporanee e stimolanti, [&hellip;]<\/p>\n","protected":false},"author":1,"featured_media":3874,"parent":0,"menu_order":0,"comment_status":"closed","ping_status":"closed","template":"template-pages-arcadia.php","meta":{"_acf_changed":false,"footnotes":""},"class_list":["post-3923","page","type-page","status-publish","has-post-thumbnail","hentry"],"acf":[],"_links":{"self":[{"href":"https:\/\/hotelalleguglie.com\/it\/wp-json\/wp\/v2\/pages\/3923","targetHints":{"allow":["GET"]}}],"collection":[{"href":"https:\/\/hotelalleguglie.com\/it\/wp-json\/wp\/v2\/pages"}],"about":[{"href":"https:\/\/hotelalleguglie.com\/it\/wp-json\/wp\/v2\/types\/page"}],"author":[{"embeddable":true,"href":"https:\/\/hotelalleguglie.com\/it\/wp-json\/wp\/v2\/users\/1"}],"replies":[{"embeddable":true,"href":"https:\/\/hotelalleguglie.com\/it\/wp-json\/wp\/v2\/comments?post=3923"}],"version-history":[{"count":0,"href":"https:\/\/hotelalleguglie.com\/it\/wp-json\/wp\/v2\/pages\/3923\/revisions"}],"wp:featuredmedia":[{"embeddable":true,"href":"https:\/\/hotelalleguglie.com\/it\/wp-json\/wp\/v2\/media\/3874"}],"wp:attachment":[{"href":"https:\/\/hotelalleguglie.com\/it\/wp-json\/wp\/v2\/media?parent=3923"}],"curies":[{"name":"wp","href":"https:\/\/api.w.org\/{rel}","templated":true}]}}