{"id":185,"date":"2017-01-04T11:37:21","date_gmt":"2017-01-04T11:37:21","guid":{"rendered":"https:\/\/www.hotelalleguglie.com\/?page_id=185"},"modified":"2025-04-16T12:15:36","modified_gmt":"2025-04-16T12:15:36","slug":"colazione","status":"publish","type":"page","link":"https:\/\/hotelalleguglie.com\/it\/colazione\/","title":{"rendered":"Colazione"},"content":{"rendered":"<p>La gustosissima prima colazione \u00e8 composta da una ricca selezione di prodotti dolci e salati.<br \/>\nDalle deliziose confetture biologiche ai salumi e formaggi assortiti, dalle verdure grigliate e di stagione alla frutta fresca, dalla pasticceria in sfoglia alle torte salate, su tutto viene posta una certosina attenzione alla qualit\u00e0 del prodotto.<br \/>\nPensiamo infatti che la provenienza, la stagionalit\u00e0 e la sostenibilit\u00e0 del cibo che ti offriamo, unite alla genuina sincerit\u00e0 del nostro servizio, rappresentino il marchio distintivo del nostro modo di fare accoglienza e coccolare i nostri ospiti.<\/p>\n","protected":false},"excerpt":{"rendered":"<p>La gustosissima prima colazione \u00e8 composta da una ricca selezione di prodotti dolci e salati. Dalle deliziose confetture biologiche ai salumi e formaggi assortiti, dalle verdure grigliate e di stagione alla frutta fresca, dalla pasticceria in sfoglia alle torte salate, su tutto viene posta una certosina attenzione alla qualit\u00e0 del prodotto. Pensiamo infatti che la [&hellip;]<\/p>\n","protected":false},"author":1,"featured_media":2993,"parent":0,"menu_order":0,"comment_status":"closed","ping_status":"closed","template":"template-pages-arcadia.php","meta":{"_acf_changed":false,"footnotes":""},"class_list":["post-185","page","type-page","status-publish","has-post-thumbnail","hentry"],"acf":[],"_links":{"self":[{"href":"https:\/\/hotelalleguglie.com\/it\/wp-json\/wp\/v2\/pages\/185","targetHints":{"allow":["GET"]}}],"collection":[{"href":"https:\/\/hotelalleguglie.com\/it\/wp-json\/wp\/v2\/pages"}],"about":[{"href":"https:\/\/hotelalleguglie.com\/it\/wp-json\/wp\/v2\/types\/page"}],"author":[{"embeddable":true,"href":"https:\/\/hotelalleguglie.com\/it\/wp-json\/wp\/v2\/users\/1"}],"replies":[{"embeddable":true,"href":"https:\/\/hotelalleguglie.com\/it\/wp-json\/wp\/v2\/comments?post=185"}],"version-history":[{"count":0,"href":"https:\/\/hotelalleguglie.com\/it\/wp-json\/wp\/v2\/pages\/185\/revisions"}],"wp:featuredmedia":[{"embeddable":true,"href":"https:\/\/hotelalleguglie.com\/it\/wp-json\/wp\/v2\/media\/2993"}],"wp:attachment":[{"href":"https:\/\/hotelalleguglie.com\/it\/wp-json\/wp\/v2\/media?parent=185"}],"curies":[{"name":"wp","href":"https:\/\/api.w.org\/{rel}","templated":true}]}}