{"id":4727,"date":"2025-04-23T07:18:24","date_gmt":"2025-04-23T07:18:24","guid":{"rendered":"https:\/\/www.hotelalleguglie.com\/que-peut-faire-un-jeune-couple-pres-de-hotel-alle-guglie\/authentic-venice-where-to-stay-for-a-young-couple\/"},"modified":"2025-05-14T11:41:01","modified_gmt":"2025-05-14T11:41:01","slug":"venise-authentique-ou-loger-pour-un-jeune-couple","status":"publish","type":"page","link":"https:\/\/hotelalleguglie.com\/fr\/que-peut-faire-un-jeune-couple-pres-de-hotel-alle-guglie\/venise-authentique-ou-loger-pour-un-jeune-couple\/","title":{"rendered":"Venise authentique: o\u00f9 loger pour un jeune couple qui veut la vivre pleinement?"},"content":{"rendered":"\n<h2 class=\"wp-block-heading has-text-align-left\">\u00c0 l\u2019H\u00f4tel Alle Guglie, d\u00e9couvrez la Venise des V\u00e9nitiens \u2013 vraie, intime et pleine de charme<\/h2>\n\n\n\n<p class=\"\" style=\"text-align: left;\" data-start=\"500\" data-end=\"960\">Venise, ce n\u2019est pas que les gondoles, les ruelles bond\u00e9es ou les itin\u00e9raires impos\u00e9s. Pour un couple, l\u2019exp\u00e9rience la plus pr\u00e9cieuse est <strong data-start=\"638\" data-end=\"679\">de se sentir faire partie de la ville<\/strong>, de la vivre au rythme de ceux qui y habitent.<br data-start=\"726\" data-end=\"729\" \/>Et pour cela, <strong data-start=\"743\" data-end=\"784\">choisir le bon quartier est essentiel<\/strong>. Le <strong data-start=\"789\" data-end=\"815\">sestiere de <em>Cannaregio<\/em><\/strong>, o\u00f9 se situe l\u2019<strong data-start=\"831\" data-end=\"852\">H\u00f4tel Alle Guglie<\/strong>, est <strong data-start=\"858\" data-end=\"959\">le choix parfait pour un jeune couple en qu\u00eate d\u2019une Venise authentique, spontan\u00e9e et personnelle<\/strong>.<\/p>\n<h2 class=\"\" style=\"text-align: left;\" data-start=\"962\" data-end=\"1004\">Cannaregio: le c\u0153ur de l&rsquo;authentique Venise<\/h2>\n<p class=\"\" style=\"text-align: left;\" data-start=\"1006\" data-end=\"1282\">Cannaregio est un quartier r\u00e9sidentiel, vivant, habit\u00e9.<br data-start=\"1061\" data-end=\"1064\" \/>Entre les <em>bacari<\/em> au bord des canaux, les boutiques historiques, les march\u00e9s, les enfants qui jouent et les \u00e9tudiants en pause, on <strong data-start=\"1194\" data-end=\"1232\">respire ici la Venise du quotidien<\/strong>, avec ses sons, ses odeurs et son rythme naturel.<\/p>\n<p class=\"\" style=\"text-align: left;\" data-start=\"1284\" data-end=\"1466\">Ici, <strong data-start=\"1289\" data-end=\"1337\">la vie avance lentement, mais avec caract\u00e8re<\/strong>. Et pour un jeune couple, c\u2019est la plus belle fa\u00e7on de d\u00e9couvrir la ville \u2013 <strong data-start=\"1414\" data-end=\"1465\">non pas comme un touriste, mais comme un invit\u00e9<\/strong>.<\/p>\n<h2 class=\"\" style=\"text-align: left;\" data-start=\"1468\" data-end=\"1504\">Dormir au centre, sans le tumulte<\/h2>\n<p class=\"\" style=\"text-align: left;\" data-start=\"1506\" data-end=\"1670\">L\u2019<strong data-start=\"1508\" data-end=\"1529\">H\u00f4tel Alle Guglie<\/strong> se trouve \u00e0 quelques minutes \u00e0 pied de la gare, <strong data-start=\"1578\" data-end=\"1603\">sans pont \u00e0 traverser<\/strong>, dans une zone calme mais tr\u00e8s bien situ\u00e9e.<br data-start=\"1647\" data-end=\"1650\" \/>D\u2019ici, vous pouvez:<\/p>\n<p class=\"\" style=\"text-align: left;\" data-start=\"1674\" data-end=\"1716\">&#8211; Rejoindre le Rialto en 15 minutes \u00e0 pied<\/p>\n<p class=\"\" style=\"text-align: left;\" data-start=\"1719\" data-end=\"1756\">&#8211; Acc\u00e9der au <a href=\"https:\/\/hotelalleguglie.com\/fr\/que-peut-faire-un-jeune-couple-pres-de-hotel-alle-guglie\/ghetto-juif\/\">Ghetto juif<\/a> en 5 minutes<\/p>\n<p class=\"\" style=\"text-align: left;\" data-start=\"1759\" data-end=\"1812\">&#8211; D\u00eener dans des <em>bacari<\/em> authentiques sans r\u00e9servation<\/p>\n<p class=\"\" style=\"text-align: left;\" data-start=\"1815\" data-end=\"1870\">&#8211; Prendre <a href=\"https:\/\/hotelalleguglie.com\/fr\/que-peut-faire-un-jeune-couple-pres-de-hotel-alle-guglie\/spritz-et-cicchetti-a-strada-nova\/\">l\u2019ap\u00e9ritif<\/a> avec des habitants et des artistes<\/p>\n<p class=\"\" style=\"text-align: left;\" data-start=\"1873\" data-end=\"1921\">&#8211; Rentrer le <a href=\"https:\/\/hotelalleguglie.com\/fr\/que-peut-faire-un-jeune-couple-pres-de-hotel-alle-guglie\/soirees-a-venise-en-couple-idees-authentiques-et-spontanees\/\">soir<\/a> tranquillement, loin de la foule<\/p>\n<p class=\"\" style=\"text-align: left;\" data-start=\"1923\" data-end=\"1989\"><strong data-start=\"1923\" data-end=\"1942\">Tout est proche<\/strong>, mais vous \u00eates \u00e9pargn\u00e9s du tourisme de masse.<\/p>\n<h2 class=\"\" style=\"text-align: left;\" data-start=\"1991\" data-end=\"2037\">Des chambres confortables avec du caract\u00e8re<\/h2>\n<p class=\"\" style=\"text-align: left;\" data-start=\"2039\" data-end=\"2386\">Dans l\u2019ambiance chaleureuse de l\u2019h\u00f4tel, vous trouverez des chambres am\u00e9nag\u00e9es avec soin, <strong data-start=\"2128\" data-end=\"2201\">parfaites pour ceux qui aiment l\u2019\u00e9l\u00e9gance simple et l\u2019accueil sinc\u00e8re<\/strong>.<br data-start=\"2202\" data-end=\"2205\" \/>Ici, pas de formalit\u00e9 pesante, mais de l\u2019attention. Pas de luxe tapageur, mais du confort. <strong data-start=\"2296\" data-end=\"2386\">Le genre d\u2019endroit qu\u2019on appr\u00e9cie encore plus en fin de journ\u00e9e, fatigu\u00e9 mais heureux.<\/strong><\/p>\n<h2 class=\"\" style=\"text-align: left;\" data-start=\"2388\" data-end=\"2439\">Une \u00e9quipe jeune qui partage ses vraies adresses<\/h2>\n<p class=\"\" style=\"text-align: left;\" data-start=\"2441\" data-end=\"2593\">\u00c0 l\u2019<strong data-start=\"2445\" data-end=\"2466\">H\u00f4tel Alle Guglie<\/strong>, nous connaissons Cannaregio comme notre poche \u2013 avec l\u2019\u0153il de ceux qui y vivent. Chaque jour, nous pourrons vous conseiller:<\/p>\n<p class=\"\" style=\"text-align: left;\" data-start=\"2597\" data-end=\"2622\">&#8211; O\u00f9 manger bien et local<\/p>\n<p class=\"\" style=\"text-align: left;\" data-start=\"2625\" data-end=\"2683\">&#8211; Quelle expo voir, m\u00eame si elle n\u2019est pas dans les guides<\/p>\n<p class=\"\" style=\"text-align: left;\" data-start=\"2686\" data-end=\"2736\">&#8211; O\u00f9 boire un verre avec une vue sans \u00eatre d\u00e9rang\u00e9<\/p>\n<p class=\"\" style=\"text-align: left;\" data-start=\"2739\" data-end=\"2780\">&#8211; Le <em>bacaro<\/em> parfait pour un moment \u00e0 deux<\/p>\n<p class=\"\" style=\"text-align: left;\" data-start=\"2783\" data-end=\"2839\">&#8211; Le chemin le plus romantique pour rentrer \u00e0 pied le soir<\/p>\n<h2 class=\"\" style=\"text-align: left;\" data-start=\"2841\" data-end=\"2899\">Pourquoi nous recommandons cet h\u00f4tel aux jeunes couples<\/h2>\n<p class=\"\" style=\"text-align: left;\" data-start=\"2901\" data-end=\"3156\">&#8211; Pour vraiment entrer en contact avec Venise<br data-start=\"2944\" data-end=\"2947\" \/>&#8211; Pour \u00e9viter la foule tout en restant central<br data-start=\"2991\" data-end=\"2994\" \/>&#8211; Vivre la ville \u00e0 votre rythme, librement<br data-start=\"3039\" data-end=\"3042\" \/>&#8211; Pour un accueil sinc\u00e8re dans une <a href=\"https:\/\/hotelalleguglie.com\/fr\/chambres\/\">chambre<\/a> confortable<br data-start=\"3094\" data-end=\"3097\" \/>&#8211; Pour commencer et terminer chaque journ\u00e9e avec authenticit\u00e9<\/p>\n<p class=\"\" style=\"text-align: left;\" data-start=\"3158\" data-end=\"3311\">\u00c0 l\u2019<a href=\"https:\/\/hotelalleguglie.com\/fr\/\"><strong data-start=\"3162\" data-end=\"3183\">H\u00f4tel Alle Guglie<\/strong><\/a>, nous ne vous offrons pas qu\u2019un lit, mais <strong data-start=\"3226\" data-end=\"3310\">une autre fa\u00e7on de vivre Venise : plus vraie, plus personnelle, plus inoubliable<\/strong>.<\/p>\n<h3 class=\"\" data-start=\"3313\" data-end=\"3335\">\u00a0<\/h3>\n\n\n\n\n","protected":false},"excerpt":{"rendered":"<p>\u00c0 l\u2019H\u00f4tel Alle Guglie, d\u00e9couvrez la Venise des V\u00e9nitiens \u2013 vraie, intime et pleine de charme Venise, ce n\u2019est pas que les gondoles, les ruelles bond\u00e9es ou les itin\u00e9raires impos\u00e9s. Pour un couple, l\u2019exp\u00e9rience la plus pr\u00e9cieuse est de se sentir faire partie de la ville, de la vivre au rythme de ceux qui y [&hellip;]<\/p>\n","protected":false},"author":1,"featured_media":4697,"parent":3946,"menu_order":0,"comment_status":"closed","ping_status":"closed","template":"","meta":{"_acf_changed":false,"footnotes":""},"class_list":["post-4727","page","type-page","status-publish","has-post-thumbnail","hentry"],"acf":[],"_links":{"self":[{"href":"https:\/\/hotelalleguglie.com\/fr\/wp-json\/wp\/v2\/pages\/4727","targetHints":{"allow":["GET"]}}],"collection":[{"href":"https:\/\/hotelalleguglie.com\/fr\/wp-json\/wp\/v2\/pages"}],"about":[{"href":"https:\/\/hotelalleguglie.com\/fr\/wp-json\/wp\/v2\/types\/page"}],"author":[{"embeddable":true,"href":"https:\/\/hotelalleguglie.com\/fr\/wp-json\/wp\/v2\/users\/1"}],"replies":[{"embeddable":true,"href":"https:\/\/hotelalleguglie.com\/fr\/wp-json\/wp\/v2\/comments?post=4727"}],"version-history":[{"count":0,"href":"https:\/\/hotelalleguglie.com\/fr\/wp-json\/wp\/v2\/pages\/4727\/revisions"}],"up":[{"embeddable":true,"href":"https:\/\/hotelalleguglie.com\/fr\/wp-json\/wp\/v2\/pages\/3946"}],"wp:featuredmedia":[{"embeddable":true,"href":"https:\/\/hotelalleguglie.com\/fr\/wp-json\/wp\/v2\/media\/4697"}],"wp:attachment":[{"href":"https:\/\/hotelalleguglie.com\/fr\/wp-json\/wp\/v2\/media?parent=4727"}],"curies":[{"name":"wp","href":"https:\/\/api.w.org\/{rel}","templated":true}]}}