{"id":4664,"date":"2025-04-22T12:27:42","date_gmt":"2025-04-22T12:27:42","guid":{"rendered":"https:\/\/www.hotelalleguglie.com\/que-peut-faire-un-jeune-couple-pres-de-hotel-alle-guglie\/where-to-stay-in-venice-for-a-romantic-getaway-tips-for-young-couples\/"},"modified":"2025-05-14T11:52:00","modified_gmt":"2025-05-14T11:52:00","slug":"dormir-a-venise-pour-une-escapade-romantique-conseils-pour-jeunes-couples","status":"publish","type":"page","link":"https:\/\/hotelalleguglie.com\/fr\/que-peut-faire-un-jeune-couple-pres-de-hotel-alle-guglie\/dormir-a-venise-pour-une-escapade-romantique-conseils-pour-jeunes-couples\/","title":{"rendered":"Dormir \u00e0 Venise pour une escapade romantique?                       Conseils pour jeunes couples"},"content":{"rendered":"\n<h2 class=\"wp-block-heading has-text-align-left\">L\u2019H\u00f4tel Alle Guglie est le point de d\u00e9part id\u00e9al pour d\u00e9couvrir le visage le plus intime et authentique de la ville<\/h2>\n\n\n\n<p class=\"has-text-align-left\">Qu\u2019est-ce qui rend une escapade romantique \u00e0 Venise vraiment sp\u00e9ciale? La r\u00e9ponse est simple: <strong>le bon contexte<\/strong>. Un quartier \u00e0 taille humaine, une chambre agr\u00e9able, une ambiance vraie o\u00f9 la ville <strong>n\u2019est pas seulement un d\u00e9cor, mais une exp\u00e9rience \u00e0 vivre<\/strong>.<br>Pour un <strong>jeune couple de 25 \u00e0 50 ans<\/strong>, l\u2019essentiel n\u2019est pas une chambre \u201cde r\u00eave\u201d, mais <strong>une Venise v\u00e9cue dans la complicit\u00e9, la l\u00e9g\u00e8ret\u00e9 et l\u2019authenticit\u00e9<\/strong>.<\/p>\n\n\n\n<p class=\"has-text-align-left\">C\u2019est pourquoi s\u00e9journer \u00e0 l\u2019<strong>H\u00f4tel Alle Guglie<\/strong> peut \u00eatre la cl\u00e9 d\u2019un s\u00e9jour romantique, sans clich\u00e9s mais rempli d\u2019\u00e9motions sinc\u00e8res.<\/p>\n\n\n\n<h2 class=\"wp-block-heading has-text-align-left\">Un emplacement parfait pour fl\u00e2ner \u00e0 deux<\/h2>\n\n\n\n<p class=\"has-text-align-left\">L\u2019h\u00f4tel se situe dans le <strong>quartier de <em>Cannaregio<\/em><\/strong>, l\u2019un des plus vivants et charmants de Venise, <strong>pr\u00e8s de la gare mais loin de la foule<\/strong>.<br>En quelques pas, vous \u00eates d\u00e9j\u00e0 sur les <strong><em>Fondamenta degli Ormesini<\/em><\/strong> pour un ap\u00e9ritif au coucher du soleil, ou dans le <strong>Ghetto juif<\/strong> pour commencer la journ\u00e9e dans une ambiance unique.<br>Chaque coin de rue devient <strong>une occasion de marcher ensemble sans but pr\u00e9cis<\/strong>, de rire, de prendre un verre, de s\u2019arr\u00eater et de se regarder.<\/p>\n\n\n\n<h2 class=\"wp-block-heading has-text-align-left\">Des chambres chaleureuses et une atmosph\u00e8re intime<\/h2>\n\n\n\n<p class=\"has-text-align-left\">\u00c0 l\u2019<strong>H\u00f4tel Alle Guglie<\/strong>, les chambres sont <strong>soign\u00e9es, confortables et sans pr\u00e9tention<\/strong>: lits douillets, salles de bain modernes et d\u00e9tails bien pens\u00e9s.<br>C\u2019est un lieu o\u00f9 l\u2019on se sent bien, sans formalit\u00e9 \u2013 <strong>parfait pour se d\u00e9tendre, ouvrir la fen\u00eatre sur le canal ou partager une bouteille de vin \u00e0 deux<\/strong>.<\/p>\n\n\n\n<p class=\"has-text-align-left\">L\u2019id\u00e9al pour celles et ceux qui recherchent <strong>un cadre intime, calme et loin des grands h\u00f4tels impersonnels<\/strong>.<\/p>\n\n\n\n<h2 class=\"wp-block-heading has-text-align-left\">Tout \u00e0 port\u00e9e de main (sans stress)<\/h2>\n\n\n\n<p style=\"text-align: left;\"><strong data-start=\"2171\" data-end=\"2203\">&#8211; Un <a href=\"https:\/\/hotelalleguglie.com\/fr\/que-peut-faire-un-jeune-couple-pres-de-hotel-alle-guglie\/spritz-et-cicchetti-a-strada-nova\/\">spritz ou des cicchetti<\/a>?<\/strong> \u00c0 5 minutes des meilleurs bacari de <em>Cannaregio<\/em>.<\/p>\n<p class=\"\" style=\"text-align: left;\" data-start=\"2256\" data-end=\"2325\"><strong data-start=\"2256\" data-end=\"2286\">&#8211; <a href=\"https:\/\/hotelalleguglie.com\/fr\/que-peut-faire-un-jeune-couple-pres-de-hotel-alle-guglie\/soirees-a-venise-en-couple-idees-authentiques-et-spontanees\/\">Une promenade romantique<\/a>?<\/strong> Commencez par le Ponte delle Guglie.<\/p>\n<p class=\"\" style=\"text-align: left;\" data-start=\"2328\" data-end=\"2404\"><strong data-start=\"2328\" data-end=\"2350\">&#8211;<a href=\"https:\/\/hotelalleguglie.com\/fr\/que-peut-faire-un-jeune-couple-pres-de-hotel-alle-guglie\/diner-romantique-pour-jeunes-couples-a-venise\/\"> D\u00eener sp\u00e9cial<\/a>?<\/strong> Essayez l\u2019<em>Osteria ai Promessi Sposi<\/em> ou <em>Casa Bonita<\/em>.<\/p>\n<p class=\"\" style=\"text-align: left;\" data-start=\"2407\" data-end=\"2464\"><strong data-start=\"2407\" data-end=\"2433\">&#8211; <a href=\"https:\/\/hotelalleguglie.com\/fr\/que-peut-faire-un-jeune-couple-pres-de-hotel-alle-guglie\/musique-live-a-venise-une-soiree-parfaite-pour-deux\/\">Un concert en soir\u00e9e<\/a>?<\/strong> Direction Combo ou Fujiyama.<\/p>\n<p class=\"\" style=\"text-align: left;\" data-start=\"2467\" data-end=\"2544\"><strong data-start=\"2467\" data-end=\"2506\">&#8211; Un coucher de soleil sur le canal?<\/strong> Il vous attend, juste \u00e0 quelques pas.<\/p>\n<p style=\"text-align: left;\">Ici, <strong>pas besoin de planifier chaqe minute<\/strong>. Il suffit de sortir, tourner \u00e0 gauche ou \u00e0 droite et se laisser inspirer.<\/p>\n\n\n\n<h2 class=\"wp-block-heading has-text-align-left\">Pourquoi nous recommandons ce lieu aux jeunes couples<\/h2>\n\n\n\n<p class=\"has-text-align-left\">&#8211; Loin des clich\u00e9s touristiques<br>&#8211; Une ambiance locale, vraie, d\u00e9tendue<br>&#8211; Des <a href=\"https:\/\/hotelalleguglie.com\/fr\/chambres\/\">chambres<\/a> confortables et styl\u00e9es<br>&#8211; Tout est proche, sans circulation ni pression<br>&#8211; Parfait pour partager, d\u00e9couvrir, vivre \u00e0 deux<\/p>\n\n\n\n<p class=\"has-text-align-left\">\u00c0 l\u2019<strong><a href=\"https:\/\/hotelalleguglie.com\/fr\/\">H\u00f4tel Alle Guglie<\/a><\/strong>, nous pensons qu\u2019<strong>une escapade romantique n\u2019a pas besoin d\u2019\u00eatre parfaite \u2013 il suffit qu\u2019elle vous ressemble<\/strong>. Et Venise, quand on la vit ainsi, vous le rend toujours au centuple.<\/p>\n","protected":false},"excerpt":{"rendered":"<p>L\u2019H\u00f4tel Alle Guglie est le point de d\u00e9part id\u00e9al pour d\u00e9couvrir le visage le plus intime et authentique de la ville Qu\u2019est-ce qui rend une escapade romantique \u00e0 Venise vraiment sp\u00e9ciale? La r\u00e9ponse est simple: le bon contexte. Un quartier \u00e0 taille humaine, une chambre agr\u00e9able, une ambiance vraie o\u00f9 la ville n\u2019est pas seulement [&hellip;]<\/p>\n","protected":false},"author":1,"featured_media":4636,"parent":3946,"menu_order":0,"comment_status":"closed","ping_status":"closed","template":"","meta":{"_acf_changed":false,"footnotes":""},"class_list":["post-4664","page","type-page","status-publish","has-post-thumbnail","hentry"],"acf":[],"_links":{"self":[{"href":"https:\/\/hotelalleguglie.com\/fr\/wp-json\/wp\/v2\/pages\/4664","targetHints":{"allow":["GET"]}}],"collection":[{"href":"https:\/\/hotelalleguglie.com\/fr\/wp-json\/wp\/v2\/pages"}],"about":[{"href":"https:\/\/hotelalleguglie.com\/fr\/wp-json\/wp\/v2\/types\/page"}],"author":[{"embeddable":true,"href":"https:\/\/hotelalleguglie.com\/fr\/wp-json\/wp\/v2\/users\/1"}],"replies":[{"embeddable":true,"href":"https:\/\/hotelalleguglie.com\/fr\/wp-json\/wp\/v2\/comments?post=4664"}],"version-history":[{"count":0,"href":"https:\/\/hotelalleguglie.com\/fr\/wp-json\/wp\/v2\/pages\/4664\/revisions"}],"up":[{"embeddable":true,"href":"https:\/\/hotelalleguglie.com\/fr\/wp-json\/wp\/v2\/pages\/3946"}],"wp:featuredmedia":[{"embeddable":true,"href":"https:\/\/hotelalleguglie.com\/fr\/wp-json\/wp\/v2\/media\/4636"}],"wp:attachment":[{"href":"https:\/\/hotelalleguglie.com\/fr\/wp-json\/wp\/v2\/media?parent=4664"}],"curies":[{"name":"wp","href":"https:\/\/api.w.org\/{rel}","templated":true}]}}