{"id":4535,"date":"2025-04-22T09:37:20","date_gmt":"2025-04-22T09:37:20","guid":{"rendered":"https:\/\/www.hotelalleguglie.com\/que-peut-faire-un-jeune-couple-pres-de-hotel-alle-guglie\/weekend-a-venezia-per-coppie-giovani\/"},"modified":"2025-04-22T10:41:53","modified_gmt":"2025-04-22T10:41:53","slug":"un-week-end-a-venise-pour-jeunes-couples","status":"publish","type":"page","link":"https:\/\/hotelalleguglie.com\/fr\/que-peut-faire-un-jeune-couple-pres-de-hotel-alle-guglie\/un-week-end-a-venise-pour-jeunes-couples\/","title":{"rendered":"Un week-end \u00e0 Venise pour jeunes couples: art, saveurs et d\u00e9tente"},"content":{"rendered":"\n<h2 class=\"wp-block-heading has-text-align-left\">Un week-end \u00e0 Venise: un itin\u00e9raire authentique pour d\u00e9couvrir la ville en deux jours, sans se presser<\/h2>\n\n\n\n<p class=\"\" style=\"text-align: left;\" data-start=\"503\" data-end=\"831\">Venise est la destination id\u00e9ale pour un week-end en amoureux. Sa taille humaine, son atmosph\u00e8re romantique et son rythme paisible en font <strong data-start=\"642\" data-end=\"734\">le lieu parfait pour m\u00ealer culture, gastronomie locale, balades lentes et moments \u00e0 deux<\/strong>.<br data-start=\"735\" data-end=\"738\" \/>Et avec l\u2019<strong data-start=\"748\" data-end=\"769\">H\u00f4tel Alle Guglie<\/strong> comme point de d\u00e9part, chaque quartier est accessible \u00e0 pied.<\/p>\n<p class=\"\" style=\"text-align: left;\" data-start=\"833\" data-end=\"973\">Voici un itin\u00e9raire con\u00e7u pour <strong data-start=\"864\" data-end=\"912\">vivre deux journ\u00e9es pleines mais sans stress<\/strong>, avec de la libert\u00e9, de l\u2019impr\u00e9vu et des \u00e9motions partag\u00e9es.<\/p>\n<h2 class=\"\" style=\"text-align: left;\" data-start=\"975\" data-end=\"1030\">Un week-end \u00e0 Venise: Jour 1 \u2013 Cannaregio, Ghetto, fondamenta et cicchetti<\/h2>\n<p class=\"\" style=\"text-align: left;\" data-start=\"1032\" data-end=\"1293\"><strong data-start=\"1032\" data-end=\"1043\">Matin\u00e9e<\/strong><br data-start=\"1043\" data-end=\"1046\" \/>Commencez par un petit-d\u00e9jeuner \u00e0 la <strong data-start=\"1083\" data-end=\"1110\">Torrefazione Cannaregio<\/strong> ou \u00e0 la <strong data-start=\"1119\" data-end=\"1142\">Pasticceria Pitteri<\/strong>. Ensuite, visitez le <a href=\"https:\/\/hotelalleguglie.com\/fr\/que-peut-faire-un-jeune-couple-pres-de-hotel-alle-guglie\/ghetto-juif\/\"><strong data-start=\"1164\" data-end=\"1179\">Ghetto juif<\/strong><\/a> avec ses synagogues, ses cours silencieuses et son mus\u00e9e.<br data-start=\"1237\" data-end=\"1240\" \/>Un lieu fort pour d\u00e9marrer le week-end avec s\u00e9r\u00e9nit\u00e9.<\/p>\n<p class=\"\" style=\"text-align: left;\" data-start=\"1295\" data-end=\"1472\"><strong data-start=\"1295\" data-end=\"1313\">D\u00e9jeuner l\u00e9ger<\/strong><br data-start=\"1313\" data-end=\"1316\" \/>Arr\u00eatez-vous dans un <em>bacaro<\/em> comme <strong data-start=\"1350\" data-end=\"1365\">Alla Vedova<\/strong> pour go\u00fbter les c\u00e9l\u00e8bres boulettes v\u00e9nitiennes, ou partagez un plat simple dans un bistrot de <em>Strada Nova<\/em>.<\/p>\n<p class=\"\" style=\"text-align: left;\" data-start=\"1474\" data-end=\"1714\"><strong data-start=\"1474\" data-end=\"1488\">Apr\u00e8s-midi<\/strong><br data-start=\"1488\" data-end=\"1491\" \/>Fl\u00e2nez le long des <em><strong data-start=\"1510\" data-end=\"1539\">Fondamenta degli Ormesini<\/strong><\/em> et de la <em><a href=\"https:\/\/hotelalleguglie.com\/fr\/que-peut-faire-un-jeune-couple-pres-de-hotel-alle-guglie\/fondamenta-della-misericordia\/\"><strong data-start=\"1549\" data-end=\"1565\">Misericordia<\/strong><\/a><\/em>, deux des zones les plus authentiques de Venise.<br data-start=\"1614\" data-end=\"1617\" \/>Entre ateliers, librairies et canaux tranquilles, vous d\u00e9couvrirez une autre facette de la ville.<\/p>\n<p class=\"\" style=\"text-align: left;\" data-start=\"1716\" data-end=\"1921\"><strong data-start=\"1716\" data-end=\"1737\">Ap\u00e9ritif et d\u00eener<\/strong><br data-start=\"1737\" data-end=\"1740\" \/><a href=\"https:\/\/hotelalleguglie.com\/fr\/que-peut-faire-un-jeune-couple-pres-de-hotel-alle-guglie\/spritz-et-cicchetti-a-strada-nova\/\">Spritz et cicchetti<\/a> chez <strong data-start=\"1765\" data-end=\"1777\">Al Timon<\/strong> ou <strong data-start=\"1781\" data-end=\"1801\">Paradiso Perduto<\/strong>.<br data-start=\"1802\" data-end=\"1805\" \/>Pour le d\u00eener, direction <em><strong data-start=\"1830\" data-end=\"1859\">Osteria ai Promessi Sposi<\/strong><\/em>: plats traditionnels revisit\u00e9s, cadre chaleureux et d\u00e9tendu.<\/p>\n<p class=\"\" style=\"text-align: left;\" data-start=\"1923\" data-end=\"2053\"><strong data-start=\"1923\" data-end=\"1933\">Soir\u00e9e<\/strong><br data-start=\"1933\" data-end=\"1936\" \/>Promenade <a href=\"https:\/\/hotelalleguglie.com\/fr\/que-peut-faire-un-jeune-couple-pres-de-hotel-alle-guglie\/soirees-a-venise-en-couple-idees-authentiques-et-spontanees\/\">nocturne<\/a> au bord de l\u2019eau, ou verre de vin chez <strong data-start=\"1994\" data-end=\"2007\">Vino Vero<\/strong>, ambiance tamis\u00e9e et tables au bord du canal.<\/p>\n<h2 class=\"\" style=\"text-align: left;\" data-start=\"2055\" data-end=\"2101\">Jour 2 \u2013 Art, reflets et instants suspendus<\/h2>\n<p class=\"\" style=\"text-align: left;\" data-start=\"2103\" data-end=\"2364\"><strong data-start=\"2103\" data-end=\"2114\">Matin\u00e9e<\/strong><br data-start=\"2114\" data-end=\"2117\" \/>Prenez le vaporetto pour traverser le Grand Canal et explorez <em><strong data-start=\"2179\" data-end=\"2192\">Dorsoduro<\/strong><\/em>. Visitez les <em><strong data-start=\"2206\" data-end=\"2233\">Gallerie dell\u2019Accademia<\/strong><\/em> ou la <strong data-start=\"2240\" data-end=\"2271\">Collection Peggy Guggenheim<\/strong>, selon vos go\u00fbts.<br data-start=\"2289\" data-end=\"2292\" \/>Puis admirez la vue depuis le <strong data-start=\"2322\" data-end=\"2345\">pont de l\u2019Accademia<\/strong>, sublime le matin.<\/p>\n<p class=\"\" style=\"text-align: left;\" data-start=\"2366\" data-end=\"2521\"><strong data-start=\"2366\" data-end=\"2378\">D\u00e9jeuner<\/strong><br data-start=\"2378\" data-end=\"2381\" \/>Optez pour <strong data-start=\"2392\" data-end=\"2407\">Casa Bonita<\/strong> et sa cuisine cr\u00e9ative et \u00e9l\u00e9gante, ou pour une alternative plus simple mais tout aussi soign\u00e9e dans le quartier.<\/p>\n<p class=\"\" style=\"text-align: left;\" data-start=\"2523\" data-end=\"2780\"><strong data-start=\"2523\" data-end=\"2537\">Apr\u00e8s-midi<\/strong><br data-start=\"2537\" data-end=\"2540\" \/>Essayez une balade en <strong data-start=\"2562\" data-end=\"2578\"><a href=\"https:\/\/hotelalleguglie.com\/fr\/que-peut-faire-un-jeune-couple-pres-de-hotel-alle-guglie\/venise-en-kayak\/\">kayak<\/a> en duo<\/strong> sur les canaux de <em>Cannaregio<\/em> \u2013 d\u00e9part pr\u00e8s de l\u2019h\u00f4tel. Une activit\u00e9 originale, dynamique et symbolique.<br data-start=\"2682\" data-end=\"2685\" \/>Sinon, d\u00e9couvrez les ateliers d\u2019artisans ou les galeries du quartier, avec une glace \u00e0 la main.<\/p>\n<p class=\"\" style=\"text-align: left;\" data-start=\"2782\" data-end=\"2999\"><strong data-start=\"2782\" data-end=\"2810\">D\u00eener et derni\u00e8re soir\u00e9e<\/strong><br data-start=\"2810\" data-end=\"2813\" \/>D\u00eener \u00e0 l\u2019<em><strong data-start=\"2823\" data-end=\"2846\">Osteria alla Frasca<\/strong><\/em>: une belle adresse pour conclure en douceur.<br data-start=\"2892\" data-end=\"2895\" \/>Puis <a href=\"https:\/\/hotelalleguglie.com\/fr\/que-peut-faire-un-jeune-couple-pres-de-hotel-alle-guglie\/musique-live-a-venise-une-soiree-parfaite-pour-deux\/\">concert live<\/a> au <strong data-start=\"2916\" data-end=\"2938\">Fujiyama Jazz Club<\/strong> ou \u00e0 <strong data-start=\"2944\" data-end=\"2953\">Combo<\/strong>, pour finir le s\u00e9jour en musique et en style.<\/p>\n<p class=\"\" style=\"text-align: left;\" data-start=\"3300\" data-end=\"3491\">\u00c0 l\u2019<a href=\"https:\/\/hotelalleguglie.com\/fr\/\"><strong data-start=\"3304\" data-end=\"3325\">H\u00f4tel Alle Guglie<\/strong><\/a>, nous aimons conseiller des exp\u00e9riences qui ont une \u00e2me. Ce week-end est pens\u00e9 pour ceux qui veulent <strong data-start=\"3427\" data-end=\"3490\">ralentir et se retrouver, dans la plus belle ville du monde<\/strong>.<\/p>\n","protected":false},"excerpt":{"rendered":"<p>Un week-end \u00e0 Venise: un itin\u00e9raire authentique pour d\u00e9couvrir la ville en deux jours, sans se presser Venise est la destination id\u00e9ale pour un week-end en amoureux. Sa taille humaine, son atmosph\u00e8re romantique et son rythme paisible en font le lieu parfait pour m\u00ealer culture, gastronomie locale, balades lentes et moments \u00e0 deux.Et avec l\u2019H\u00f4tel [&hellip;]<\/p>\n","protected":false},"author":1,"featured_media":4505,"parent":3946,"menu_order":0,"comment_status":"closed","ping_status":"closed","template":"","meta":{"_acf_changed":false,"footnotes":""},"class_list":["post-4535","page","type-page","status-publish","has-post-thumbnail","hentry"],"acf":[],"_links":{"self":[{"href":"https:\/\/hotelalleguglie.com\/fr\/wp-json\/wp\/v2\/pages\/4535","targetHints":{"allow":["GET"]}}],"collection":[{"href":"https:\/\/hotelalleguglie.com\/fr\/wp-json\/wp\/v2\/pages"}],"about":[{"href":"https:\/\/hotelalleguglie.com\/fr\/wp-json\/wp\/v2\/types\/page"}],"author":[{"embeddable":true,"href":"https:\/\/hotelalleguglie.com\/fr\/wp-json\/wp\/v2\/users\/1"}],"replies":[{"embeddable":true,"href":"https:\/\/hotelalleguglie.com\/fr\/wp-json\/wp\/v2\/comments?post=4535"}],"version-history":[{"count":0,"href":"https:\/\/hotelalleguglie.com\/fr\/wp-json\/wp\/v2\/pages\/4535\/revisions"}],"up":[{"embeddable":true,"href":"https:\/\/hotelalleguglie.com\/fr\/wp-json\/wp\/v2\/pages\/3946"}],"wp:featuredmedia":[{"embeddable":true,"href":"https:\/\/hotelalleguglie.com\/fr\/wp-json\/wp\/v2\/media\/4505"}],"wp:attachment":[{"href":"https:\/\/hotelalleguglie.com\/fr\/wp-json\/wp\/v2\/media?parent=4535"}],"curies":[{"name":"wp","href":"https:\/\/api.w.org\/{rel}","templated":true}]}}