{"id":4358,"date":"2025-04-18T12:24:11","date_gmt":"2025-04-18T12:24:11","guid":{"rendered":"https:\/\/www.hotelalleguglie.com\/que-peut-faire-un-jeune-couple-pres-de-hotel-alle-guglie\/romantic-dinner-for-young-couples-in-venice\/"},"modified":"2025-05-14T10:34:59","modified_gmt":"2025-05-14T10:34:59","slug":"diner-romantique-pour-jeunes-couples-a-venise","status":"publish","type":"page","link":"https:\/\/hotelalleguglie.com\/fr\/que-peut-faire-un-jeune-couple-pres-de-hotel-alle-guglie\/diner-romantique-pour-jeunes-couples-a-venise\/","title":{"rendered":"D\u00eener romantique pour jeunes couples \u00e0 Venise: o\u00f9 aller?"},"content":{"rendered":"\n<h2 class=\"wp-block-heading has-text-align-left\">D\u00eener romantique: restaurants authentiques, intimes et pleins de charme \u00e0 deux pas de l\u2019H\u00f4tel Alle Guglie<\/h2>\n\n\n\n<p class=\"\" style=\"text-align: left;\" data-start=\"514\" data-end=\"916\">Venise est une ville \u00e0 savourer, et le faire \u00e0 deux la rend encore plus magique. Pour un <strong data-start=\"603\" data-end=\"633\">jeune couple d\u2019aujourd\u2019hui<\/strong>, sortir d\u00eener, c\u2019est partager un <strong>moment d\u2019intimit\u00e9<\/strong>, de <strong>plaisir <\/strong>et de<strong> d\u00e9couverte<\/strong>.<br data-start=\"714\" data-end=\"717\" \/>Nul besoin d\u2019un restaurant \u00e9toil\u00e9 ou d\u2019une table sur la place Saint-Marc: bien souvent, <strong data-start=\"806\" data-end=\"880\">les lieux les plus romantiques et sinc\u00e8res se cachent dans les ruelles<\/strong>, l\u00e0 o\u00f9 mangent les vrais V\u00e9nitiens.<\/p>\n<p class=\"\" style=\"text-align: left;\" data-start=\"918\" data-end=\"1078\">\u00c0 l\u2019<strong data-start=\"922\" data-end=\"943\">H\u00f4tel Alle Guglie<\/strong>, nous vous recommandons des adresses qui allient <strong data-start=\"993\" data-end=\"1027\">qualit\u00e9, atmosph\u00e8re et accueil<\/strong>, parfaites pour un d\u00eener \u00e9l\u00e9gant mais d\u00e9contract\u00e9.<\/p>\n<h2 class=\"\" style=\"text-align: left;\" data-start=\"1080\" data-end=\"1136\">D\u00eener romantique: Osteria alla Frasca \u2013 Tradition simple et authentique<\/h2>\n<p class=\"\" style=\"text-align: left;\" data-start=\"1138\" data-end=\"1486\">\u00c0 quelques minutes de l\u2019h\u00f4tel, cette petite osteria est une p\u00e9pite pour les amateurs de <strong data-start=\"1226\" data-end=\"1270\">cuisine v\u00e9nitienne sinc\u00e8re et savoureuse<\/strong>.<br data-start=\"1271\" data-end=\"1274\" \/>Les plats de poisson varient selon le march\u00e9, le service est chaleureux, et l\u2019ambiance est intime, douce et locale. C\u2019est l\u2019endroit id\u00e9al pour <strong data-start=\"1417\" data-end=\"1485\">un d\u00eener tranquille, dans une atmosph\u00e8re vraie et sans artifices<\/strong>.<\/p>\n<p class=\"\" style=\"text-align: left;\" data-start=\"1488\" data-end=\"1552\">Parfait pour se sentir comme \u00e0 la maison, m\u00eame loin de chez soi.<\/p>\n<h2 class=\"\" style=\"text-align: left;\" data-start=\"1554\" data-end=\"1621\">Osteria ai Promessi Sposi \u2013 Cuisine traditionnelle avec \u00e9l\u00e9gance<\/h2>\n<p class=\"\" style=\"text-align: left;\" data-start=\"1623\" data-end=\"1926\">Nich\u00e9e dans les ruelles de <em>Cannaregio<\/em>, cette osteria est appr\u00e9ci\u00e9e des V\u00e9nitiens comme des visiteurs avertis.<br data-start=\"1732\" data-end=\"1735\" \/>La carte revisite les classiques avec subtilit\u00e9: <em>sardine en saor<\/em> l\u00e9g\u00e8res, <em>risotto<\/em> fondants, boulettes artisanales. La s\u00e9lection de vins est soign\u00e9e, l\u2019ambiance intimiste sans \u00eatre guind\u00e9e.<\/p>\n<p class=\"\" style=\"text-align: left;\" data-start=\"1928\" data-end=\"2033\">C\u2019est l\u2019adresse id\u00e9ale pour <strong data-start=\"1956\" data-end=\"1995\">une soir\u00e9e \u00e9l\u00e9gante mais sans exc\u00e8s<\/strong>, avec un service attentif et d\u00e9tendu.<\/p>\n<h2 class=\"\" style=\"text-align: left;\" data-start=\"2035\" data-end=\"2106\">Ristorante Casa Bonita \u2013 Design, lumi\u00e8re tamis\u00e9e et cuisine cr\u00e9ative<\/h2>\n<p class=\"\" style=\"text-align: left;\" data-start=\"2108\" data-end=\"2405\">Pour ceux qui cherchent une touche de modernit\u00e9, <em><strong data-start=\"2157\" data-end=\"2172\">Casa Bonita<\/strong><\/em> est l\u2019adresse id\u00e9ale. D\u00e9co \u00e9pur\u00e9e, cuisine m\u00e9diterran\u00e9enne cr\u00e9ative, assiettes soign\u00e9es, ambiance chaleureuse.<br data-start=\"2283\" data-end=\"2286\" \/>L\u2019espace est intime mais vivant, les tables bien espac\u00e9es, l\u2019\u00e9clairage pens\u00e9 pour favoriser l\u2019\u00e9change et la complicit\u00e9.<\/p>\n<p class=\"\" style=\"text-align: left;\" data-start=\"2407\" data-end=\"2536\">Un lieu parfait pour <strong data-start=\"2428\" data-end=\"2483\">partager une soir\u00e9e de style, de go\u00fbt et de douceur<\/strong>, autour d\u2019un menu de saison et d\u2019un service discret.<\/p>\n<h2 class=\"\" style=\"text-align: left;\" data-start=\"2538\" data-end=\"2574\">Comment choisir le bon restaurant<\/h2>\n<p class=\"\" style=\"text-align: left;\" data-start=\"2576\" data-end=\"2949\">Les trois restaurants sont facilement accessibles \u00e0 pied depuis l\u2019<strong data-start=\"2642\" data-end=\"2663\">H\u00f4tel Alle Guglie<\/strong>.<br data-start=\"2664\" data-end=\"2667\" \/>Notre conseil: <strong data-start=\"2683\" data-end=\"2731\">r\u00e9fl\u00e9chissez \u00e0 l\u2019ambiance que vous souhaitez<\/strong> \u2013 plus traditionnelle, plus romantique, ou plus contemporaine.<br data-start=\"2794\" data-end=\"2797\" \/>\u00c0 la r\u00e9ception, nous serons ravis de <strong data-start=\"2834\" data-end=\"2898\">v\u00e9rifier les disponibilit\u00e9s, faire une r\u00e9servation pour vous<\/strong>, vous sugg\u00e9rer un plat ou un vin \u00e0 ne pas manquer.<\/p>\n<p class=\"\" style=\"text-align: left;\" data-start=\"2951\" data-end=\"3074\">Et pour finir la soir\u00e9e avec un verre, nous vous indiquerons les meilleurs bars \u00e0 cocktails ou bacari \u00e9clair\u00e9s \u00e0 la bougie.<\/p>\n<h2 class=\"\" style=\"text-align: left;\" data-start=\"3076\" data-end=\"3092\">Quand y aller<\/h2>\n<p class=\"\" style=\"text-align: left;\" data-start=\"3094\" data-end=\"3330\">Pensez \u00e0 r\u00e9server, surtout le week-end.<br data-start=\"3133\" data-end=\"3136\" \/>Pour une ambiance calme, optez pour <strong data-start=\"3172\" data-end=\"3195\">le service de 19h00<\/strong>: plus intime, plus lumineux, moins de bruit.<br data-start=\"3241\" data-end=\"3244\" \/>Pour une atmosph\u00e8re plus anim\u00e9e, choisissez <strong data-start=\"3288\" data-end=\"3303\">apr\u00e8s 20h30<\/strong>, quand la ville se d\u00e9tend.<\/p>\n<p style=\"text-align: left;\" data-start=\"3332\" data-end=\"3393\">\u00c0 l\u2019<a href=\"https:\/\/hotelalleguglie.com\/fr\/\"><strong data-start=\"3622\" data-end=\"3643\">H\u00f4tel Alle Guglie<\/strong><\/a>, nous pensons qu\u2019un d\u00eener est bien plus qu\u2019un repas: c\u2019est <strong data-start=\"3704\" data-end=\"3771\">un moment pour se retrouver, se parler, rire et savourer la vie<\/strong>. Ces restaurants sont le reflet de notre vision de l\u2019accueil: <strong data-start=\"3835\" data-end=\"3881\">authenticit\u00e9, qualit\u00e9 et beaut\u00e9 \u00e0 partager<\/strong>.<\/p>\n","protected":false},"excerpt":{"rendered":"<p>D\u00eener romantique: restaurants authentiques, intimes et pleins de charme \u00e0 deux pas de l\u2019H\u00f4tel Alle Guglie Venise est une ville \u00e0 savourer, et le faire \u00e0 deux la rend encore plus magique. Pour un jeune couple d\u2019aujourd\u2019hui, sortir d\u00eener, c\u2019est partager un moment d\u2019intimit\u00e9, de plaisir et de d\u00e9couverte.Nul besoin d\u2019un restaurant \u00e9toil\u00e9 ou d\u2019une [&hellip;]<\/p>\n","protected":false},"author":1,"featured_media":4330,"parent":3946,"menu_order":0,"comment_status":"closed","ping_status":"closed","template":"","meta":{"_acf_changed":false,"footnotes":""},"class_list":["post-4358","page","type-page","status-publish","has-post-thumbnail","hentry"],"acf":[],"_links":{"self":[{"href":"https:\/\/hotelalleguglie.com\/fr\/wp-json\/wp\/v2\/pages\/4358","targetHints":{"allow":["GET"]}}],"collection":[{"href":"https:\/\/hotelalleguglie.com\/fr\/wp-json\/wp\/v2\/pages"}],"about":[{"href":"https:\/\/hotelalleguglie.com\/fr\/wp-json\/wp\/v2\/types\/page"}],"author":[{"embeddable":true,"href":"https:\/\/hotelalleguglie.com\/fr\/wp-json\/wp\/v2\/users\/1"}],"replies":[{"embeddable":true,"href":"https:\/\/hotelalleguglie.com\/fr\/wp-json\/wp\/v2\/comments?post=4358"}],"version-history":[{"count":0,"href":"https:\/\/hotelalleguglie.com\/fr\/wp-json\/wp\/v2\/pages\/4358\/revisions"}],"up":[{"embeddable":true,"href":"https:\/\/hotelalleguglie.com\/fr\/wp-json\/wp\/v2\/pages\/3946"}],"wp:featuredmedia":[{"embeddable":true,"href":"https:\/\/hotelalleguglie.com\/fr\/wp-json\/wp\/v2\/media\/4330"}],"wp:attachment":[{"href":"https:\/\/hotelalleguglie.com\/fr\/wp-json\/wp\/v2\/media?parent=4358"}],"curies":[{"name":"wp","href":"https:\/\/api.w.org\/{rel}","templated":true}]}}