{"id":4295,"date":"2025-04-18T10:26:39","date_gmt":"2025-04-18T10:26:39","guid":{"rendered":"https:\/\/www.hotelalleguglie.com\/que-peut-faire-un-jeune-couple-pres-de-hotel-alle-guglie\/venice-by-kayak\/"},"modified":"2025-04-18T13:24:48","modified_gmt":"2025-04-18T13:24:48","slug":"venise-en-kayak","status":"publish","type":"page","link":"https:\/\/hotelalleguglie.com\/fr\/que-peut-faire-un-jeune-couple-pres-de-hotel-alle-guglie\/venise-en-kayak\/","title":{"rendered":"Venise en kayak: une aventure romantique \u00e0 deux sur les canaux"},"content":{"rendered":"\n<h2 class=\"wp-block-heading has-text-align-left\">Une mani\u00e8re intime et surprenante de d\u00e9couvrir la ville depuis l\u2019eau<\/h2>\n\n\n\n<p class=\"\" style=\"text-align: left;\" data-start=\"449\" data-end=\"847\">Si vous cherchez une exp\u00e9rience originale et inoubliable \u00e0 vivre \u00e0 deux \u2013 loin des foules et des itin\u00e9raires classiques \u2013 <strong data-start=\"572\" data-end=\"604\">une sortie en kayak \u00e0 Venise<\/strong> restera grav\u00e9e dans votre m\u00e9moire.<br data-start=\"639\" data-end=\"642\" \/>Peu de choses rapprochent autant que <strong data-start=\"679\" data-end=\"714\">pagayer ensemble sur les canaux<\/strong>, en silence, en glissant entre les palais centenaires, sous les ponts cach\u00e9s, au fil des ruelles d\u2019eau connues seulement des locaux.<\/p>\n<p class=\"\" style=\"text-align: left;\" data-start=\"849\" data-end=\"1051\">Pour un <strong data-start=\"857\" data-end=\"890\">jeune couple actif et curieux<\/strong>, c\u2019est l\u2019activit\u00e9 id\u00e9ale: sportive mais douce, ludique et romantique, unique mais accessible. Et surtout, <strong data-start=\"998\" data-end=\"1050\">un regard nouveau et profond sur la <a href=\"https:\/\/hotelalleguglie.com\/live-venice\/\">vraie<\/a> Venise<\/strong>.<\/p>\n<h2 class=\"\" style=\"text-align: left;\" data-start=\"1053\" data-end=\"1103\">Pourquoi choisir le kayak plut\u00f4t que la gondole<\/h2>\n<p class=\"\" style=\"text-align: left;\" data-start=\"1105\" data-end=\"1434\">La gondole est iconique, certes. Mais le kayak, c\u2019est la participation, le mouvement, l\u2019immersion. Il vous permet de <strong data-start=\"1222\" data-end=\"1250\">faire partie de la ville<\/strong>, et non d\u2019en \u00eatre simples spectateurs.<br data-start=\"1289\" data-end=\"1292\" \/>C\u2019est une fa\u00e7on durable, silencieuse et respectueuse de la lagune. Et cela vous donne acc\u00e8s \u00e0 des zones inaccessibles aux bateaux plus grands.<\/p>\n<p class=\"\" style=\"text-align: left;\" data-start=\"1436\" data-end=\"1587\">Surtout, c\u2019est <strong data-start=\"1451\" data-end=\"1482\">une activit\u00e9 \u00e0 vivre en duo<\/strong> \u2013 c\u00f4te \u00e0 c\u00f4te, en synchronisant vos gestes, en explorant ensemble. Une belle m\u00e9taphore du voyage \u00e0 deux.<\/p>\n<h2 class=\"\" style=\"text-align: left;\" data-start=\"1589\" data-end=\"1642\">Venise en kayak: d\u2019o\u00f9 partent les excursions et comment \u00e7a se passe<\/h2>\n<p class=\"\" style=\"text-align: left;\" data-start=\"1644\" data-end=\"1924\">La majorit\u00e9 des circuits en kayak partent directement de <em><strong data-start=\"1701\" data-end=\"1715\">Cannaregio<\/strong><\/em>, donc <strong data-start=\"1722\" data-end=\"1774\">\u00e0 quelques minutes \u00e0 pied de l\u2019H\u00f4tel Alle Guglie<\/strong>. Plusieurs structures locales proposent des balades de jour ou au coucher du soleil, toujours encadr\u00e9es par des guides passionn\u00e9s, souvent v\u00e9nitiens.<\/p>\n<p class=\"\" style=\"text-align: left;\" data-start=\"1926\" data-end=\"1991\">Les tours classiques durent entre <strong data-start=\"1960\" data-end=\"1974\">1h30 et 2h<\/strong> et comprennent:<\/p>\n<p class=\"\" style=\"text-align: left;\" data-start=\"1995\" data-end=\"2069\">&#8211; <strong>Une initiation rapide \u00e0 la technique de base<\/strong> (aucune exp\u00e9rience requise)<\/p>\n<p class=\"\" style=\"text-align: left;\" data-start=\"2072\" data-end=\"2119\">&#8211; <strong>Kayak biplace et tout l\u2019\u00e9quipement n\u00e9cessaire<\/strong><\/p>\n<p class=\"\" style=\"text-align: left;\" data-start=\"2122\" data-end=\"2185\">&#8211; <strong>Parcours dans les petits canaux, endroits cach\u00e9s et panoramas<\/strong><\/p>\n<p class=\"\" style=\"text-align: left;\" data-start=\"2188\" data-end=\"2241\">&#8211; <strong>Pauses pour d\u00e9couvrir l\u2019histoire et la vie v\u00e9nitienne<\/strong><\/p>\n<p class=\"\" style=\"text-align: left;\" data-start=\"2243\" data-end=\"2384\">Les groupes sont <strong data-start=\"2260\" data-end=\"2270\">petits<\/strong>, pour plus de calme et de s\u00e9curit\u00e9. Des balades priv\u00e9es sont aussi propos\u00e9es, id\u00e9ales pour une occasion sp\u00e9ciale.<\/p>\n<h2 class=\"\" style=\"text-align: left;\" data-start=\"2386\" data-end=\"2420\">Quand faire une sortie en kayak<\/h2>\n<p class=\"\" style=\"text-align: left;\" data-start=\"2422\" data-end=\"2709\">Le printemps, l\u2019\u00e9t\u00e9 et le d\u00e9but de l\u2019automne sont parfaits, mais <strong data-start=\"2487\" data-end=\"2549\">m\u00eame l\u2019hiver (au soleil) peut offrir des instants magiques<\/strong>.<br data-start=\"2550\" data-end=\"2553\" \/>Les sorties au <strong data-start=\"2568\" data-end=\"2600\">coucher du soleil ou de nuit<\/strong> sont les plus spectaculaires: <strong data-start=\"2632\" data-end=\"2708\">lumi\u00e8re dor\u00e9e, reflets sur l\u2019eau, silence \u00e9tonnant d\u2019une Venise nocturne<\/strong>.<\/p>\n<p class=\"\" style=\"text-align: left;\" data-start=\"2711\" data-end=\"2793\">Il est conseill\u00e9 de r\u00e9server \u00e0 l\u2019avance, surtout le week-end ou pendant les f\u00eates.<\/p>\n<h2 class=\"\" style=\"text-align: left;\" data-start=\"2795\" data-end=\"2818\">Que faut-il apporter<\/h2>\n<p class=\"\" style=\"text-align: left;\" data-start=\"2820\" data-end=\"2837\">Peu de choses:<\/p>\n<p class=\"\" style=\"text-align: left;\" data-start=\"2840\" data-end=\"2907\">&#8211; <strong>Des v\u00eatements confortables<\/strong> (qui peuvent \u00eatre l\u00e9g\u00e8rement mouill\u00e9s)<\/p>\n<p class=\"\" style=\"text-align: left;\" data-start=\"2910\" data-end=\"2934\">&#8211; <strong>Des chaussures ferm\u00e9es<\/strong><\/p>\n<p class=\"\" style=\"text-align: left;\" data-start=\"2937\" data-end=\"2965\">&#8211; <strong>Une petite bouteille d\u2019eau<\/strong><\/p>\n<p class=\"\" style=\"text-align: left;\" data-start=\"2968\" data-end=\"3008\">&#8211; <strong>L\u2019envie de d\u00e9couvrir et de s\u2019\u00e9merveiller<\/strong><\/p>\n<p class=\"\" style=\"text-align: left;\" data-start=\"3010\" data-end=\"3077\">Tout le reste (kayak, pagaie, gilet) est fourni par l\u2019organisateur.<\/p>\n<h2 class=\"\" style=\"text-align: left;\" data-start=\"3079\" data-end=\"3098\">Comment r\u00e9server<\/h2>\n<p class=\"\" style=\"text-align: left;\" data-start=\"3100\" data-end=\"3342\">Notre \u00e9quipe \u00e0 la r\u00e9ception de l\u2019<strong data-start=\"3133\" data-end=\"3154\">H\u00f4tel Alle Guglie<\/strong> se fera un plaisir de vous orienter vers les meilleurs prestataires locaux, de v\u00e9rifier la m\u00e9t\u00e9o et les disponibilit\u00e9s, et de <strong data-start=\"3281\" data-end=\"3341\">r\u00e9server pour vous l\u2019exp\u00e9rience qui vous inspire le plus<\/strong>.<\/p>\n<p class=\"\" style=\"text-align: left;\" data-start=\"3344\" data-end=\"3514\">Nous pourrons aussi vous conseiller une organisation parfaite de la journ\u00e9e: petit-d\u00e9jeuner tranquille, visite du <a href=\"https:\/\/hotelalleguglie.com\/fr\/que-peut-faire-un-jeune-couple-pres-de-hotel-alle-guglie\/ghetto-juif\/\">Ghetto juif<\/a>, balade en kayak, et ap\u00e9ritif aux Ormesini.<\/p>\n<p style=\"text-align: left;\" data-start=\"3516\" data-end=\"3567\">En s\u00e9journant \u00e0 l\u2019<a href=\"https:\/\/hotelalleguglie.com\/fr\/\"><strong data-start=\"3759\" data-end=\"3780\">H\u00f4tel Alle Guglie<\/strong><\/a>, chaque jour peut offrir une nouvelle perspective sur la ville. <strong data-start=\"3845\" data-end=\"3921\">Le kayak est une de ces exp\u00e9riences rares, surprenantes et inoubliables.<\/strong><\/p>\n\n\n","protected":false},"excerpt":{"rendered":"<p>Une mani\u00e8re intime et surprenante de d\u00e9couvrir la ville depuis l\u2019eau Si vous cherchez une exp\u00e9rience originale et inoubliable \u00e0 vivre \u00e0 deux \u2013 loin des foules et des itin\u00e9raires classiques \u2013 une sortie en kayak \u00e0 Venise restera grav\u00e9e dans votre m\u00e9moire.Peu de choses rapprochent autant que pagayer ensemble sur les canaux, en silence, [&hellip;]<\/p>\n","protected":false},"author":1,"featured_media":4264,"parent":3946,"menu_order":0,"comment_status":"closed","ping_status":"closed","template":"","meta":{"_acf_changed":false,"footnotes":""},"class_list":["post-4295","page","type-page","status-publish","has-post-thumbnail","hentry"],"acf":[],"_links":{"self":[{"href":"https:\/\/hotelalleguglie.com\/fr\/wp-json\/wp\/v2\/pages\/4295","targetHints":{"allow":["GET"]}}],"collection":[{"href":"https:\/\/hotelalleguglie.com\/fr\/wp-json\/wp\/v2\/pages"}],"about":[{"href":"https:\/\/hotelalleguglie.com\/fr\/wp-json\/wp\/v2\/types\/page"}],"author":[{"embeddable":true,"href":"https:\/\/hotelalleguglie.com\/fr\/wp-json\/wp\/v2\/users\/1"}],"replies":[{"embeddable":true,"href":"https:\/\/hotelalleguglie.com\/fr\/wp-json\/wp\/v2\/comments?post=4295"}],"version-history":[{"count":0,"href":"https:\/\/hotelalleguglie.com\/fr\/wp-json\/wp\/v2\/pages\/4295\/revisions"}],"up":[{"embeddable":true,"href":"https:\/\/hotelalleguglie.com\/fr\/wp-json\/wp\/v2\/pages\/3946"}],"wp:featuredmedia":[{"embeddable":true,"href":"https:\/\/hotelalleguglie.com\/fr\/wp-json\/wp\/v2\/media\/4264"}],"wp:attachment":[{"href":"https:\/\/hotelalleguglie.com\/fr\/wp-json\/wp\/v2\/media?parent=4295"}],"curies":[{"name":"wp","href":"https:\/\/api.w.org\/{rel}","templated":true}]}}