{"id":4239,"date":"2025-04-18T09:28:13","date_gmt":"2025-04-18T09:28:13","guid":{"rendered":"https:\/\/www.hotelalleguglie.com\/que-peut-faire-un-jeune-couple-pres-de-hotel-alle-guglie\/fondamenta-della-misericordia\/"},"modified":"2025-04-18T09:58:39","modified_gmt":"2025-04-18T09:58:39","slug":"fondamenta-della-misericordia","status":"publish","type":"page","link":"https:\/\/hotelalleguglie.com\/fr\/que-peut-faire-un-jeune-couple-pres-de-hotel-alle-guglie\/fondamenta-della-misericordia\/","title":{"rendered":"Fondamenta della Misericordia: le plus beau coucher de soleil \u00e0 savourer \u00e0 deux"},"content":{"rendered":"\n<h2 class=\"wp-block-heading has-text-align-left\">Une promenade romantique entre canaux, bacari et lumi\u00e8re dor\u00e9e<\/h2>\n\n\n\n<p class=\"\" style=\"text-align: left;\" data-start=\"491\" data-end=\"905\">Venise est faite pour marcher, pour s\u2019arr\u00eater, pour regarder en silence. Et s\u2019il y a un lieu qui incarne tout cela, c\u2019est bien la <em><strong data-start=\"621\" data-end=\"654\">Fondamenta della Misericordia<\/strong><\/em>, \u00e0 quelques minutes \u00e0 pied de l\u2019<strong data-start=\"687\" data-end=\"708\">H\u00f4tel Alle Guglie<\/strong>.<br data-start=\"709\" data-end=\"712\" \/>C\u2019est une longue promenade au bord de l\u2019eau, au c\u0153ur de <em>Cannaregio<\/em>, o\u00f9 r\u00e8gne une <strong data-start=\"793\" data-end=\"829\">atmosph\u00e8re intime et authentique<\/strong>, parfaite pour un couple souhaitant ralentir et savourer l\u2019instant pr\u00e9sent.<\/p>\n<p class=\"\" style=\"text-align: left;\" data-start=\"907\" data-end=\"1102\">Ce n\u2019est pas une simple rue, c\u2019est <strong data-start=\"942\" data-end=\"975\">une mani\u00e8re de vivre la ville<\/strong>. Ici, le temps s\u2019\u00e9tire, les voix s\u2019adoucissent, les pas s\u2019accordent. Et quand vient le coucher du soleil, tout se teinte d\u2019or.<\/p>\n<h2 class=\"\" style=\"text-align: left;\" data-start=\"1104\" data-end=\"1133\">Une lumi\u00e8re qui \u00e9merveille<\/h2>\n<p class=\"\" style=\"text-align: left;\" data-start=\"1135\" data-end=\"1460\">Parmi les nombreux endroits o\u00f9 admirer le coucher du soleil \u00e0 Venise, <strong data-start=\"1205\" data-end=\"1279\">la <em>Fondamenta della Misericordia<\/em> est sans doute l\u2019un des plus m\u00e9connus<\/strong>. Et pourtant, c\u2019est l\u2019un des plus magiques: le soleil descend derri\u00e8re les toits, et sa lumi\u00e8re se refl\u00e8te sur le canal, les vitres des maisons et les verres pos\u00e9s sur les tables.<\/p>\n<p class=\"\" style=\"text-align: left;\" data-start=\"1462\" data-end=\"1691\">L\u2019ambiance devient <strong data-start=\"1481\" data-end=\"1512\">chaleureuse et enveloppante<\/strong>, elle invite \u00e0 s\u2019asseoir, \u00e0 se regarder, \u00e0 trinquer. Id\u00e9al pour ceux qui aiment les couchers de soleil mais pr\u00e9f\u00e8rent les vivre <strong data-start=\"1641\" data-end=\"1660\">loin des foules<\/strong>, dans un cadre vrai et vivant.<\/p>\n<h2 class=\"\" style=\"text-align: left;\" data-start=\"1693\" data-end=\"1734\">Fondamenta della Misericordia: o\u00f9 s\u2019arr\u00eater pour un verre en amoureux<\/h2>\n<p class=\"\" style=\"text-align: left;\" data-start=\"1736\" data-end=\"1969\">Tout au long de la <em>fondamenta<\/em>, on trouve des adresses id\u00e9ales pour une pause \u00e0 deux \u00e0 l\u2019heure dor\u00e9e. Aucun lieu n\u2019est pr\u00e9tentieux, mais tous ont <strong data-start=\"1881\" data-end=\"1915\">du style et de la personnalit\u00e9<\/strong>, parfaits pour des couples qui aiment l\u2019authenticit\u00e9.<\/p>\n<p class=\"\" style=\"text-align: left;\" data-start=\"1973\" data-end=\"2115\"><strong data-start=\"1973\" data-end=\"1986\">&#8211; Vino Vero<\/strong> \u2013 Petit bar \u00e0 vin avec une s\u00e9lection de vins naturels et des cicchetti gourmets. Intime, soign\u00e9, avec tables au bord de l\u2019eau.<\/p>\n<p class=\"\" style=\"text-align: left;\" data-start=\"2118\" data-end=\"2229\"><strong data-start=\"2118\" data-end=\"2132\">&#8211; Mezzopieno<\/strong> \u2013 Bar \u00e0 cocktails d\u00e9tendu, \u00e9clairage doux, ambiance parfaite. Id\u00e9al pour prolonger l\u2019ap\u00e9ritif.<\/p>\n<p class=\"\" style=\"text-align: left;\" data-start=\"2232\" data-end=\"2348\"><strong data-start=\"2232\" data-end=\"2252\">&#8211; Osteria al Timon<\/strong> (un peu plus loin, vers Ormesini) \u2013 Pour finir la journ\u00e9e avec un <a href=\"https:\/\/hotelalleguglie.com\/fr\/que-peut-faire-un-jeune-couple-pres-de-hotel-alle-guglie\/spritz-et-cicchetti-a-strada-nova\/\">verre<\/a> sur une barque amarr\u00e9e.<\/p>\n<p class=\"\" style=\"text-align: left;\" data-start=\"2350\" data-end=\"2503\">Les tables au bord de l\u2019eau, le clapotis des vagues, les conversations en sourdine\u2026 <strong data-start=\"2434\" data-end=\"2487\">tout cr\u00e9e une atmosph\u00e8re naturellement romantique<\/strong>, sans artifice.<\/p>\n<h2 class=\"\" style=\"text-align: left;\" data-start=\"2505\" data-end=\"2521\">Fondamenta della Misericordia: quand y aller<\/h2>\n<p class=\"\" style=\"text-align: left;\" data-start=\"2523\" data-end=\"2816\">Le meilleur moment est entre <strong data-start=\"2552\" data-end=\"2568\">18h30 et 20h<\/strong>, selon la saison. La lumi\u00e8re change rapidement et chaque minute est diff\u00e9rente de la pr\u00e9c\u00e9dente.<br data-start=\"2665\" data-end=\"2668\" \/>M\u00eame par temps nuageux, la <em>Fondamenta della Misericordia<\/em> garde son charme: <strong>les reflets<\/strong> sont plus doux, les ombres plus longues, les sons plus nets.<\/p>\n<h2 class=\"\" style=\"text-align: left;\" data-start=\"2818\" data-end=\"2866\">Comment s\u2019y rendre depuis l\u2019H\u00f4tel Alle Guglie<\/h2>\n<p class=\"\" style=\"text-align: left;\" data-start=\"2868\" data-end=\"3131\">Environ <strong data-start=\"2876\" data-end=\"2896\">7 minutes \u00e0 pied<\/strong> suffisent, en traversant la <em>Strada Nova<\/em> et en longeant le <em>Rio della Misericordia<\/em>.<br data-start=\"2978\" data-end=\"2981\" \/>Le trajet en lui-m\u00eame est d\u00e9j\u00e0 une exp\u00e9rience: <strong>ruelles discr\u00e8tes, petits ponts, galeries d\u2019art, vitrines<\/strong> o\u00f9 s\u2019arr\u00eater ne serait-ce que pour regarder.<\/p>\n<p class=\"\" style=\"text-align: left;\" data-start=\"3133\" data-end=\"3287\">\u00c0 la r\u00e9ception, nous serons ravis de vous indiquer <strong data-start=\"3184\" data-end=\"3220\">l\u2019itin\u00e9raire id\u00e9al selon l\u2019heure<\/strong> et de vous recommander la meilleure table pour profiter de la vue.<\/p>\n<p style=\"text-align: left;\" data-start=\"3133\" data-end=\"3287\">\u00c0 l\u2019<a href=\"https:\/\/hotelalleguglie.com\/fr\/\"><strong data-start=\"3574\" data-end=\"3595\">H\u00f4tel Alle Guglie<\/strong><\/a>, nous pensons que chaque coucher de soleil est une occasion. De ralentir, de trinquer, de se retrouver. La <em><strong data-start=\"3703\" data-end=\"3736\">Fondamenta della Misericordia<\/strong><\/em> est l\u2019endroit parfait pour cela: simple, beau, inoubliable.<\/p>\n","protected":false},"excerpt":{"rendered":"<p>Une promenade romantique entre canaux, bacari et lumi\u00e8re dor\u00e9e Venise est faite pour marcher, pour s\u2019arr\u00eater, pour regarder en silence. Et s\u2019il y a un lieu qui incarne tout cela, c\u2019est bien la Fondamenta della Misericordia, \u00e0 quelques minutes \u00e0 pied de l\u2019H\u00f4tel Alle Guglie.C\u2019est une longue promenade au bord de l\u2019eau, au c\u0153ur de [&hellip;]<\/p>\n","protected":false},"author":1,"featured_media":4216,"parent":3946,"menu_order":0,"comment_status":"closed","ping_status":"closed","template":"","meta":{"_acf_changed":false,"footnotes":""},"class_list":["post-4239","page","type-page","status-publish","has-post-thumbnail","hentry"],"acf":[],"_links":{"self":[{"href":"https:\/\/hotelalleguglie.com\/fr\/wp-json\/wp\/v2\/pages\/4239","targetHints":{"allow":["GET"]}}],"collection":[{"href":"https:\/\/hotelalleguglie.com\/fr\/wp-json\/wp\/v2\/pages"}],"about":[{"href":"https:\/\/hotelalleguglie.com\/fr\/wp-json\/wp\/v2\/types\/page"}],"author":[{"embeddable":true,"href":"https:\/\/hotelalleguglie.com\/fr\/wp-json\/wp\/v2\/users\/1"}],"replies":[{"embeddable":true,"href":"https:\/\/hotelalleguglie.com\/fr\/wp-json\/wp\/v2\/comments?post=4239"}],"version-history":[{"count":0,"href":"https:\/\/hotelalleguglie.com\/fr\/wp-json\/wp\/v2\/pages\/4239\/revisions"}],"up":[{"embeddable":true,"href":"https:\/\/hotelalleguglie.com\/fr\/wp-json\/wp\/v2\/pages\/3946"}],"wp:featuredmedia":[{"embeddable":true,"href":"https:\/\/hotelalleguglie.com\/fr\/wp-json\/wp\/v2\/media\/4216"}],"wp:attachment":[{"href":"https:\/\/hotelalleguglie.com\/fr\/wp-json\/wp\/v2\/media?parent=4239"}],"curies":[{"name":"wp","href":"https:\/\/api.w.org\/{rel}","templated":true}]}}