{"id":4116,"date":"2025-04-17T13:08:04","date_gmt":"2025-04-17T13:08:04","guid":{"rendered":"https:\/\/www.hotelalleguglie.com\/que-peut-faire-un-jeune-couple-pres-de-hotel-alle-guglie\/jewish-ghetto\/"},"modified":"2025-04-18T07:20:19","modified_gmt":"2025-04-18T07:20:19","slug":"ghetto-juif","status":"publish","type":"page","link":"https:\/\/hotelalleguglie.com\/fr\/que-peut-faire-un-jeune-couple-pres-de-hotel-alle-guglie\/ghetto-juif\/","title":{"rendered":"Ghetto juif de Venise: un lieu \u00e0 explorer \u00e0 deux"},"content":{"rendered":"\n<h2 class=\"wp-block-heading has-text-align-left\">Un quartier charg\u00e9 d\u2019histoire, d\u2019art et d\u2019atmosph\u00e8re pour les couples curieux<\/h2>\n\n\n\n<p class=\"\" style=\"text-align: left;\" data-start=\"414\" data-end=\"885\">Au c\u0153ur du quartier de <em>Cannaregio<\/em>, \u00e0 quelques minutes \u00e0 pied de l\u2019H\u00f4tel Alle Guglie, se trouve l\u2019un des lieux les plus fascinants et significatifs de Venise: le <strong data-start=\"576\" data-end=\"591\">ghetto juif<\/strong>, le plus ancien au monde.<br data-start=\"617\" data-end=\"620\" \/>Pour un <strong data-start=\"628\" data-end=\"652\">jeune couple curieux<\/strong>, ce quartier est bien plus qu\u2019une simple destination culturelle. C\u2019est un concentr\u00e9 d\u2019histoire, de spiritualit\u00e9, de design urbain et de beaut\u00e9 discr\u00e8te. Parfait \u00e0 explorer \u00e0 deux, tranquillement, en se laissant guider par l\u2019\u00e9motion.<\/p>\n<h2 class=\"\" style=\"text-align: left;\" data-start=\"887\" data-end=\"919\">Pourquoi le visiter en couple<\/h2>\n<p class=\"\" style=\"text-align: left;\" data-start=\"921\" data-end=\"1429\">Se promener ensemble dans les places silencieuses du Ghetto, rep\u00e9rer les synagogues dissimul\u00e9es dans les fa\u00e7ades, d\u00e9couvrir des cours int\u00e9rieures cach\u00e9es, des inscriptions en h\u00e9breu\u2026 C\u2019est une exp\u00e9rience qui m\u00eale <strong data-start=\"1134\" data-end=\"1159\">d\u00e9couverte et partage<\/strong>.<br data-start=\"1160\" data-end=\"1163\" \/>Ce n\u2019est pas un site \u00e0 \u00abvisiter\u00bb rapidement, mais <strong data-start=\"1215\" data-end=\"1250\">un espace qui invite \u00e0 ralentir<\/strong>, \u00e0 \u00e9couter, \u00e0 r\u00e9fl\u00e9chir. Id\u00e9al pour une promenade le matin ou un moment paisible en fin d\u2019apr\u00e8s-midi, quand la lumi\u00e8re se refl\u00e8te doucement sur les hautes fen\u00eatres des b\u00e2timents.<\/p>\n<p class=\"\" style=\"text-align: left;\" data-start=\"1431\" data-end=\"1657\">En couple, c\u2019est un plaisir de se perdre dans les ruelles, de feuilleter des livres dans une librairie sp\u00e9cialis\u00e9e, de go\u00fbter une p\u00e2tisserie casher, d\u2019observer les d\u00e9tails des fa\u00e7ades, d\u2019imaginer les vies pass\u00e9es en ces lieux.<\/p>\n<h2 class=\"\" style=\"text-align: left;\" data-start=\"1659\" data-end=\"1690\">Que voir dans le ghetto juif<\/h2>\n<p class=\"\" style=\"text-align: left;\" data-start=\"1692\" data-end=\"1870\">Le Ghetto est divis\u00e9 en trois parties: le Ghetto Vecchio, le Ghetto Nuovo et le Ghetto Novissimo. Dans cet espace restreint se concentrent monuments, mus\u00e9es et lieux de m\u00e9moire.<\/p>\n<p class=\"\" style=\"text-align: left;\" data-start=\"1872\" data-end=\"1890\">\u00c0 ne pas manquer:<\/p>\n<p class=\"\" style=\"text-align: left;\" data-start=\"1894\" data-end=\"2051\"><strong data-start=\"1894\" data-end=\"1918\">&#8211; Mus\u00e9e juif de Venise<\/strong> \u2013 Pour comprendre la culture et l\u2019histoire de la communaut\u00e9 juive v\u00e9nitienne, \u00e0 travers objets rituels, documents et \u0153uvres d\u2019art.<\/p>\n<p class=\"\" style=\"text-align: left;\" data-start=\"2054\" data-end=\"2203\"><strong data-start=\"2054\" data-end=\"2089\">&#8211; Les cinq synagogues historiques<\/strong> \u2013 Peu visibles de l\u2019ext\u00e9rieur, mais accessibles en visite guid\u00e9e via le mus\u00e9e. Certaines datent du XVI\u1d49 si\u00e8cle.<\/p>\n<p class=\"\" style=\"text-align: left;\" data-start=\"2206\" data-end=\"2333\"><strong data-start=\"2206\" data-end=\"2232\">&#8211; Campo del Ghetto Nuovo<\/strong> \u2013 Le c\u0153ur du quartier, avec des bancs, des enfants qui jouent et des installations comm\u00e9moratives.<\/p>\n<p class=\"\" style=\"text-align: left;\" data-start=\"2336\" data-end=\"2438\"><strong data-start=\"2336\" data-end=\"2363\">&#8211; Bas-reliefs de la Shoah<\/strong> \u2013 \u0152uvres poignantes d\u2019Arbit Blatas, propices au silence et \u00e0 la r\u00e9flexion.<\/p>\n<h2 class=\"\" style=\"text-align: left;\" data-start=\"2440\" data-end=\"2483\">Un lieu entre culture et vie quotidienne<\/h2>\n<p class=\"\" style=\"text-align: left;\" data-start=\"2485\" data-end=\"2703\">Le Ghetto n\u2019est pas un mus\u00e9e \u00e0 ciel ouvert. C\u2019est un <strong data-start=\"2538\" data-end=\"2557\">quartier vivant<\/strong>, encore habit\u00e9 aujourd\u2019hui par des familles. On y trouve des commerces, ateliers d\u2019art, librairies, restaurants casher et galeries ind\u00e9pendantes.<\/p>\n<p class=\"\" style=\"text-align: left;\" data-start=\"2705\" data-end=\"2952\">Pour les couples curieux, c\u2019est aussi un endroit <strong data-start=\"2754\" data-end=\"2795\">int\u00e9ressant sur le plan architectural<\/strong>: les immeubles y sont plus hauts qu\u2019ailleurs \u00e0 Venise, car l\u2019espace habitable \u00e9tait limit\u00e9. Un d\u00e9tail marquant qui donne une silhouette unique au quartier.<\/p>\n<h2 class=\"\" style=\"text-align: left;\" data-start=\"2954\" data-end=\"3002\">Comment s\u2019y rendre depuis l\u2019H\u00f4tel Alle Guglie<\/h2>\n<p class=\"\" style=\"text-align: left;\" data-start=\"3004\" data-end=\"3297\">Depuis notre h\u00f4tel, on rejoint le Ghetto en <strong data-start=\"3048\" data-end=\"3078\">moins de 10 minutes \u00e0 pied<\/strong>, en suivant la Strada Nova puis la Fondamenta di Cannaregio.<br data-start=\"3139\" data-end=\"3142\" \/>Le chemin en lui-m\u00eame est d\u00e9j\u00e0 une belle d\u00e9couverte: entre boutiques, ponts, <strong>reflets d\u2019eau<\/strong> et ruelles lat\u00e9rales, c\u2019est une promenade \u00e0 savourer lentement.<\/p>\n<h2 class=\"\" style=\"text-align: left;\" data-start=\"3299\" data-end=\"3315\">Quand y aller<\/h2>\n<p class=\"\" style=\"text-align: left;\" data-start=\"3317\" data-end=\"3597\">Le Ghetto se visite toute l\u2019ann\u00e9e. Les meilleurs moments sont <strong data-start=\"3379\" data-end=\"3395\">le matin t\u00f4t<\/strong> ou <strong data-start=\"3399\" data-end=\"3422\">en fin d\u2019apr\u00e8s-midi<\/strong>, quand la lumi\u00e8re est douce et l\u2019ambiance apais\u00e9e. Le mus\u00e9e et les synagogues ont des horaires sp\u00e9cifiques: renseignez-vous \u00e0 la r\u00e9ception, notre \u00e9quipe est toujours \u00e0 jour.\u00a0<\/p>\n<p style=\"text-align: left;\" data-start=\"3317\" data-end=\"3597\">En s\u00e9journant \u00e0 l\u2019<a href=\"https:\/\/hotelalleguglie.com\/fr\/\"><strong data-start=\"3905\" data-end=\"3926\">H\u00f4tel Alle Guglie<\/strong><\/a>, vous d\u00e9couvrirez une autre facette de Venise \u2013 celle des histoires, des contrastes, des \u00e9motions. Le Ghetto juif est une \u00e9tape que nous recommandons avec c\u0153ur, surtout aux couples qui <strong data-start=\"4112\" data-end=\"4161\">aiment voyager avec profondeur et sensibilit\u00e9<\/strong>.<\/p>\n","protected":false},"excerpt":{"rendered":"<p>Un quartier charg\u00e9 d\u2019histoire, d\u2019art et d\u2019atmosph\u00e8re pour les couples curieux Au c\u0153ur du quartier de Cannaregio, \u00e0 quelques minutes \u00e0 pied de l\u2019H\u00f4tel Alle Guglie, se trouve l\u2019un des lieux les plus fascinants et significatifs de Venise: le ghetto juif, le plus ancien au monde.Pour un jeune couple curieux, ce quartier est bien plus [&hellip;]<\/p>\n","protected":false},"author":1,"featured_media":4091,"parent":3946,"menu_order":0,"comment_status":"closed","ping_status":"closed","template":"","meta":{"_acf_changed":false,"footnotes":""},"class_list":["post-4116","page","type-page","status-publish","has-post-thumbnail","hentry"],"acf":[],"_links":{"self":[{"href":"https:\/\/hotelalleguglie.com\/fr\/wp-json\/wp\/v2\/pages\/4116","targetHints":{"allow":["GET"]}}],"collection":[{"href":"https:\/\/hotelalleguglie.com\/fr\/wp-json\/wp\/v2\/pages"}],"about":[{"href":"https:\/\/hotelalleguglie.com\/fr\/wp-json\/wp\/v2\/types\/page"}],"author":[{"embeddable":true,"href":"https:\/\/hotelalleguglie.com\/fr\/wp-json\/wp\/v2\/users\/1"}],"replies":[{"embeddable":true,"href":"https:\/\/hotelalleguglie.com\/fr\/wp-json\/wp\/v2\/comments?post=4116"}],"version-history":[{"count":0,"href":"https:\/\/hotelalleguglie.com\/fr\/wp-json\/wp\/v2\/pages\/4116\/revisions"}],"up":[{"embeddable":true,"href":"https:\/\/hotelalleguglie.com\/fr\/wp-json\/wp\/v2\/pages\/3946"}],"wp:featuredmedia":[{"embeddable":true,"href":"https:\/\/hotelalleguglie.com\/fr\/wp-json\/wp\/v2\/media\/4091"}],"wp:attachment":[{"href":"https:\/\/hotelalleguglie.com\/fr\/wp-json\/wp\/v2\/media?parent=4116"}],"curies":[{"name":"wp","href":"https:\/\/api.w.org\/{rel}","templated":true}]}}