{"id":4053,"date":"2025-04-17T11:02:57","date_gmt":"2025-04-17T11:02:57","guid":{"rendered":"https:\/\/www.hotelalleguglie.com\/que-peut-faire-un-jeune-couple-pres-de-hotel-alle-guglie\/spritz-and-cicchetti-on-strada-nova\/"},"modified":"2025-04-17T13:13:05","modified_gmt":"2025-04-17T13:13:05","slug":"spritz-et-cicchetti-a-strada-nova","status":"publish","type":"page","link":"https:\/\/hotelalleguglie.com\/fr\/que-peut-faire-un-jeune-couple-pres-de-hotel-alle-guglie\/spritz-et-cicchetti-a-strada-nova\/","title":{"rendered":"Spritz et cicchetti \u00e0 Strada Nova: les meilleurs bacari pr\u00e8s de l\u2019H\u00f4tel Alle Guglie"},"content":{"rendered":"\n<h2 class=\"wp-block-heading has-text-align-left\">Spritz et cicchetti \u00e0 Strada Nova: un guide pour jeunes couples \u00e0 la d\u00e9couverte des saveurs authentiques de Cannaregio<\/h2>\n\n\n\n<p class=\"\" style=\"text-align: left;\" data-start=\"452\" data-end=\"1018\">\u00c0 Venise, <em>l\u2019aperitivo<\/em> n\u2019est pas seulement un moment de la journ\u00e9e: c\u2019est un rituel. Et pour un <strong data-start=\"548\" data-end=\"597\">jeune couple s\u00e9journant \u00e0 l\u2019H\u00f4tel Alle Guglie<\/strong>, c\u2019est aussi l\u2019occasion parfaite de se connecter \u00e0 la partie la plus vraie de la ville.<br data-start=\"685\" data-end=\"688\" \/>Oubliez les bars touristiques, les places bond\u00e9es et les spritz trop dilu\u00e9s: \u00e0 quelques pas de l\u2019h\u00f4tel s\u2019ouvre <em><strong data-start=\"800\" data-end=\"815\">Strada Nova<\/strong><\/em>, une longue rue pi\u00e9tonne qui traverse le quartier de <em>Cannaregio<\/em> et o\u00f9 l\u2019on trouve <strong data-start=\"898\" data-end=\"953\">certains des <em>bacari<\/em> les plus authentiques de Venise<\/strong>, parfaits pour une pause informelle, savoureuse et 100 % locale.<\/p>\n<p class=\"\" style=\"text-align: left;\" data-start=\"1020\" data-end=\"1345\">Ce guide vous emm\u00e8ne entre les tables en bois, les parfums de poisson frit, les vitrines remplies de cicchetti et les bouteilles de vin naturel. Il est con\u00e7u pour ceux qui aiment d\u00e9couvrir une ville \u00e0 travers sa gastronomie et les lieux o\u00f9 les habitants se retrouvent chaque jour, apr\u00e8s le travail ou avant une soir\u00e9e \u00e0 deux.<\/p>\n<h2 class=\"\" style=\"text-align: left;\" data-start=\"1347\" data-end=\"1372\">C\u2019est quoi un bacaro?<\/h2>\n<p class=\"\" style=\"text-align: left;\" data-start=\"1374\" data-end=\"1919\">Avant d\u2019aller plus loin, pr\u00e9cisons: un <a href=\"_wp_link_placeholder\" data-wplink-edit=\"true\"><em><strong data-start=\"1414\" data-end=\"1424\">bacaro<\/strong><\/em><\/a> est une taverne v\u00e9nitienne typique, souvent petite, informelle, avec peu de tables (ou uniquement un comptoir) et une s\u00e9lection de <strong data-start=\"1556\" data-end=\"1569\">cicchetti<\/strong>: petites bouch\u00e9es \u2013 boulettes de viande, morue \u00e0 la cr\u00e8me, sardines en saor, <em>crostini<\/em>, fritures \u2013 servies avec un verre de vin, un spritz ou une <em data-start=\"1716\" data-end=\"1730\">ombra de vin<\/em>.<br data-start=\"1731\" data-end=\"1734\" \/>Pour les V\u00e9nitiens, le <em>bacaro<\/em> est un lieu de rencontre, une halte rapide, une habitude quotidienne. Pour un couple en visite, c\u2019est une <strong data-start=\"1870\" data-end=\"1918\">opportunit\u00e9 de vivre la ville comme un local<\/strong>.<\/p>\n<h2 class=\"\" style=\"text-align: left;\" data-start=\"1921\" data-end=\"1973\">O\u00f9 aller pour un vrai spritz et de bons cicchetti<\/h2>\n<p class=\"\" style=\"text-align: left;\" data-start=\"1975\" data-end=\"2227\">Voici une s\u00e9lection de <em>bacari<\/em> que nous recommandons aux couples s\u00e9journant \u00e0 l\u2019H\u00f4tel Alle Guglie. Tous sont accessibles \u00e0 pied en quelques minutes, parfaits pour un ap\u00e9ritif ou un d\u00eener l\u00e9ger, avec une <strong data-start=\"2177\" data-end=\"2226\">ambiance d\u00e9tendue et des saveurs authentiques<\/strong>.<\/p>\n<p class=\"\" style=\"text-align: left;\" data-start=\"2229\" data-end=\"2524\"><strong data-start=\"2229\" data-end=\"2241\">&#8211; Al Timon<\/strong><br data-start=\"2241\" data-end=\"2244\" \/>Un classique incontournable, tr\u00e8s appr\u00e9ci\u00e9 des jeunes V\u00e9nitiens. Situ\u00e9 le long de la <em>Fondamenta degli Ormesini<\/em>, \u00e0 7 minutes \u00e0 pied de l\u2019h\u00f4tel. R\u00e9put\u00e9 pour ses <strong data-start=\"2403\" data-end=\"2430\">plateaux de charcuterie<\/strong>, ses tables sur des bateaux amarr\u00e9s et son ambiance d\u00e9contract\u00e9e. Id\u00e9al au coucher du soleil.<\/p>\n<p class=\"\" style=\"text-align: left;\" data-start=\"2526\" data-end=\"2770\"><strong data-start=\"2526\" data-end=\"2546\">&#8211; Paradiso Perduto<\/strong><br data-start=\"2546\" data-end=\"2549\" \/>Un bacaro \u00ab<strong>rock<\/strong>\u00bb \u00e0 l\u2019\u00e2me po\u00e9tique. Concerts live, plats g\u00e9n\u00e9reux, ambiance vivante. Les <em>cicchetti<\/em> y sont <strong>excellents<\/strong>, et c\u2019est aussi un excellent choix pour un d\u00eener rustique \u00e0 base de poisson. Une v\u00e9ritable institution.<\/p>\n<p class=\"\" style=\"text-align: left;\" data-start=\"2772\" data-end=\"2963\"><strong data-start=\"2772\" data-end=\"2787\">&#8211; El Sbarlefo<\/strong><br data-start=\"2787\" data-end=\"2790\" \/><strong>Plus intime, avec un int\u00e9rieur soign\u00e9, une excellente s\u00e9lection de vins et des <em>cicchetti<\/em> plus raffin\u00e9s<\/strong>. Parfait pour un couple \u00e0 la recherche d\u2019un lieu calme et authentique.<\/p>\n<p class=\"\" style=\"text-align: left;\" data-start=\"2965\" data-end=\"3168\"><strong data-start=\"2965\" data-end=\"2992\">&#8211; Cantina Vecia Carbonera<\/strong><br data-start=\"2992\" data-end=\"2995\" \/>Ambiance jeune, souvent fr\u00e9quent\u00e9e par des \u00e9tudiants et des habitants du quartier.<strong> Bonne musique, <em>cicchetti<\/em> classiques, accueil chaleureux<\/strong>. Un lieu convivial et d\u00e9contract\u00e9.<\/p>\n<p class=\"\" style=\"text-align: left;\" data-start=\"3170\" data-end=\"3363\"><strong data-start=\"3170\" data-end=\"3190\">&#8211; Osteria al Ponte<\/strong><br data-start=\"3190\" data-end=\"3193\" \/>Petite osteria situ\u00e9e sur un pont, avec des tables en ext\u00e9rieur et des <em>cicchetti<\/em> <strong>faits maison<\/strong>. Parfaite pour un ap\u00e9ritif improvis\u00e9 au fil de la promenade dans <em>Cannaregio<\/em>.<\/p>\n<p class=\"\" style=\"text-align: left;\" data-start=\"3365\" data-end=\"3691\"><strong data-start=\"3365\" data-end=\"3402\">&#8211; Trattoria Ca\u2019 D\u2019Oro (Alla Vedova)<\/strong><br data-start=\"3402\" data-end=\"3405\" \/>Un lieu historique. R\u00e9put\u00e9 pour ses <strong data-start=\"3441\" data-end=\"3464\">boulettes de viande<\/strong>, id\u00e9al pour un d\u00e9jeuner rapide ou un ap\u00e9ritif plus consistant. On <strong data-start=\"3531\" data-end=\"3557\">n\u2019y sert pas de spritz<\/strong>, ce qui en fait une adresse incontournable pour ceux qui recherchent une <strong data-start=\"3631\" data-end=\"3690\">exp\u00e9rience authentique, non format\u00e9e pour les touristes<\/strong>.<\/p>\n<h2 class=\"\" style=\"text-align: left;\" data-start=\"3693\" data-end=\"3709\">Quand y aller<\/h2>\n<p class=\"\" style=\"text-align: left;\" data-start=\"3711\" data-end=\"4075\">Le moment id\u00e9al pour faire un \u00ab<em>bacaro tour<\/em>\u00bb est en <strong data-start=\"3764\" data-end=\"3784\">fin d\u2019apr\u00e8s-midi<\/strong>, entre 17h30 et 20h. C\u2019est l\u2019heure o\u00f9 les locaux sortent du travail, et o\u00f9 les voyageurs curieux cherchent des endroits <strong>authentiques<\/strong>.<br data-start=\"3918\" data-end=\"3921\" \/>En semaine, l\u2019ambiance est plus d\u00e9tendue; le week-end, plus anim\u00e9e. Certains <em>bacari<\/em> proposent m\u00eame de la musique live ou des petits \u00e9v\u00e9nements informels.<\/p>\n<h2 class=\"\" style=\"text-align: left;\" data-start=\"4077\" data-end=\"4105\">Une exp\u00e9rience \u00e0 partager<\/h2>\n<p class=\"\" style=\"text-align: left;\" data-start=\"4107\" data-end=\"4364\">Pour un couple, s\u2019arr\u00eater dans ces <em>bacari<\/em>, c\u2019est bien plus que go\u00fbter \u00e0 la cuisine locale. C\u2019est l\u2019occasion de <strong data-start=\"4218\" data-end=\"4245\">s\u2019impr\u00e9gner de la ville<\/strong>, d\u2019observer les gens, d\u2019\u00e9couter le dialecte, de rire ensemble autour d\u2019un verre de vin et d\u2019une assiette de cicchetti.<\/p>\n<p class=\"\" style=\"text-align: left;\" data-start=\"4366\" data-end=\"4533\">C\u2019est le moment id\u00e9al pour ralentir, partager, prendre quelques photos d\u2019ambiance, et peut-\u00eatre terminer la soir\u00e9e par une promenade romantique le long des fondamenta.<\/p>\n<p class=\"\" style=\"text-align: left;\" data-start=\"4535\" data-end=\"4801\">En s\u00e9journant \u00e0 l\u2019<a href=\"https:\/\/hotelalleguglie.com\/fr\/\"><strong data-start=\"4553\" data-end=\"4574\">H\u00f4tel Alle Guglie<\/strong><\/a>, vous aurez le privil\u00e8ge de rejoindre tous ces lieux \u00e0 pied, et de pouvoir y retourner m\u00eame apr\u00e8s le d\u00eener, en toute libert\u00e9. Notre \u00e9quipe se fera un plaisir de vous conseiller chaque soir un <em>bacaro<\/em> diff\u00e9rent, selon vos go\u00fbts.<\/p>\n","protected":false},"excerpt":{"rendered":"<p>Spritz et cicchetti \u00e0 Strada Nova: un guide pour jeunes couples \u00e0 la d\u00e9couverte des saveurs authentiques de Cannaregio \u00c0 Venise, l\u2019aperitivo n\u2019est pas seulement un moment de la journ\u00e9e: c\u2019est un rituel. Et pour un jeune couple s\u00e9journant \u00e0 l\u2019H\u00f4tel Alle Guglie, c\u2019est aussi l\u2019occasion parfaite de se connecter \u00e0 la partie la plus [&hellip;]<\/p>\n","protected":false},"author":1,"featured_media":4028,"parent":3946,"menu_order":0,"comment_status":"closed","ping_status":"closed","template":"","meta":{"_acf_changed":false,"footnotes":""},"class_list":["post-4053","page","type-page","status-publish","has-post-thumbnail","hentry"],"acf":[],"_links":{"self":[{"href":"https:\/\/hotelalleguglie.com\/fr\/wp-json\/wp\/v2\/pages\/4053","targetHints":{"allow":["GET"]}}],"collection":[{"href":"https:\/\/hotelalleguglie.com\/fr\/wp-json\/wp\/v2\/pages"}],"about":[{"href":"https:\/\/hotelalleguglie.com\/fr\/wp-json\/wp\/v2\/types\/page"}],"author":[{"embeddable":true,"href":"https:\/\/hotelalleguglie.com\/fr\/wp-json\/wp\/v2\/users\/1"}],"replies":[{"embeddable":true,"href":"https:\/\/hotelalleguglie.com\/fr\/wp-json\/wp\/v2\/comments?post=4053"}],"version-history":[{"count":0,"href":"https:\/\/hotelalleguglie.com\/fr\/wp-json\/wp\/v2\/pages\/4053\/revisions"}],"up":[{"embeddable":true,"href":"https:\/\/hotelalleguglie.com\/fr\/wp-json\/wp\/v2\/pages\/3946"}],"wp:featuredmedia":[{"embeddable":true,"href":"https:\/\/hotelalleguglie.com\/fr\/wp-json\/wp\/v2\/media\/4028"}],"wp:attachment":[{"href":"https:\/\/hotelalleguglie.com\/fr\/wp-json\/wp\/v2\/media?parent=4053"}],"curies":[{"name":"wp","href":"https:\/\/api.w.org\/{rel}","templated":true}]}}