{"id":3993,"date":"2025-04-17T08:54:18","date_gmt":"2025-04-17T08:54:18","guid":{"rendered":"https:\/\/www.hotelalleguglie.com\/ponte-chiodo-in-venice\/"},"modified":"2025-04-18T07:49:58","modified_gmt":"2025-04-18T07:49:58","slug":"ponte-chiodo-a-venise","status":"publish","type":"page","link":"https:\/\/hotelalleguglie.com\/fr\/que-peut-faire-un-jeune-couple-pres-de-hotel-alle-guglie\/ponte-chiodo-a-venise\/","title":{"rendered":"Ponte Chiodo \u00e0 Venise: un tr\u00e9sor romantique \u00e0 d\u00e9couvrir \u00e0 deux"},"content":{"rendered":"\n<h2 class=\"wp-block-heading has-text-align-left\">Ponte Chiodo \u00e0 Venise: un pont sans rambardes, id\u00e9al pour une promenade symbolique et inattendue<\/h2>\n\n\n\n<p class=\"\" style=\"text-align: left;\" data-start=\"378\" data-end=\"901\">Parmi les centaines de ponts qui relient les ruelles et canaux de Venise, <em><strong data-start=\"452\" data-end=\"468\">Ponte Chiodo<\/strong><\/em> est une vraie exception. Il s\u2019agit du <strong data-start=\"507\" data-end=\"551\">seul pont encore existant sans rambardes<\/strong>, une raret\u00e9 qui attire imm\u00e9diatement l\u2019attention de ceux qui le d\u00e9couvrent au hasard d\u2019une promenade dans les quartiers les plus authentiques de la ville.<br \/>Si vous \u00eates un jeune couple, curieux et attentif aux d\u00e9tails, ce petit pont situ\u00e9 dans le quartier de <em><strong data-start=\"812\" data-end=\"826\">Cannaregio<\/strong><\/em> est une \u00e9tape incontournable : silencieux, photog\u00e9nique et charg\u00e9 de sens.<\/p>\n<p class=\"\" style=\"text-align: left;\" data-start=\"903\" data-end=\"1136\">Depuis l\u2019<strong data-start=\"912\" data-end=\"933\">H\u00f4tel Alle Guglie<\/strong>, on y acc\u00e8de facilement en quelques minutes \u00e0 pied. C\u2019est une destination id\u00e9ale pour ceux qui aiment les <strong data-start=\"1040\" data-end=\"1077\">lieux authentiques et symboliques<\/strong>, loin de la foule et des circuits touristiques classiques.<\/p>\n<h2 class=\"\" style=\"text-align: left;\" data-start=\"1138\" data-end=\"1178\">Ponte Chiodo: un lieu parfait pour un moment \u00e0 deux<\/h2>\n<p class=\"\" style=\"text-align: left;\" data-start=\"1180\" data-end=\"1529\">Le charme de <em>Ponte Chiodo<\/em> ne r\u00e9side pas seulement dans son architecture. L\u2019absence de rambardes en fait <strong data-start=\"1284\" data-end=\"1306\">un espace suspendu<\/strong>, presque hors du temps, parfait pour une photo en duo, une pause pour admirer le reflet du canal, ou tout simplement pour se laisser porter par une conversation douce, pendant que la ville continue de vivre autour de vous.<\/p>\n<p class=\"\" style=\"text-align: left;\" data-start=\"1531\" data-end=\"1813\">Marcher ensemble sur ce pont demande <strong data-start=\"1568\" data-end=\"1594\">confiance et attention<\/strong> \u2013 une m\u00e9taphore parfaite du voyage \u00e0 deux.<br \/>C\u2019est pourquoi de nombreux couples le comptent parmi leurs lieux pr\u00e9f\u00e9r\u00e9s pendant leur s\u00e9jour : il ne s\u2019agit pas d\u2019un site \u00e0 \u00abcocher\u00bb, mais bien <strong data-start=\"1787\" data-end=\"1812\">d\u2019un moment \u00e0 retenir<\/strong>.<\/p>\n<h2 class=\"\" style=\"text-align: left;\" data-start=\"1815\" data-end=\"1856\">O\u00f9 se trouve-t-il et comment y acc\u00e9der<\/h2>\n<p class=\"\" style=\"text-align: left;\" data-start=\"1858\" data-end=\"2235\"><em>Ponte Chiodo<\/em> se trouve sur la <em><strong data-start=\"1888\" data-end=\"1913\">Fondamenta San Felice<\/strong><\/em>, en plein c\u0153ur de Cannaregio, \u00e0 environ <strong data-start=\"1954\" data-end=\"1997\">8 minutes \u00e0 pied de l\u2019H\u00f4tel Alle Guglie<\/strong>.<br \/>Vous passerez par des ruelles calmes, loin de l\u2019agitation, dans un itin\u00e9raire d\u00e9j\u00e0 agr\u00e9able en soi. C\u2019est un <strong data-start=\"2110\" data-end=\"2155\">excellent point de d\u00e9part pour la journ\u00e9e<\/strong> ou une <strong data-start=\"2163\" data-end=\"2202\">\u00e9tape lors d\u2019une promenade nocturne<\/strong> apr\u00e8s un d\u00eener dans le quartier.<\/p>\n<h2 class=\"\" style=\"text-align: left;\" data-start=\"2237\" data-end=\"2304\">Un peu d\u2019histoire: pourquoi ce pont n\u2019a-t-il pas de rambardes ?<\/h2>\n<p class=\"\" style=\"text-align: left;\" data-start=\"2306\" data-end=\"2601\">Autrefois, de nombreux ponts v\u00e9nitiens \u00e9taient d\u00e9pourvus de rambardes. <em>Ponte Chiodo<\/em> est <strong data-start=\"2394\" data-end=\"2431\">le dernier exemple encore visible<\/strong> de ce type de construction. Il s\u2019agissait \u00e0 l\u2019origine d\u2019un <strong data-start=\"2491\" data-end=\"2505\">pont priv\u00e9<\/strong>, rattach\u00e9 \u00e0 une r\u00e9sidence noble, et son nom vient de la famille Chiodo, propri\u00e9taire des lieux.<\/p>\n<p class=\"\" style=\"text-align: left;\" data-start=\"2603\" data-end=\"2786\">Aujourd\u2019hui ouvert \u00e0 tous, il conserve son <strong data-start=\"2646\" data-end=\"2680\">caract\u00e8re discret et fascinant<\/strong>. Parfait pour un couple amateur de d\u00e9tails historiques, de symboles et de lieux hors des sentiers battus.<\/p>\n<h2 class=\"\" style=\"text-align: left;\" data-start=\"2788\" data-end=\"2853\">Ponte Chiodo: pourquoi nous recommandons cette exp\u00e9rience aux jeunes couples<\/h2>\n<p class=\"\" style=\"text-align: left;\" data-start=\"2855\" data-end=\"3081\"><strong>&#8211; Il est intime, authentique et original<\/strong><br \/><strong>&#8211; Facile d\u2019acc\u00e8s \u00e0 pied, sans stress<\/strong><br \/><strong>&#8211; Jamais bond\u00e9 ni surexpos\u00e9 sur les r\u00e9seaux<\/strong><br \/><strong>&#8211; Charg\u00e9 de symbolique : \u00e9quilibre, confiance, d\u00e9couverte<\/strong><br \/><strong>&#8211; Parfait pour un moment sp\u00e9cial dans la journ\u00e9e<\/strong><\/p>\n<p class=\"\" style=\"text-align: left;\" data-start=\"3083\" data-end=\"3395\">En r\u00e9servant votre s\u00e9jour \u00e0 l\u2019<a href=\"https:\/\/hotelalleguglie.com\/fr\/\"><strong data-start=\"3113\" data-end=\"3134\">H\u00f4tel Alle Guglie<\/strong><\/a>, vous profiterez non seulement d\u2019une chambre \u00e9l\u00e9gante et fonctionnelle au c\u0153ur de Cannaregio, mais aussi de <strong data-start=\"3243\" data-end=\"3313\">conseils personnalis\u00e9s sur des lieux secrets comme le <em>Ponte Chiodo<\/em><\/strong>, pour d\u00e9couvrir Venise de mani\u00e8re personnelle et authentique, comme vous l\u2019aimez.<\/p>\n<h3 class=\"\" data-start=\"3397\" data-end=\"3419\">\u00a0<\/h3>\n","protected":false},"excerpt":{"rendered":"<p>Ponte Chiodo \u00e0 Venise: un pont sans rambardes, id\u00e9al pour une promenade symbolique et inattendue Parmi les centaines de ponts qui relient les ruelles et canaux de Venise, Ponte Chiodo est une vraie exception. Il s\u2019agit du seul pont encore existant sans rambardes, une raret\u00e9 qui attire imm\u00e9diatement l\u2019attention de ceux qui le d\u00e9couvrent au [&hellip;]<\/p>\n","protected":false},"author":1,"featured_media":4163,"parent":3946,"menu_order":0,"comment_status":"closed","ping_status":"closed","template":"","meta":{"_acf_changed":false,"footnotes":""},"class_list":["post-3993","page","type-page","status-publish","has-post-thumbnail","hentry"],"acf":[],"_links":{"self":[{"href":"https:\/\/hotelalleguglie.com\/fr\/wp-json\/wp\/v2\/pages\/3993","targetHints":{"allow":["GET"]}}],"collection":[{"href":"https:\/\/hotelalleguglie.com\/fr\/wp-json\/wp\/v2\/pages"}],"about":[{"href":"https:\/\/hotelalleguglie.com\/fr\/wp-json\/wp\/v2\/types\/page"}],"author":[{"embeddable":true,"href":"https:\/\/hotelalleguglie.com\/fr\/wp-json\/wp\/v2\/users\/1"}],"replies":[{"embeddable":true,"href":"https:\/\/hotelalleguglie.com\/fr\/wp-json\/wp\/v2\/comments?post=3993"}],"version-history":[{"count":0,"href":"https:\/\/hotelalleguglie.com\/fr\/wp-json\/wp\/v2\/pages\/3993\/revisions"}],"up":[{"embeddable":true,"href":"https:\/\/hotelalleguglie.com\/fr\/wp-json\/wp\/v2\/pages\/3946"}],"wp:featuredmedia":[{"embeddable":true,"href":"https:\/\/hotelalleguglie.com\/fr\/wp-json\/wp\/v2\/media\/4163"}],"wp:attachment":[{"href":"https:\/\/hotelalleguglie.com\/fr\/wp-json\/wp\/v2\/media?parent=3993"}],"curies":[{"name":"wp","href":"https:\/\/api.w.org\/{rel}","templated":true}]}}