{"id":3946,"date":"2025-04-17T08:04:31","date_gmt":"2025-04-17T08:04:31","guid":{"rendered":"https:\/\/www.hotelalleguglie.com\/cosa-puo-fare-una-coppia-giovane-vicino-hotel-alle-guglie\/"},"modified":"2025-11-13T09:17:08","modified_gmt":"2025-11-13T09:17:08","slug":"que-peut-faire-un-jeune-couple-pres-de-hotel-alle-guglie","status":"publish","type":"page","link":"https:\/\/hotelalleguglie.com\/fr\/que-peut-faire-un-jeune-couple-pres-de-hotel-alle-guglie\/","title":{"rendered":"Que peut faire un jeune couple pr\u00e8s de l\u2019H\u00f4tel Alle Guglie?"},"content":{"rendered":"\n<p class=\"\" style=\"text-align: left;\" data-start=\"296\" data-end=\"398\"><strong>Que peut faire un jeune couple pr\u00e8s de l\u2019H\u00f4tel Alle Guglie: exp\u00e9riences authentiques, saveurs locales et coins secrets \u00e0 partager \u00e0 deux au c\u0153ur de Cannaregio<\/strong><\/p>\n<p class=\"\" style=\"text-align: left;\" data-start=\"400\" data-end=\"958\">Venise est depuis toujours l\u2019une des villes les plus romantiques au monde. Mais pour un jeune couple \u00e2g\u00e9 de 25 \u00e0 50 ans \u00e0 la recherche d\u2019exp\u00e9riences vraies, contemporaines et stimulantes, le risque est de tomber dans des parcours trop touristiques et r\u00e9p\u00e9titifs.<br data-start=\"662\" data-end=\"665\" \/>\u00c0 l\u2019<strong data-start=\"669\" data-end=\"690\">H\u00f4tel Alle Guglie<\/strong>, nous proposons une fa\u00e7on diff\u00e9rente de vivre la ville: \u00e0 partir d\u2019un emplacement strat\u00e9gique, au c\u0153ur du quartier de Cannaregio, nous vous offrons une s\u00e9lection d\u2019exp\u00e9riences pens\u00e9es pour d\u00e9couvrir <strong data-start=\"891\" data-end=\"935\">la Venise la plus authentique et vivante<\/strong>, \u00e0 partager en couple.<\/p>\n<h2 class=\"\" style=\"text-align: left;\" data-start=\"960\" data-end=\"1007\">Un quartier \u00e0 vivre, pas seulement \u00e0 visiter<\/h2>\n<p class=\"\" style=\"text-align: left;\" data-start=\"1009\" data-end=\"1494\"><strong>Cannaregio<\/strong> est un <strong>quartier anim\u00e9, jeune<\/strong>, habit\u00e9 par les V\u00e9nitiens, et non con\u00e7u pour les touristes. Chaque coin de rue <strong><a href=\"https:\/\/hotelalleguglie.com\/live-venice\/\">raconte une histoire<\/a><\/strong>: ponts en pierre sur les canaux, tavernes fr\u00e9quent\u00e9es par les locaux, petits commerces et ambiance de quartier.<br data-start=\"1261\" data-end=\"1264\" \/>\u00c0 quelques pas de l\u2019h\u00f4tel, vous vous retrouverez plong\u00e9s dans <strong>des <em>fondamenta<\/em> pleines de vie, des vues \u00e0 photographier, des tables au bord de l\u2019eau, des ar\u00f4mes de caf\u00e9 fra\u00eechement torr\u00e9fi\u00e9, de l\u2019art cach\u00e9 et des l\u00e9gendes murmur\u00e9es<\/strong>.<\/p>\n<h2 class=\"\" style=\"text-align: left;\" data-start=\"1496\" data-end=\"1550\">Jeune Couple: un s\u00e9jour pens\u00e9 pour ceux qui aiment l\u2019authenticit\u00e9<\/h2>\n<p class=\"\" style=\"text-align: left;\" data-start=\"1552\" data-end=\"2200\">Les couples qui choisissent l\u2019H\u00f4tel Alle Guglie recherchent du <strong>style, de la qualit\u00e9 et de la fonctionnalit\u00e9<\/strong>. Les <strong><a href=\"https:\/\/hotelalleguglie.com\/fr\/chambres\/\">chambres<\/a><\/strong> sont soign\u00e9es dans les moindres d\u00e9tails, avec des <strong>mat\u00e9riaux de qualit\u00e9<\/strong>, des lits king size et une atmosph\u00e8re contemporaine et \u00e9l\u00e9gante.<br data-start=\"1809\" data-end=\"1812\" \/>Mais ce qui nous distingue vraiment, c\u2019est notre fa\u00e7on d\u2019aider les couples \u00e0 d\u00e9couvrir la ville: avec des conseils personnalis\u00e9s, actuels, pens\u00e9s pour des voyageurs comme vous.<br data-start=\"1989\" data-end=\"1992\" \/>Pas de circuits tout faits ou de restaurants \u00ab\u00e0 touristes\u00bb, mais des <strong data-start=\"2063\" data-end=\"2110\">exp\u00e9riences vraies, s\u00e9lectionn\u00e9es avec soin<\/strong>, parfaites pour ceux qui veulent vivre Venise de mani\u00e8re active, authentique et d\u00e9tendue.<\/p>\n<h2 class=\"\" style=\"text-align: left;\" data-start=\"2202\" data-end=\"2256\">Jeune Couple: ce qui vous attend juste devant la porte de l\u2019h\u00f4tel<\/h2>\n<p class=\"\" style=\"text-align: left;\" data-start=\"2258\" data-end=\"2446\">Nous avons s\u00e9lectionn\u00e9 une s\u00e9rie d\u2019activit\u00e9s et de lieux sp\u00e9ciaux, tous accessibles \u00e0 pied depuis l\u2019h\u00f4tel, qui vous feront vous sentir <strong data-start=\"2393\" data-end=\"2445\">acteurs de la ville plut\u00f4t que simples visiteurs<\/strong>.<\/p>\n<p class=\"\" style=\"text-align: left;\" data-start=\"2448\" data-end=\"2462\">Vous pourrez:<\/p>\n<p class=\"\" style=\"text-align: left;\" data-start=\"2466\" data-end=\"2592\">&#8211; D\u00e9couvrir la magie de la <em><strong data-start=\"2491\" data-end=\"2520\">Fondamenta degli Ormesini<\/strong><\/em>, o\u00f9 les V\u00e9nitiens se retrouvent pour l\u2019ap\u00e9ritif au coucher du soleil.<\/p>\n<p class=\"\" style=\"text-align: left;\" data-start=\"2595\" data-end=\"2838\">&#8211; Faire un tour parmi les meilleurs <a href=\"https:\/\/hotelalleguglie.com\/fr\/que-peut-faire-un-jeune-couple-pres-de-hotel-alle-guglie\/spritz-et-cicchetti-a-strada-nova\/\"><em><strong data-start=\"2629\" data-end=\"2639\">bacari<\/strong><\/em><\/a> du quartier, comme <em><strong data-start=\"2659\" data-end=\"2671\">Al Timon<\/strong>, <strong data-start=\"2673\" data-end=\"2693\">Paradiso Perduto<\/strong>, <strong data-start=\"2695\" data-end=\"2710\">El Sbarlefo<\/strong>, <strong data-start=\"2712\" data-end=\"2732\">Osteria al Ponte<\/strong> et <strong data-start=\"2736\" data-end=\"2763\">Cantina Vecia Carbonera<\/strong><\/em>, et go\u00fbter aux cicchetti typiques dans les lieux pr\u00e9f\u00e9r\u00e9s des habitants.<\/p>\n<p class=\"\" style=\"text-align: left;\" data-start=\"2841\" data-end=\"3006\">&#8211; Vous arr\u00eater \u00e0 la <em><strong data-start=\"2859\" data-end=\"2882\">Trattoria Ca\u2019 D\u2019Oro<\/strong><\/em>, o\u00f9 l\u2019on ne sert pas de spritz mais o\u00f9 l\u2019on d\u00e9guste la meilleure boulette de viande de Venise, dans un cadre authentique.<\/p>\n<p class=\"\" style=\"text-align: left;\" data-start=\"3009\" data-end=\"3160\">&#8211; D\u00e9couvrir des coins cach\u00e9s comme le <a href=\"https:\/\/hotelalleguglie.com\/fr\/ponte-chiodo-a-venise\/\"><strong data-start=\"3045\" data-end=\"3061\"><em>Ponte Chiod<\/em>o<\/strong><\/a>, le seul pont de la ville sans rambarde, parfait pour une pause photo symbolique et inoubliable.<\/p>\n<p class=\"\" style=\"text-align: left;\" data-start=\"3163\" data-end=\"3338\">&#8211; Commencer la journ\u00e9e avec un <strong><a href=\"https:\/\/hotelalleguglie.com\/fr\/que-peut-faire-un-jeune-couple-pres-de-hotel-alle-guglie\/petit-dejeuner-a-venise-les-meilleures-adresses-pour-bien-commencer-la-journee-en-couple\/\">petit-d\u00e9jeuner<\/a><\/strong> typiquement v\u00e9nitien \u00e0 la <em><strong data-start=\"3233\" data-end=\"3256\">Pasticceria Pitteri<\/strong><\/em> ou \u00e0 la <em><strong data-start=\"3265\" data-end=\"3292\">Torrefazione Cannaregio<\/strong><\/em>, dans une atmosph\u00e8re chaleureuse et locale.<\/p>\n<p class=\"\" style=\"text-align: left;\" data-start=\"3341\" data-end=\"3575\">&#8211; D\u00eener en amoureux dans des <strong><a href=\"https:\/\/hotelalleguglie.com\/fr\/que-peut-faire-un-jeune-couple-pres-de-hotel-alle-guglie\/diner-romantique-pour-jeunes-couples-a-venise\/\">restaurants<\/a><\/strong> choisis avec soin, comme la chaleureuse <em><strong data-start=\"3420\" data-end=\"3449\">Osteria ai Promessi Sposi<\/strong><\/em>, l\u2019excellente <em><strong data-start=\"3464\" data-end=\"3487\">Osteria alla Frasca<\/strong><\/em>, sp\u00e9cialis\u00e9e dans les poissons, ou le <em><strong data-start=\"3526\" data-end=\"3552\">Ristorante Casa Bonita<\/strong><\/em>, \u00e9l\u00e9gant et moderne.<\/p>\n<p class=\"\" style=\"text-align: left;\" data-start=\"3578\" data-end=\"3774\">\u00a0&#8211; Explorer l\u2019histoire du <strong><a href=\"https:\/\/hotelalleguglie.com\/fr\/que-peut-faire-un-jeune-couple-pres-de-hotel-alle-guglie\/ghetto-juif\/\">Ghetto juif<\/a><\/strong>, d\u00e9couvrir les l\u00e9gendes du Campo dei Mori, se perdre dans les ruelles moins fr\u00e9quent\u00e9es ou voguer en kayak pour voir Venise sous un angle totalement diff\u00e9rent.<\/p>\n<p class=\"\" style=\"text-align: left;\" data-start=\"3777\" data-end=\"3865\">&#8211; Profiter de la ville m\u00eame le <strong><a href=\"https:\/\/hotelalleguglie.com\/fr\/que-peut-faire-un-jeune-couple-pres-de-hotel-alle-guglie\/soirees-a-venise-en-couple-idees-authentiques-et-spontanees\/\">soir<\/a><\/strong>, entre concerts, bars jeunes et caves \u00e0 vin discr\u00e8tes.<\/p>\n<h2 class=\"\" style=\"text-align: left;\" data-start=\"3867\" data-end=\"3912\">Une Venise jeune, dynamique et surprenante<\/h2>\n<p class=\"\" style=\"text-align: left;\" data-start=\"3914\" data-end=\"4279\">Notre s\u00e9lection d\u2019exp\u00e9riences est pens\u00e9e pour les couples qui veulent plus que le romantisme classique: <strong data-start=\"4019\" data-end=\"4074\">de la vitalit\u00e9, de l\u2019exploration, de la spontan\u00e9it\u00e9<\/strong>. Un d\u00eener improvis\u00e9 avec vue sur le canal, une balade nocturne apr\u00e8s un concert, un caf\u00e9 tranquille dans un lieu fr\u00e9quent\u00e9 par les V\u00e9nitiens \u2013 ce sont ces petits moments qui rendent un s\u00e9jour inoubliable.<\/p>\n<h2 class=\"\" style=\"text-align: left;\" data-start=\"4281\" data-end=\"4353\">Vivez Venise comme un local\u2026 avec tout le confort d\u2019un boutique h\u00f4tel<\/h2>\n<p class=\"\" style=\"text-align: left;\" data-start=\"4355\" data-end=\"4766\">Venise est faite pour ceux qui savent ralentir, observer, se perdre\u2026 et se retrouver dans des lieux pleins de charme. \u00c0 l\u2019H\u00f4tel Alle Guglie, nous voulons que chaque couple d\u00e9couvre cette facette particuli\u00e8re de la ville: <strong data-start=\"4577\" data-end=\"4667\"><a href=\"https:\/\/hotelalleguglie.com\/fr\/\">r\u00e9servez d\u00e8s maintenant votre s\u00e9jour<\/a> et laissez-vous guider dans un voyage authentique<\/strong>, fait d\u2019atmosph\u00e8res, de saveurs, d\u2019\u00e9motions et de petits d\u00e9tails qui rendent chaque moment unique.<\/p>\n","protected":false},"excerpt":{"rendered":"<p>Que peut faire un jeune couple pr\u00e8s de l\u2019H\u00f4tel Alle Guglie: exp\u00e9riences authentiques, saveurs locales et coins secrets \u00e0 partager \u00e0 deux au c\u0153ur de Cannaregio Venise est depuis toujours l\u2019une des villes les plus romantiques au monde. Mais pour un jeune couple \u00e2g\u00e9 de 25 \u00e0 50 ans \u00e0 la recherche d\u2019exp\u00e9riences vraies, contemporaines [&hellip;]<\/p>\n","protected":false},"author":1,"featured_media":3874,"parent":0,"menu_order":0,"comment_status":"closed","ping_status":"closed","template":"template-pages-arcadia.php","meta":{"_acf_changed":false,"footnotes":""},"class_list":["post-3946","page","type-page","status-publish","has-post-thumbnail","hentry"],"acf":[],"_links":{"self":[{"href":"https:\/\/hotelalleguglie.com\/fr\/wp-json\/wp\/v2\/pages\/3946","targetHints":{"allow":["GET"]}}],"collection":[{"href":"https:\/\/hotelalleguglie.com\/fr\/wp-json\/wp\/v2\/pages"}],"about":[{"href":"https:\/\/hotelalleguglie.com\/fr\/wp-json\/wp\/v2\/types\/page"}],"author":[{"embeddable":true,"href":"https:\/\/hotelalleguglie.com\/fr\/wp-json\/wp\/v2\/users\/1"}],"replies":[{"embeddable":true,"href":"https:\/\/hotelalleguglie.com\/fr\/wp-json\/wp\/v2\/comments?post=3946"}],"version-history":[{"count":0,"href":"https:\/\/hotelalleguglie.com\/fr\/wp-json\/wp\/v2\/pages\/3946\/revisions"}],"wp:featuredmedia":[{"embeddable":true,"href":"https:\/\/hotelalleguglie.com\/fr\/wp-json\/wp\/v2\/media\/3874"}],"wp:attachment":[{"href":"https:\/\/hotelalleguglie.com\/fr\/wp-json\/wp\/v2\/media?parent=3946"}],"curies":[{"name":"wp","href":"https:\/\/api.w.org\/{rel}","templated":true}]}}