{"id":3781,"date":"2017-10-18T11:00:23","date_gmt":"2017-10-18T11:00:23","guid":{"rendered":"https:\/\/www.hotelalleguglie.com\/privacy\/"},"modified":"2025-05-06T14:22:27","modified_gmt":"2025-05-06T14:22:27","slug":"privacy","status":"publish","type":"page","link":"https:\/\/hotelalleguglie.com\/fr\/privacy\/","title":{"rendered":"Privacy"},"content":{"rendered":"\n<p class=\"\" style=\"text-align: left;\" data-start=\"106\" data-end=\"177\"><strong data-start=\"106\" data-end=\"177\">Informations conform\u00e9ment \u00e0 l\u2019article 13 du R\u00e8glement (UE) 2016\/679<\/strong><\/p>\n<p class=\"\" style=\"text-align: left;\" data-start=\"179\" data-end=\"772\">Nous vous informons que le R\u00e8glement (UE) 2016\/679 r\u00e9git le traitement des donn\u00e9es \u00e0 caract\u00e8re personnel des personnes physiques. Conform\u00e9ment \u00e0 ce r\u00e8glement, le traitement sera bas\u00e9 sur les principes de loyaut\u00e9, lic\u00e9it\u00e9, transparence et protection de vos donn\u00e9es personnelles et de vos droits.<br data-start=\"473\" data-end=\"476\" \/>Nous vous informons que, pour l\u2019\u00e9tablissement et l\u2019ex\u00e9cution des relations contractuelles en cours avec vous, nous d\u00e9tenons des donn\u00e9es vous concernant, recueillies verbalement, directement ou par l\u2019interm\u00e9diaire de tiers, consid\u00e9r\u00e9es comme donn\u00e9es personnelles au sens du r\u00e8glement susmentionn\u00e9.<\/p>\n<p class=\"\" style=\"text-align: left;\" data-start=\"774\" data-end=\"861\">Conform\u00e9ment \u00e0 l\u2019article 13 du RGPD, nous vous fournissons les informations suivantes :<\/p>\n<ol data-start=\"863\" data-end=\"3942\">\n<li class=\"\" style=\"text-align: left;\" data-start=\"863\" data-end=\"1101\">\n<p class=\"\" data-start=\"866\" data-end=\"1101\"><strong data-start=\"866\" data-end=\"922\">Identit\u00e9 et coordonn\u00e9es du Responsable du traitement<\/strong><br data-start=\"922\" data-end=\"925\" \/>Bianco Hotel S.r.l., Piazza Brescia, 10\/A 30016 Jesolo (VE), TVA \u2013 Code fiscal 03229600279<br data-start=\"1015\" data-end=\"1018\" \/>T\u00e9l\u00e9phone : +39 041 717355, Fax : +39 041 714361<br data-start=\"1066\" data-end=\"1069\" \/>Email : <a class=\"cursor-pointer\" rel=\"noopener\" data-start=\"1077\" data-end=\"1101\">info@hotelalleguglie.com<\/a><\/p>\n<\/li>\n<li class=\"\" style=\"text-align: left;\" data-start=\"1103\" data-end=\"2064\">\n<p class=\"\" data-start=\"1106\" data-end=\"2064\"><strong data-start=\"1106\" data-end=\"1151\">Finalit\u00e9s et base juridique du traitement<\/strong><br data-start=\"1151\" data-end=\"1154\" \/>Le traitement poursuit les finalit\u00e9s suivantes :<br data-start=\"1202\" data-end=\"1205\" \/>a) <strong data-start=\"1208\" data-end=\"1260\">Analyse statistique des visites agr\u00e9g\u00e9es du site<\/strong> : Les syst\u00e8mes informatiques et les proc\u00e9dures logicielles responsables du fonctionnement de ce site web collectent, au cours de leur fonctionnement normal, certaines donn\u00e9es personnelles dont la transmission est implicite dans l\u2019utilisation des protocoles de communication Internet. Concernant les cookies tiers, nous pr\u00e9cisons que nous avons adopt\u00e9 des outils r\u00e9duisant leur pouvoir d\u2019identification et que les tiers ne croisent pas les donn\u00e9es collect\u00e9es avec d\u2019autres dont ils disposent ;<br data-start=\"1753\" data-end=\"1756\" \/>b) <strong data-start=\"1759\" data-end=\"1812\">Donn\u00e9es fournies volontairement par l\u2019utilisateur<\/strong> : L\u2019envoi facultatif, explicite et volontaire de courriels aux adresses indiqu\u00e9es sur ce site entra\u00eene l\u2019acquisition de l\u2019adresse de l\u2019exp\u00e9diteur, n\u00e9cessaire pour r\u00e9pondre aux demandes, ainsi que toute autre donn\u00e9e personnelle incluse dans le message.<\/p>\n<\/li>\n<li class=\"\" style=\"text-align: left;\" data-start=\"2066\" data-end=\"2268\">\n<p class=\"\" data-start=\"2069\" data-end=\"2268\"><strong data-start=\"2069\" data-end=\"2106\">Dur\u00e9e de conservation des donn\u00e9es<\/strong><br data-start=\"2106\" data-end=\"2109\" \/>Les cookies sont conserv\u00e9s sur l\u2019appareil du visiteur pendant la dur\u00e9e pr\u00e9vue pour chaque cookie (voir la page Politique des cookies pour plus d\u2019informations).<\/p>\n<\/li>\n<li class=\"\" style=\"text-align: left;\" data-start=\"2270\" data-end=\"2388\">\n<p class=\"\" data-start=\"2273\" data-end=\"2388\"><strong data-start=\"2273\" data-end=\"2300\">Modalit\u00e9s de traitement<\/strong><br data-start=\"2300\" data-end=\"2303\" \/>Le traitement sera effectu\u00e9 \u00e0 l\u2019aide d\u2019outils informatiques et\/ou sur support papier.<\/p>\n<\/li>\n<li class=\"\" style=\"text-align: left;\" data-start=\"2390\" data-end=\"2525\">\n<p class=\"\" data-start=\"2393\" data-end=\"2525\"><strong data-start=\"2393\" data-end=\"2428\">Nature des donn\u00e9es personnelles<\/strong><br data-start=\"2428\" data-end=\"2431\" \/>Les donn\u00e9es trait\u00e9es comprennent vos donn\u00e9es personnelles ainsi que vos donn\u00e9es de navigation.<\/p>\n<\/li>\n<li class=\"\" style=\"text-align: left;\" data-start=\"2527\" data-end=\"2700\">\n<p class=\"\" data-start=\"2530\" data-end=\"2700\"><strong data-start=\"2530\" data-end=\"2598\">Caract\u00e8re obligatoire ou facultatif de la fourniture des donn\u00e9es<\/strong><br data-start=\"2598\" data-end=\"2601\" \/>La fourniture des donn\u00e9es est obligatoire car elle est n\u00e9cessaire aux finalit\u00e9s d\u00e9crites ci-dessus.<\/p>\n<\/li>\n<li class=\"\" style=\"text-align: left;\" data-start=\"2702\" data-end=\"2999\">\n<p class=\"\" data-start=\"2705\" data-end=\"2999\"><strong data-start=\"2705\" data-end=\"2759\">Champ de communication et de diffusion des donn\u00e9es<\/strong><br data-start=\"2759\" data-end=\"2762\" \/>Les donn\u00e9es contenues sur le site peuvent \u00eatre communiqu\u00e9es \u00e0 des prestataires externes pour la maintenance et la mise \u00e0 jour du site, ainsi qu\u2019au fournisseur d\u2019h\u00e9bergement. Les donn\u00e9es ne seront en aucun cas diffus\u00e9es en dehors de l\u2019UE.<\/p>\n<\/li>\n<li class=\"\" style=\"text-align: left;\" data-start=\"3001\" data-end=\"3214\">\n<p class=\"\" data-start=\"3004\" data-end=\"3214\"><strong data-start=\"3004\" data-end=\"3039\">Droits de la personne concern\u00e9e<\/strong><br data-start=\"3039\" data-end=\"3042\" \/>Vous pouvez exercer vos droits conform\u00e9ment aux articles 15 (acc\u00e8s), 16 (rectification), 17 (effacement), 18 (limitation), 20 (portabilit\u00e9) et 21 (opposition) du R\u00e8glement.<\/p>\n<\/li>\n<li class=\"\" style=\"text-align: left;\" data-start=\"3216\" data-end=\"3582\">\n<p class=\"\" data-start=\"3219\" data-end=\"3582\"><strong data-start=\"3219\" data-end=\"3291\">Retrait du consentement et exercice des droits mentionn\u00e9s au point 8<\/strong><br data-start=\"3291\" data-end=\"3294\" \/>Si vous souhaitez obtenir plus d\u2019informations sur le traitement de vos donn\u00e9es personnelles, exercer les droits susmentionn\u00e9s ou retirer votre consentement au traitement de vos donn\u00e9es, vous pouvez envoyer une lettre recommand\u00e9e avec accus\u00e9 de r\u00e9ception \u00e0 l\u2019adresse mentionn\u00e9e au point 1.<\/p>\n<\/li>\n<li class=\"\" data-start=\"3584\" data-end=\"3942\">\n<p class=\"\" style=\"text-align: left;\" data-start=\"3588\" data-end=\"3942\"><strong data-start=\"3588\" data-end=\"3660\">Droit d\u2019introduire une r\u00e9clamation aupr\u00e8s d\u2019une autorit\u00e9 de contr\u00f4le<\/strong><br data-start=\"3660\" data-end=\"3663\" \/>Conform\u00e9ment \u00e0 la loi, vous avez le droit de d\u00e9poser une r\u00e9clamation aupr\u00e8s d\u2019une autorit\u00e9 de contr\u00f4le. Vous pouvez consulter le site du Garant italien de la protection des donn\u00e9es pour savoir comment prot\u00e9ger vos donn\u00e9es : <a class=\"\" href=\"https:\/\/www.garanteprivacy.it\" target=\"_new\" rel=\"noopener\" data-start=\"3887\" data-end=\"3941\">Garante della Privacy<\/a>.<\/p>\n<\/li>\n<\/ol>\n","protected":false},"excerpt":{"rendered":"<p>Informations conform\u00e9ment \u00e0 l\u2019article 13 du R\u00e8glement (UE) 2016\/679 Nous vous informons que le R\u00e8glement (UE) 2016\/679 r\u00e9git le traitement des donn\u00e9es \u00e0 caract\u00e8re personnel des personnes physiques. Conform\u00e9ment \u00e0 ce r\u00e8glement, le traitement sera bas\u00e9 sur les principes de loyaut\u00e9, lic\u00e9it\u00e9, transparence et protection de vos donn\u00e9es personnelles et de vos droits.Nous vous informons [&hellip;]<\/p>\n","protected":false},"author":1,"featured_media":0,"parent":0,"menu_order":0,"comment_status":"closed","ping_status":"closed","template":"","meta":{"_acf_changed":false,"footnotes":""},"class_list":["post-3781","page","type-page","status-publish","hentry"],"acf":[],"_links":{"self":[{"href":"https:\/\/hotelalleguglie.com\/fr\/wp-json\/wp\/v2\/pages\/3781","targetHints":{"allow":["GET"]}}],"collection":[{"href":"https:\/\/hotelalleguglie.com\/fr\/wp-json\/wp\/v2\/pages"}],"about":[{"href":"https:\/\/hotelalleguglie.com\/fr\/wp-json\/wp\/v2\/types\/page"}],"author":[{"embeddable":true,"href":"https:\/\/hotelalleguglie.com\/fr\/wp-json\/wp\/v2\/users\/1"}],"replies":[{"embeddable":true,"href":"https:\/\/hotelalleguglie.com\/fr\/wp-json\/wp\/v2\/comments?post=3781"}],"version-history":[{"count":0,"href":"https:\/\/hotelalleguglie.com\/fr\/wp-json\/wp\/v2\/pages\/3781\/revisions"}],"wp:attachment":[{"href":"https:\/\/hotelalleguglie.com\/fr\/wp-json\/wp\/v2\/media?parent=3781"}],"curies":[{"name":"wp","href":"https:\/\/api.w.org\/{rel}","templated":true}]}}