{"id":3565,"date":"2017-01-03T12:11:29","date_gmt":"2017-01-03T12:11:29","guid":{"rendered":"https:\/\/www.hotelalleguglie.com\/la-nostra-residenza-di-charme\/"},"modified":"2023-06-05T12:25:34","modified_gmt":"2023-06-05T12:25:34","slug":"la-nostra-residenza-di-charme","status":"publish","type":"page","link":"https:\/\/hotelalleguglie.com\/fr\/la-nostra-residenza-di-charme\/","title":{"rendered":"Notre r\u00e9sidence de charme"},"content":{"rendered":"<p><strong>Alle Guglie Boutique Hotel<\/strong> est une ancienne maison v\u00e9nitienne r\u00e9cemment restaur\u00e9e et l\u2019atmosph\u00e8re que vous pourrez vivre est celle d\u2019un petit h\u00f4tel de charme discret, au go\u00fbt raffin\u00e9 et fort.<\/p>\n<p>Au centre du palais se trouve un splendide double arc en plein cintre en marbre, ayant inspir\u00e9 le logo de notre h\u00f4tel. Vous pouvez le trouver dans beaucoup de nos d\u00e9corations et d\u00e9tails d\u2019ameublement, dans les espaces communs ainsi que dans les chambres.<\/p>\n<p>Nous aimons \u00e0 penser que cela peut repr\u00e9senter notre engagement constant \u00e0 traiter avec honneur et respect les \u00e9motions que vous souhaitez partager avec nous, en vous offrant \u00e0 tout moment et avec amour, un service comp\u00e9tent, sinc\u00e8re et professionnel.<\/p>\n<p>L\u2019h\u00f4tel est situ\u00e9 \u00e0 Cannaregio, le quartier le plus vivant et le plus palpitant de Venise, et peut-\u00eatre le plus authentique. Seulement ici, vous trouverez un m\u00e9lange inhabituel et bizarre de lumi\u00e8re et d\u2019ombres, de terre et d\u2019eau, de travail et de paix. Juste en face de nous, le long de la \u00ab\u00a0Strada Nova\u00a0\u00bb, vous trouverez tous les services et les attractions de la Venise \u00ab\u00a0des V\u00e9nitiens\u00a0\u00bb, pleine de lumi\u00e8re, de bruit et de personnes\u00a0; mais il suffit de tourner au coin et de faire quelques pas le long du canal de la Mis\u00e9ricorde ou de la Madonna dell\u2019Orto et vous d\u00e9couvrirez un monde diff\u00e9rent, domin\u00e9 par les couleurs des vrais canaux v\u00e9nitiens et de la lagune. Ici, vous trouverez une paix extraordinaire et des vues \u00e0 couper le souffle selon les saisons ou tout simplement le temps. Et peut-\u00eatre retrouver, entre un coucher de soleil ou une aube silencieuse, un peu de s\u00e9r\u00e9nit\u00e9 et une nouvelle s\u00e8ve vitale.<\/p>\n\n\n<p><\/p>\n","protected":false},"excerpt":{"rendered":"<p>Alle Guglie Boutique Hotel est une ancienne maison v\u00e9nitienne r\u00e9cemment restaur\u00e9e et l\u2019atmosph\u00e8re que vous pourrez vivre est celle d\u2019un petit h\u00f4tel de charme discret, au go\u00fbt raffin\u00e9 et fort. Au centre du palais se trouve un splendide double arc en plein cintre en marbre, ayant inspir\u00e9 le logo de notre h\u00f4tel. Vous pouvez le [&hellip;]<\/p>\n","protected":false},"author":1,"featured_media":2484,"parent":0,"menu_order":0,"comment_status":"closed","ping_status":"closed","template":"template-pages-arcadia.php","meta":{"_acf_changed":false,"footnotes":""},"class_list":["post-3565","page","type-page","status-publish","has-post-thumbnail","hentry"],"acf":[],"_links":{"self":[{"href":"https:\/\/hotelalleguglie.com\/fr\/wp-json\/wp\/v2\/pages\/3565","targetHints":{"allow":["GET"]}}],"collection":[{"href":"https:\/\/hotelalleguglie.com\/fr\/wp-json\/wp\/v2\/pages"}],"about":[{"href":"https:\/\/hotelalleguglie.com\/fr\/wp-json\/wp\/v2\/types\/page"}],"author":[{"embeddable":true,"href":"https:\/\/hotelalleguglie.com\/fr\/wp-json\/wp\/v2\/users\/1"}],"replies":[{"embeddable":true,"href":"https:\/\/hotelalleguglie.com\/fr\/wp-json\/wp\/v2\/comments?post=3565"}],"version-history":[{"count":0,"href":"https:\/\/hotelalleguglie.com\/fr\/wp-json\/wp\/v2\/pages\/3565\/revisions"}],"wp:featuredmedia":[{"embeddable":true,"href":"https:\/\/hotelalleguglie.com\/fr\/wp-json\/wp\/v2\/media\/2484"}],"wp:attachment":[{"href":"https:\/\/hotelalleguglie.com\/fr\/wp-json\/wp\/v2\/media?parent=3565"}],"curies":[{"name":"wp","href":"https:\/\/api.w.org\/{rel}","templated":true}]}}