{"id":3560,"date":"2017-01-03T10:23:32","date_gmt":"2017-01-03T10:23:32","guid":{"rendered":"https:\/\/www.hotelalleguglie.com\/camere\/"},"modified":"2025-04-16T10:49:44","modified_gmt":"2025-04-16T10:49:44","slug":"chambres","status":"publish","type":"page","link":"https:\/\/hotelalleguglie.com\/fr\/chambres\/","title":{"rendered":"Chambres"},"content":{"rendered":"<p>Chaque chambre de notre h\u00f4tel-boutique se caract\u00e9rise par un confort de haut niveau et un d\u00e9cor exclusif.<\/p>\n<p>Le fil conducteur que nous avons choisi pour nos meubles est celui de l\u2019arc en plein cintre que vous pouvez \u00e9galement trouver dans le proche Ponte delle Guglie.<\/p>\n<p>Chaque objet \u00e0 l\u2019int\u00e9rieur de la chambre le rappelle, du bureau \u00e0 la t\u00eate de lit, soulignant le caract\u00e8re r\u00e9solu et contemporain de notre r\u00e9sidence de charme.<\/p>\n","protected":false},"excerpt":{"rendered":"<p>Chaque chambre de notre h\u00f4tel-boutique se caract\u00e9rise par un confort de haut niveau et un d\u00e9cor exclusif. Le fil conducteur que nous avons choisi pour nos meubles est celui de l\u2019arc en plein cintre que vous pouvez \u00e9galement trouver dans le proche Ponte delle Guglie. Chaque objet \u00e0 l\u2019int\u00e9rieur de la chambre le rappelle, du [&hellip;]<\/p>\n","protected":false},"author":1,"featured_media":2500,"parent":0,"menu_order":0,"comment_status":"closed","ping_status":"closed","template":"template-pages-arcadia.php","meta":{"_acf_changed":false,"footnotes":""},"class_list":["post-3560","page","type-page","status-publish","has-post-thumbnail","hentry"],"acf":[],"_links":{"self":[{"href":"https:\/\/hotelalleguglie.com\/fr\/wp-json\/wp\/v2\/pages\/3560","targetHints":{"allow":["GET"]}}],"collection":[{"href":"https:\/\/hotelalleguglie.com\/fr\/wp-json\/wp\/v2\/pages"}],"about":[{"href":"https:\/\/hotelalleguglie.com\/fr\/wp-json\/wp\/v2\/types\/page"}],"author":[{"embeddable":true,"href":"https:\/\/hotelalleguglie.com\/fr\/wp-json\/wp\/v2\/users\/1"}],"replies":[{"embeddable":true,"href":"https:\/\/hotelalleguglie.com\/fr\/wp-json\/wp\/v2\/comments?post=3560"}],"version-history":[{"count":0,"href":"https:\/\/hotelalleguglie.com\/fr\/wp-json\/wp\/v2\/pages\/3560\/revisions"}],"wp:featuredmedia":[{"embeddable":true,"href":"https:\/\/hotelalleguglie.com\/fr\/wp-json\/wp\/v2\/media\/2500"}],"wp:attachment":[{"href":"https:\/\/hotelalleguglie.com\/fr\/wp-json\/wp\/v2\/media?parent=3560"}],"curies":[{"name":"wp","href":"https:\/\/api.w.org\/{rel}","templated":true}]}}