{"id":3555,"date":"2017-01-03T12:12:25","date_gmt":"2017-01-03T12:12:25","guid":{"rendered":"https:\/\/www.hotelalleguglie.com\/dove-siamo\/"},"modified":"2023-06-05T12:32:26","modified_gmt":"2023-06-05T12:32:26","slug":"ou-nous-trouver","status":"publish","type":"page","link":"https:\/\/hotelalleguglie.com\/fr\/ou-nous-trouver\/","title":{"rendered":"O\u00f9 nous trouver"},"content":{"rendered":"\n<iframe data-src=\"https:\/\/www.google.com\/maps\/d\/u\/0\/embed?mid=1sP7Hw5QIWpJEtdQuO70utxUkWgvuT3A&amp;ehbc=2E312F\" width=\"100%\" height=\"480\" src=\"data:image\/svg+xml;base64,PHN2ZyB3aWR0aD0iMSIgaGVpZ2h0PSIxIiB4bWxucz0iaHR0cDovL3d3dy53My5vcmcvMjAwMC9zdmciPjwvc3ZnPg==\" class=\"lazyload\" data-load-mode=\"1\"><\/iframe>\n\n\n\n<p class=\"has-text-align-left\"><strong>Alle Guglie Boutique Hotel, <\/strong>une r\u00e9sidence de charme raffin\u00e9e \u00e0 Venise, se situe dans le quartier de Cannaregio, le c\u0153ur battant et anim\u00e9 de la ville, \u00e0 proximit\u00e9 de la gare de Santa Lucia et de la Piazzale Roma, mais \u00e0 quelques pas de la place Saint-Marc et du pont du Rialto. Le palais qui abrite cet h\u00f4tel-boutique sophistiqu\u00e9 donne sur Rio Ter\u00e0 San Leonardo, \u00e0 quelques pas du casino sur le Grand Canal et de l\u2019ancien ghetto juif. Depuis le Guglie Boutique Hotel, vous pourrez \u00e9galement admirer le Ponte delle Guglie, l\u2019un des ponts les plus importants de Venise, connu pour encadrer depuis toujours des \u00e9v\u00e9nements tels que la R\u00e9gate historique et la Vogalonga.<\/p>\n\n\n\n<hr class=\"wp-block-separator\"\/>\n\n\n\n<div id=\"aereo\" class=\"wp-block-image\"><figure class=\"alignleft size-large is-resized\"><img decoding=\"async\" data-src=\"https:\/\/hotelalleguglie.com\/wp-content\/uploads\/2023\/03\/1.png\" alt=\"\" class=\"wp-image-3005 lazyload\" width=\"50\" height=\"50\" data-srcset=\"https:\/\/hotelalleguglie.com\/wp-content\/uploads\/2023\/03\/1.png 200w, https:\/\/hotelalleguglie.com\/wp-content\/uploads\/2023\/03\/1-150x150.png 150w\" data-sizes=\"(max-width: 50px) 100vw, 50px\" src=\"data:image\/svg+xml;base64,PHN2ZyB3aWR0aD0iMSIgaGVpZ2h0PSIxIiB4bWxucz0iaHR0cDovL3d3dy53My5vcmcvMjAwMC9zdmciPjwvc3ZnPg==\" style=\"--smush-placeholder-width: 50px; --smush-placeholder-aspect-ratio: 50\/50;\" \/><\/figure><\/div>\n\n\n\n<p class=\"has-text-align-left has-black-color has-text-color\"><strong>De l\u2019a\u00e9roport de Venise \u00ab&nbsp;Marco Polo&nbsp;\u00bb<\/strong><\/p>\n\n\n\n<p class=\"has-text-align-left\"><strong>Alilaguna \u2013&nbsp;ligne orange&nbsp;: <\/strong>apr\u00e8s 45&nbsp;minutes, descendre \u00e0 l\u2019arr\u00eat Guglie, tourner \u00e0 droite, puis lorsque vous atteignez le Ponte delle Guglie, tourner \u00e0 gauche le long du Rio Ter\u00e0 San Leonardo. L\u2019Arcadia Boutique Hotel est \u00e0 30&nbsp;m\u00e8tres sur la gauche.<\/p>\n\n\n\n<p class=\"has-text-align-left\"><strong>Bateau-taxi priv\u00e9&nbsp;: <\/strong>le quai du Ponte delle Guglie est accessible en 20&nbsp;minutes. L\u2019Arcadia Boutique Hotel est \u00e0 30&nbsp;m\u00e8tres sur la gauche.<\/p>\n\n\n\n<p class=\"has-text-align-left\"><strong>Bus ATVO ou bus ACTV, ligne&nbsp;5&nbsp;: <\/strong>vous pouvez rejoindre Piazzale Roma en 25&nbsp;minutes.<\/p>\n\n\n\n<p class=\"has-text-align-left\"><strong>Taxi&nbsp;:<\/strong> vous pouvez rejoindre Piazzale Roma en 20&nbsp;minutes.<\/p>\n\n\n\n<p class=\"has-text-align-left\"><strong>\u00c0 pied&nbsp;:<\/strong> Alle Guglie Boutique Hotel est accessible en seulement 10&nbsp;minutes \u00e0 pied. Apr\u00e8s le pont de Calatrava, continuer tout droit le long de la Lista di Spagna et traverser le Ponte delle Guglie. Alle Guglie Boutique Hotel est \u00e0 30&nbsp;m\u00e8tres sur la droite.<\/p>\n\n\n\n<p class=\"has-text-align-left\"><strong>De l\u2019a\u00e9roport Canova de Tr\u00e9vise.<\/strong><\/p>\n\n\n\n<p class=\"has-text-align-left\"><strong>Bus ATVO ligne \u00ab&nbsp;Venise-Piazzale Roma&nbsp;\u00bb&nbsp;:<\/strong> vous pouvez rejoindre Piazzale Roma en 1&nbsp;heure.<\/p>\n\n\n\n<hr class=\"wp-block-separator\"\/>\n\n\n\n<div id=\"treno\" class=\"wp-block-image\"><figure class=\"alignleft size-large is-resized\"><img decoding=\"async\" data-src=\"https:\/\/hotelalleguglie.com\/wp-content\/uploads\/2023\/03\/2.png\" alt=\"\" class=\"wp-image-3016 lazyload\" width=\"50\" height=\"50\" data-srcset=\"https:\/\/hotelalleguglie.com\/wp-content\/uploads\/2023\/03\/2.png 200w, https:\/\/hotelalleguglie.com\/wp-content\/uploads\/2023\/03\/2-150x150.png 150w\" data-sizes=\"(max-width: 50px) 100vw, 50px\" src=\"data:image\/svg+xml;base64,PHN2ZyB3aWR0aD0iMSIgaGVpZ2h0PSIxIiB4bWxucz0iaHR0cDovL3d3dy53My5vcmcvMjAwMC9zdmciPjwvc3ZnPg==\" style=\"--smush-placeholder-width: 50px; --smush-placeholder-aspect-ratio: 50\/50;\" \/><\/figure><\/div>\n\n\n\n<p class=\"has-text-align-left has-black-color has-text-color\"><strong>De la gare Santa Lucia de Venise&nbsp;:<\/strong><\/p>\n\n\n\n<p class=\"has-text-align-left\">Depuis Santa Lucia, prendre le vaporetto ligne&nbsp;4.2 ou&nbsp;5.2 et descendre \u00e0 l\u2019arr\u00eat Guglie. <\/p>\n\n\n\n<p class=\"has-text-align-left\">Alle Guglie Boutique Hotel est accessible en seulement 10&nbsp;minutes \u00e0 pied de la gare Santa Lucia. Apr\u00e8s le pont de Calatrava, continuer tout droit le long de la Lista di Spagna et traverser le Ponte delle Guglie. Alle Guglie Boutique Hotel est \u00e0 30&nbsp;m\u00e8tres sur la droite. Depuis la gare Santa Lucia, vous pouvez \u00e9galement opter pour un bateau-taxi priv\u00e9 et rejoindre le quai du Ponte delle Guglie en 5&nbsp;minutes. Alle Guglie Boutique Hotel est \u00e0 30&nbsp;m\u00e8tres sur la droite.<\/p>\n\n\n\n<hr class=\"wp-block-separator\"\/>\n\n\n\n<div id=\"macchina\" class=\"wp-block-image\"><figure class=\"alignleft size-large is-resized\"><img decoding=\"async\" data-src=\"https:\/\/hotelalleguglie.com\/wp-content\/uploads\/2023\/03\/4.png\" alt=\"\" class=\"wp-image-3022 lazyload\" width=\"50\" height=\"50\" data-srcset=\"https:\/\/hotelalleguglie.com\/wp-content\/uploads\/2023\/03\/4.png 200w, https:\/\/hotelalleguglie.com\/wp-content\/uploads\/2023\/03\/4-150x150.png 150w\" data-sizes=\"(max-width: 50px) 100vw, 50px\" src=\"data:image\/svg+xml;base64,PHN2ZyB3aWR0aD0iMSIgaGVpZ2h0PSIxIiB4bWxucz0iaHR0cDovL3d3dy53My5vcmcvMjAwMC9zdmciPjwvc3ZnPg==\" style=\"--smush-placeholder-width: 50px; --smush-placeholder-aspect-ratio: 50\/50;\" \/><\/figure><\/div>\n\n\n\n<p class=\"has-text-align-left has-black-color has-text-color\"><strong>De Piazzale Roma<\/strong><\/p>\n\n\n\n<p class=\"has-text-align-left\" id=\"nave\">Rejoindre Piazzale Roma et garer votre voiture au garage San Marco, qui a un accord avec l\u2019h\u00f4tel. De Piazzale Roma, prendre le vaporetto ligne&nbsp;4.2 ou&nbsp;5.2 et descendre \u00e0 l\u2019arr\u00eat Guglie. Tourner \u00e0 droite, puis avant le Ponte delle Guglie, tourner \u00e0 gauche le long du Rio Ter\u00e0 San Leonardo. Alle Guglie Boutique Hotel est \u00e0 30&nbsp;m\u00e8tres sur la droite. Alternativement, prendre la ligne&nbsp;2 avec l\u2019arr\u00eat San Marcuola-Casino.<\/p>\n\n\n\n<p class=\"has-text-align-left\">Alle Guglie Boutique Hotel est accessible en seulement 10&nbsp;minutes \u00e0 pied de Piazzale Roma. Apr\u00e8s le pont de Calatrava, continuer tout droit le long de la Lista di Spagna et traverser le Ponte delle Guglie.<\/p>\n\n\n\n<hr class=\"wp-block-separator\"\/>\n\n\n\n<div class=\"wp-block-image\"><figure class=\"alignleft size-large is-resized\"><img decoding=\"async\" data-src=\"https:\/\/hotelalleguglie.com\/wp-content\/uploads\/2023\/03\/3.png\" alt=\"\" class=\"wp-image-3027 lazyload\" width=\"50\" height=\"50\" data-srcset=\"https:\/\/hotelalleguglie.com\/wp-content\/uploads\/2023\/03\/3.png 200w, https:\/\/hotelalleguglie.com\/wp-content\/uploads\/2023\/03\/3-150x150.png 150w\" data-sizes=\"(max-width: 50px) 100vw, 50px\" src=\"data:image\/svg+xml;base64,PHN2ZyB3aWR0aD0iMSIgaGVpZ2h0PSIxIiB4bWxucz0iaHR0cDovL3d3dy53My5vcmcvMjAwMC9zdmciPjwvc3ZnPg==\" style=\"--smush-placeholder-width: 50px; --smush-placeholder-aspect-ratio: 50\/50;\" \/><\/figure><\/div>\n\n\n\n<p class=\"has-text-align-left has-black-color has-text-color\"><strong>Depuis le terminal de croisi\u00e8re Tronchetto<\/strong><\/p>\n\n\n\n<p class=\"has-text-align-left\">Prendre le <strong>People Mover<\/strong> et rejoindre Piazzale Roma. De Piazzale Roma, prendre le vaporetto ligne&nbsp;4.2 ou&nbsp;5.2 et descendre \u00e0 l\u2019arr\u00eat Guglie. Tourner \u00e0 droite, puis \u00e0 gauche le long du Rio Ter\u00e0 San Leonardo. Alle Guglie Boutique Hotel est \u00e0 30&nbsp;m\u00e8tres sur la droite. Alternativement, prendre la ligne&nbsp;2 jusqu\u2019\u00e0 l\u2019arr\u00eat San Marcuola-Casino et descendre \u00e0 l\u2019arr\u00eat Guglie.<\/p>\n\n\n\n<p class=\"has-text-align-left\">Alle Guglie Boutique Hotel est accessible en seulement 10&nbsp;minutes \u00e0 pied de Piazzale Roma. Apr\u00e8s le pont de Calatrava, continuer tout droit le long de la Lista di Spagna et traverser le Ponte delle Guglie.<\/p>\n\n\n\n<p class=\"has-text-align-left\">De Piazzale Roma, vous pouvez \u00e9galement opter pour un bateau-taxi priv\u00e9 et rejoindre le quai du Ponte delle Guglie en 5&nbsp;minutes.<\/p>\n\n\n\n<p class=\"has-text-align-left\">Depuis le port, vous pouvez \u00e9galement rejoindre l\u2019h\u00f4tel avec un service de taxi priv\u00e9 avec lequel vous d\u00e9barquez \u00e0 l\u2019embarcad\u00e8re du Ponte delle Guglie, \u00e0 quelques m\u00e8tres de Guglie Boutique Hotel.<\/p>\n","protected":false},"excerpt":{"rendered":"<p>Alle Guglie Boutique Hotel, une r\u00e9sidence de charme raffin\u00e9e \u00e0 Venise, se situe dans le quartier de Cannaregio, le c\u0153ur battant et anim\u00e9 de la ville, \u00e0 proximit\u00e9 de la gare de Santa Lucia et de la Piazzale Roma, mais \u00e0 quelques pas de la place Saint-Marc et du pont du Rialto. Le palais qui [&hellip;]<\/p>\n","protected":false},"author":1,"featured_media":2435,"parent":0,"menu_order":0,"comment_status":"closed","ping_status":"closed","template":"","meta":{"_acf_changed":false,"footnotes":""},"class_list":["post-3555","page","type-page","status-publish","has-post-thumbnail","hentry"],"acf":[],"_links":{"self":[{"href":"https:\/\/hotelalleguglie.com\/fr\/wp-json\/wp\/v2\/pages\/3555","targetHints":{"allow":["GET"]}}],"collection":[{"href":"https:\/\/hotelalleguglie.com\/fr\/wp-json\/wp\/v2\/pages"}],"about":[{"href":"https:\/\/hotelalleguglie.com\/fr\/wp-json\/wp\/v2\/types\/page"}],"author":[{"embeddable":true,"href":"https:\/\/hotelalleguglie.com\/fr\/wp-json\/wp\/v2\/users\/1"}],"replies":[{"embeddable":true,"href":"https:\/\/hotelalleguglie.com\/fr\/wp-json\/wp\/v2\/comments?post=3555"}],"version-history":[{"count":0,"href":"https:\/\/hotelalleguglie.com\/fr\/wp-json\/wp\/v2\/pages\/3555\/revisions"}],"wp:featuredmedia":[{"embeddable":true,"href":"https:\/\/hotelalleguglie.com\/fr\/wp-json\/wp\/v2\/media\/2435"}],"wp:attachment":[{"href":"https:\/\/hotelalleguglie.com\/fr\/wp-json\/wp\/v2\/media?parent=3555"}],"curies":[{"name":"wp","href":"https:\/\/api.w.org\/{rel}","templated":true}]}}