{"id":3552,"date":"2017-01-04T11:37:21","date_gmt":"2017-01-04T11:37:21","guid":{"rendered":"https:\/\/www.hotelalleguglie.com\/colazione\/"},"modified":"2025-04-16T12:16:15","modified_gmt":"2025-04-16T12:16:15","slug":"petit-dejeuner","status":"publish","type":"page","link":"https:\/\/hotelalleguglie.com\/fr\/petit-dejeuner\/","title":{"rendered":"Petit-d\u00e9jeuner"},"content":{"rendered":"<p>Le tr\u00e8s savoureux petit-d\u00e9jeuner se compose d\u2019une riche s\u00e9lection de produits sucr\u00e9s et sal\u00e9s.<\/p>\n<p>Des d\u00e9licieuses confitures bio \u00e0 l\u2019assortiment de charcuteries et de fromages, des l\u00e9gumes grill\u00e9s et de saison aux fruits frais, des p\u00e2tisseries feuillet\u00e9es aux g\u00e2teaux sal\u00e9s, une attention particuli\u00e8re est port\u00e9e \u00e0 la qualit\u00e9 du produit.<\/p>\n<p>Nous pensons en effet que la provenance, la saisonnalit\u00e9 et la durabilit\u00e9 de la nourriture que nous vous offrons, associ\u00e9es \u00e0 la sinc\u00e9rit\u00e9 authentique de notre service, repr\u00e9sentent la marque distinctive de notre mani\u00e8re d\u2019accueillir et de choyer nos clients.<\/p>\n","protected":false},"excerpt":{"rendered":"<p>Le tr\u00e8s savoureux petit-d\u00e9jeuner se compose d\u2019une riche s\u00e9lection de produits sucr\u00e9s et sal\u00e9s. Des d\u00e9licieuses confitures bio \u00e0 l\u2019assortiment de charcuteries et de fromages, des l\u00e9gumes grill\u00e9s et de saison aux fruits frais, des p\u00e2tisseries feuillet\u00e9es aux g\u00e2teaux sal\u00e9s, une attention particuli\u00e8re est port\u00e9e \u00e0 la qualit\u00e9 du produit. Nous pensons en effet que [&hellip;]<\/p>\n","protected":false},"author":1,"featured_media":0,"parent":0,"menu_order":0,"comment_status":"closed","ping_status":"closed","template":"template-pages-arcadia.php","meta":{"_acf_changed":false,"footnotes":""},"class_list":["post-3552","page","type-page","status-publish","hentry"],"acf":[],"_links":{"self":[{"href":"https:\/\/hotelalleguglie.com\/fr\/wp-json\/wp\/v2\/pages\/3552","targetHints":{"allow":["GET"]}}],"collection":[{"href":"https:\/\/hotelalleguglie.com\/fr\/wp-json\/wp\/v2\/pages"}],"about":[{"href":"https:\/\/hotelalleguglie.com\/fr\/wp-json\/wp\/v2\/types\/page"}],"author":[{"embeddable":true,"href":"https:\/\/hotelalleguglie.com\/fr\/wp-json\/wp\/v2\/users\/1"}],"replies":[{"embeddable":true,"href":"https:\/\/hotelalleguglie.com\/fr\/wp-json\/wp\/v2\/comments?post=3552"}],"version-history":[{"count":0,"href":"https:\/\/hotelalleguglie.com\/fr\/wp-json\/wp\/v2\/pages\/3552\/revisions"}],"wp:attachment":[{"href":"https:\/\/hotelalleguglie.com\/fr\/wp-json\/wp\/v2\/media?parent=3552"}],"curies":[{"name":"wp","href":"https:\/\/api.w.org\/{rel}","templated":true}]}}