{"id":3512,"date":"2017-01-03T12:14:31","date_gmt":"2017-01-03T12:14:31","guid":{"rendered":"https:\/\/www.hotelalleguglie.com\/?page_id=3512"},"modified":"2025-11-12T10:55:30","modified_gmt":"2025-11-12T10:55:30","slug":"chambre-double-superieure","status":"publish","type":"page","link":"https:\/\/hotelalleguglie.com\/fr\/chambres\/chambre-double-superieure\/","title":{"rendered":"Chambre double sup\u00e9rieure"},"content":{"rendered":"\n<p>\u00c9l\u00e9gante et spacieuse, avec une vue splendide sur la Strada Nova et une vue sur le Ponte delle Guglie.<br>Id\u00e9ale pour un s\u00e9jour romantique et raffin\u00e9.<\/p>\n","protected":false},"excerpt":{"rendered":"<p>\u00c9l\u00e9gante et spacieuse, avec une vue splendide sur la Strada Nova et une vue sur le Ponte delle Guglie.Id\u00e9ale pour un s\u00e9jour romantique et raffin\u00e9.<\/p>\n","protected":false},"author":1,"featured_media":2884,"parent":3560,"menu_order":0,"comment_status":"closed","ping_status":"closed","template":"template-room-page.php","meta":{"_acf_changed":false,"footnotes":""},"class_list":["post-3512","page","type-page","status-publish","has-post-thumbnail","hentry"],"acf":[],"_links":{"self":[{"href":"https:\/\/hotelalleguglie.com\/fr\/wp-json\/wp\/v2\/pages\/3512","targetHints":{"allow":["GET"]}}],"collection":[{"href":"https:\/\/hotelalleguglie.com\/fr\/wp-json\/wp\/v2\/pages"}],"about":[{"href":"https:\/\/hotelalleguglie.com\/fr\/wp-json\/wp\/v2\/types\/page"}],"author":[{"embeddable":true,"href":"https:\/\/hotelalleguglie.com\/fr\/wp-json\/wp\/v2\/users\/1"}],"replies":[{"embeddable":true,"href":"https:\/\/hotelalleguglie.com\/fr\/wp-json\/wp\/v2\/comments?post=3512"}],"version-history":[{"count":0,"href":"https:\/\/hotelalleguglie.com\/fr\/wp-json\/wp\/v2\/pages\/3512\/revisions"}],"up":[{"embeddable":true,"href":"https:\/\/hotelalleguglie.com\/fr\/wp-json\/wp\/v2\/pages\/3560"}],"wp:featuredmedia":[{"embeddable":true,"href":"https:\/\/hotelalleguglie.com\/fr\/wp-json\/wp\/v2\/media\/2884"}],"wp:attachment":[{"href":"https:\/\/hotelalleguglie.com\/fr\/wp-json\/wp\/v2\/media?parent=3512"}],"curies":[{"name":"wp","href":"https:\/\/api.w.org\/{rel}","templated":true}]}}