{"id":4799,"date":"2025-04-23T08:38:53","date_gmt":"2025-04-23T08:38:53","guid":{"rendered":"https:\/\/www.hotelalleguglie.com\/was-ein-junges-paar-in-der-nahe-des-hotel-alle-guglie-unternehmen-kann\/petit-dejeuner-a-venise-les-meilleures-adresses-pour-bien-commencer-la-journee-en-couple\/"},"modified":"2025-05-14T12:51:20","modified_gmt":"2025-05-14T12:51:20","slug":"fruehstueck-in-venedig-die-besten-adressen-fuer-paare-zum-tagesbeginn","status":"publish","type":"page","link":"https:\/\/hotelalleguglie.com\/de\/was-ein-junges-paar-in-der-naehe-des-hotel-alle-guglie-unternehmen-kann\/fruehstueck-in-venedig-die-besten-adressen-fuer-paare-zum-tagesbeginn\/","title":{"rendered":"Fr\u00fchst\u00fcck in Venedig: wo? Die besten Adressen f\u00fcr Paare zum Tagesbeginn"},"content":{"rendered":"\n<h2 class=\"wp-block-heading has-text-align-left\">Ein authentischer Guide f\u00fcr junge Paare auf der Suche nach echten Caf\u00e9s rund um das Hotel Alle Guglie<\/h2>\n\n\n\n<p class=\"\" style=\"text-align: left;\" data-start=\"512\" data-end=\"818\">In Venedig ist das Fr\u00fchst\u00fcck ein stilles, aber bedeutendes Ritual \u2013 voller Kaffeeduft, Marmortheken, leiser Gespr\u00e4che und noch warmer Croissants.<br data-start=\"657\" data-end=\"660\" \/>F\u00fcr ein <strong data-start=\"668\" data-end=\"709\">junges Paar zwischen 25 und 50 Jahren<\/strong> ist es auch <strong data-start=\"722\" data-end=\"817\">ein Moment zum Innehalten, zum Planen des Tages, zum Genie\u00dfen \u2013 gemeinsam und in aller Ruhe<\/strong>.<\/p>\n<p class=\"\" style=\"text-align: left;\" data-start=\"820\" data-end=\"984\">Rund um das <strong data-start=\"832\" data-end=\"853\">Hotel Alle Guglie<\/strong> findet ihr einige der besten Orte f\u00fcr ein echtes venezianisches Fr\u00fchst\u00fcck \u2013 <strong data-start=\"930\" data-end=\"983\">fern der touristischen Caf\u00e9s, nah am echten Leben<\/strong>.<\/p>\n<h2 class=\"\" style=\"text-align: left;\" data-start=\"986\" data-end=\"1042\">Fr\u00fchst\u00fcck in Venedig: Torrefazione Cannaregio \u2013 Der beste Kaffee im Viertel<\/h2>\n<p class=\"\" style=\"text-align: left;\" data-start=\"1044\" data-end=\"1262\">Nur wenige Schritte vom Hotel entfernt ist diese historische R\u00f6sterei <strong data-start=\"1114\" data-end=\"1158\">ein Muss f\u00fcr alle echten Kaffeeliebhaber<\/strong>. Die Einrichtung ist schlicht und stilvoll, der Duft empf\u00e4ngt euch schon vor der T\u00fcr.<br data-start=\"1244\" data-end=\"1247\" \/>Hier k\u00f6nnt ihr:<\/p>\n<p class=\"\" style=\"text-align: left;\" data-start=\"1266\" data-end=\"1328\">&#8211; Zwischen venezianischen Mischungen und Single Origins w\u00e4hlen<\/p>\n<p class=\"\" style=\"text-align: left;\" data-start=\"1331\" data-end=\"1385\">&#8211; Perfekten Espresso oder cremigen Cappuccino genie\u00dfen<\/p>\n<p class=\"\" style=\"text-align: left;\" data-start=\"1388\" data-end=\"1441\">&#8211; Dazu hausgemachte Kuchen oder feines Geb\u00e4ck probieren<\/p>\n<p class=\"\" style=\"text-align: left;\" data-start=\"1443\" data-end=\"1571\">Die Atmosph\u00e4re ist authentisch, das Publikum lokal, die Tische begrenzt \u2013 <strong data-start=\"1517\" data-end=\"1570\">ideal f\u00fcr einen ruhigen Start in den Tag zu zweit<\/strong>.<\/p>\n<h2 class=\"\" style=\"text-align: left;\" data-start=\"1573\" data-end=\"1622\">Fr\u00fchst\u00fcck in Venedig: Pasticceria Pitteri \u2013 Der Klassiker im Viertel<\/h2>\n<p class=\"\" style=\"text-align: left;\" data-start=\"1624\" data-end=\"1895\">F\u00fcr alle, die es s\u00fc\u00df und klassisch m\u00f6gen, ist die <strong data-start=\"1674\" data-end=\"1697\">Pasticceria Pitteri<\/strong> eine feste Gr\u00f6\u00dfe.<br data-start=\"1715\" data-end=\"1718\" \/>Gef\u00fcllte Croissants, feines M\u00fcrbeteiggeb\u00e4ck, venezianische S\u00fc\u00dfspeisen und guter Kaffee \u2013 am Tresen oder am Tisch. <strong data-start=\"1832\" data-end=\"1895\">Ein leichtes, aber geschmackvolles italienisches Fr\u00fchst\u00fcck.<\/strong><\/p>\n<p class=\"\" style=\"text-align: left;\" data-start=\"1897\" data-end=\"2012\">Hier trifft man Einheimische, Studierende und Nachbarn \u2013 <strong data-start=\"1954\" data-end=\"2011\">man f\u00fchlt sich sofort als Teil des echten Stadtlebens<\/strong>.<\/p>\n<h2 class=\"\" style=\"text-align: left;\" data-start=\"2014\" data-end=\"2049\">Weitere Empfehlungen in der N\u00e4he<\/h2>\n<p class=\"\" style=\"text-align: left;\" data-start=\"2053\" data-end=\"2145\"><strong data-start=\"2053\" data-end=\"2064\">&#8211; Dal Mas<\/strong> (ca. 10 Min. Richtung Piazzale Roma): tolle Patisserie, charmantes Retro-Flair<\/p>\n<p class=\"\" style=\"text-align: left;\" data-start=\"2148\" data-end=\"2236\"><strong data-start=\"2148\" data-end=\"2166\">&#8211; Caff\u00e8 Brasilia<\/strong> (nahe Ponte delle Guglie): klein, schlicht, bei Venezianern beliebt<\/p>\n<p class=\"\" style=\"text-align: left;\" data-start=\"2239\" data-end=\"2299\"><strong data-start=\"2239\" data-end=\"2252\">&#8211; Bar Puppa<\/strong> (etwas rustikaler, aber ehrlich und gro\u00dfz\u00fcgig)<\/p>\n<p class=\"\" style=\"text-align: left;\" data-start=\"2301\" data-end=\"2455\">Jedes Caf\u00e9 hat seinen eigenen Stil \u2013 an der Rezeption empfehlen wir euch gern den passenden Ort je nach Uhrzeit, Lust auf S\u00fc\u00dfes oder gew\u00fcnschter Stimmung.<\/p>\n<h2 class=\"\" style=\"text-align: left;\" data-start=\"2457\" data-end=\"2482\">Fr\u00fchst\u00fcck aufs Zimmer?<\/h2>\n<p class=\"\" style=\"text-align: left;\" data-start=\"2484\" data-end=\"2741\">Im <strong data-start=\"2487\" data-end=\"2508\">Hotel Alle Guglie<\/strong> bieten wir euch auch <strong data-start=\"2530\" data-end=\"2558\">Fr\u00fchst\u00fcck auf dem <a href=\"https:\/\/hotelalleguglie.com\/de\/zimmer\/\">Zimmer<\/a><\/strong>: frische Croissants, hei\u00dfe Getr\u00e4nke, lokale Marmeladen \u2013 ganz in Ruhe genie\u00dfen.<br data-start=\"2638\" data-end=\"2641\" \/>Perfekt f\u00fcr Paare, die <strong data-start=\"2664\" data-end=\"2740\">den Tag langsam und gemeinsam beginnen m\u00f6chten, ohne sofort rauszum\u00fcssen<\/strong>.<\/p>\n<p class=\"\" style=\"text-align: left;\" data-start=\"3033\" data-end=\"3196\">Im <a href=\"https:\/\/hotelalleguglie.com\/de\/\"><strong data-start=\"3036\" data-end=\"3057\">Hotel Alle Guglie<\/strong><\/a> glauben wir: <strong data-start=\"3071\" data-end=\"3196\">Selbst ein einfaches Fr\u00fchst\u00fcck kann zu einer besonderen Erinnerung werden \u2013 mit dem richtigen Menschen, am richtigen Ort.Fr\u00fchst\u00fcck in Venedig<\/strong><\/p>\n","protected":false},"excerpt":{"rendered":"<p>Ein authentischer Guide f\u00fcr junge Paare auf der Suche nach echten Caf\u00e9s rund um das Hotel Alle Guglie In Venedig ist das Fr\u00fchst\u00fcck ein stilles, aber bedeutendes Ritual \u2013 voller Kaffeeduft, Marmortheken, leiser Gespr\u00e4che und noch warmer Croissants.F\u00fcr ein junges Paar zwischen 25 und 50 Jahren ist es auch ein Moment zum Innehalten, zum Planen [&hellip;]<\/p>\n","protected":false},"author":1,"featured_media":4759,"parent":3956,"menu_order":0,"comment_status":"closed","ping_status":"closed","template":"","meta":{"_acf_changed":false,"footnotes":""},"class_list":["post-4799","page","type-page","status-publish","has-post-thumbnail","hentry"],"acf":[],"_links":{"self":[{"href":"https:\/\/hotelalleguglie.com\/de\/wp-json\/wp\/v2\/pages\/4799","targetHints":{"allow":["GET"]}}],"collection":[{"href":"https:\/\/hotelalleguglie.com\/de\/wp-json\/wp\/v2\/pages"}],"about":[{"href":"https:\/\/hotelalleguglie.com\/de\/wp-json\/wp\/v2\/types\/page"}],"author":[{"embeddable":true,"href":"https:\/\/hotelalleguglie.com\/de\/wp-json\/wp\/v2\/users\/1"}],"replies":[{"embeddable":true,"href":"https:\/\/hotelalleguglie.com\/de\/wp-json\/wp\/v2\/comments?post=4799"}],"version-history":[{"count":0,"href":"https:\/\/hotelalleguglie.com\/de\/wp-json\/wp\/v2\/pages\/4799\/revisions"}],"up":[{"embeddable":true,"href":"https:\/\/hotelalleguglie.com\/de\/wp-json\/wp\/v2\/pages\/3956"}],"wp:featuredmedia":[{"embeddable":true,"href":"https:\/\/hotelalleguglie.com\/de\/wp-json\/wp\/v2\/media\/4759"}],"wp:attachment":[{"href":"https:\/\/hotelalleguglie.com\/de\/wp-json\/wp\/v2\/media?parent=4799"}],"curies":[{"name":"wp","href":"https:\/\/api.w.org\/{rel}","templated":true}]}}