{"id":4618,"date":"2025-04-22T11:38:23","date_gmt":"2025-04-22T11:38:23","guid":{"rendered":"https:\/\/www.hotelalleguglie.com\/was-ein-junges-paar-in-der-nahe-des-hotel-alle-guglie-unternehmen-kann\/ou-dormir-a-venise-pres-de-la-gare-santa-lucia\/"},"modified":"2025-05-14T12:58:21","modified_gmt":"2025-05-14T12:58:21","slug":"wo-in-venedig-uebernachten-in-der-naehe-des-bahnhofs-santa-lucia","status":"publish","type":"page","link":"https:\/\/hotelalleguglie.com\/de\/was-ein-junges-paar-in-der-naehe-des-hotel-alle-guglie-unternehmen-kann\/wo-in-venedig-uebernachten-in-der-naehe-des-bahnhofs-santa-lucia\/","title":{"rendered":"Wo in Venedig \u00fcbernachten in der N\u00e4he vom Bahnhof Santa Lucia?"},"content":{"rendered":"\n<h2 class=\"wp-block-heading has-text-align-left\">Wo in Venedig \u00fcbernachten in der N\u00e4he vom Bahnhof Santa Lucia: Das Hotel Alle Guglie \u2013 die ideale Wahl f\u00fcr junge Paare: praktisch, authentisch und mit Stil<\/h2>\n\n\n\n<p class=\"\" style=\"text-align: left;\" data-start=\"521\" data-end=\"999\">Zu wissen, <strong data-start=\"532\" data-end=\"602\">wo man in Venedig in der N\u00e4he des Bahnhofs Santa Lucia \u00fcbernachtet<\/strong>, kann einen Aufenthalt zu zweit sp\u00fcrbar angenehmer machen. Gute Erreichbarkeit, kurze Wege zu Fu\u00df, echtes Stadtgef\u00fchl \u2013 all das tr\u00e4gt dazu bei, dass die gemeinsame Zeit <strong data-start=\"772\" data-end=\"804\">entspannter und sch\u00f6ner wird<\/strong>.<br data-start=\"805\" data-end=\"808\" \/>F\u00fcr ein <strong data-start=\"816\" data-end=\"857\">junges Paar zwischen 25 und 50 Jahren<\/strong> ist die perfekte Kombination: <strong data-start=\"888\" data-end=\"930\">praktisch gelegen und dennoch charmant<\/strong>, <strong data-start=\"932\" data-end=\"971\">gut angebunden und doch authentisch<\/strong>, fernab vom Touristenstrom.<\/p>\n<p class=\"\" style=\"text-align: left;\" data-start=\"1001\" data-end=\"1213\">Das <strong data-start=\"1005\" data-end=\"1026\">Hotel Alle Guglie<\/strong> liegt strategisch perfekt \u2013 <strong data-start=\"1055\" data-end=\"1117\">weniger als 10 Gehminuten vom Bahnhof Santa Lucia entfernt<\/strong>, mitten im Herzen von Cannaregio, einem der lebendigsten und urspr\u00fcnglichsten Viertel Venedigs.<\/p>\n<h2 class=\"\" style=\"text-align: left;\" data-start=\"1215\" data-end=\"1285\">Vom Bahnhof Santa Lucia: warum das Hotel Alle Guglie ideal ist, wenn ihr mit dem Zug anreist<\/h2>\n<p class=\"\" style=\"text-align: left;\" data-start=\"1289\" data-end=\"1419\"><strong data-start=\"1289\" data-end=\"1318\">&#8211; Kein Br\u00fcckensteigen n\u00f6tig<\/strong>: Der Weg vom Bahnhof f\u00fchrt ohne Treppen oder Br\u00fccken direkt zum Hotel \u2013 auch mit Koffern angenehm.<\/p>\n<p class=\"\" style=\"text-align: left;\" data-start=\"1422\" data-end=\"1540\"><strong data-start=\"1422\" data-end=\"1444\">&#8211; Flexibler Check-in<\/strong>: Wer fr\u00fch ankommt, kann das Gep\u00e4ck abgeben und bekommt direkt Tipps f\u00fcr den Start in den Tag.<\/p>\n<p class=\"\" style=\"text-align: left;\" data-start=\"1543\" data-end=\"1640\"><strong data-start=\"1543\" data-end=\"1566\">&#8211; Zentral, aber ruhig<\/strong>: Die Umgebung ist \u00fcberraschend still \u2013 ideal zum Ankommen und Durchatmen.<\/p>\n<p class=\"\" style=\"text-align: left;\" data-start=\"1642\" data-end=\"1736\">So k\u00f6nnt ihr <strong data-start=\"1655\" data-end=\"1735\">direkt nach eurer Ankunft in das echte Venedig eintauchen \u2013 ganz ohne Umwege<\/strong>.<\/p>\n<h2 class=\"\" style=\"text-align: left;\" data-start=\"1738\" data-end=\"1776\">Ein romantisches und echtes Viertel<\/h2>\n<p class=\"\" style=\"text-align: left;\" data-start=\"1778\" data-end=\"2005\">Cannaregio ist perfekt f\u00fcr <strong data-start=\"1805\" data-end=\"1856\">junge Paare, die Atmosph\u00e4re und Echtheit suchen<\/strong>.<br data-start=\"1857\" data-end=\"1860\" \/>Direkt vor der Hotelt\u00fcr erwarten euch echte Bacari, kleine Caf\u00e9s mit Tischen am Kanal, Buchhandlungen, Ateliers, Galerien und romantische Gassen.<\/p>\n<p class=\"\" style=\"text-align: left;\" data-start=\"2007\" data-end=\"2120\">Ein Viertel, das <strong data-start=\"2024\" data-end=\"2065\">nicht inszeniert, sondern gelebt wird<\/strong> \u2013 perfekt f\u00fcr spontane Entdeckungen und echte Momente.<\/p>\n<h2 class=\"\" style=\"text-align: left;\" data-start=\"2122\" data-end=\"2184\">Stilvolle Zimmer, Boutique-Charakter und liebevolle Details<\/h2>\n<p class=\"\" style=\"text-align: left;\" data-start=\"2186\" data-end=\"2473\">Im <strong data-start=\"2189\" data-end=\"2210\">Hotel Alle Guglie<\/strong> erwarten euch stilvoll eingerichtete Zimmer mit bequemen Betten, modernen B\u00e4dern und allem, was man f\u00fcr einen sch\u00f6nen Aufenthalt braucht.<br data-start=\"2348\" data-end=\"2351\" \/>Die Atmosph\u00e4re ist entspannt und herzlich \u2013 <strong data-start=\"2395\" data-end=\"2472\">f\u00fcr alle, die pers\u00f6nliche Gastfreundschaft einem anonymen Hotel vorziehen<\/strong>.<\/p>\n<p class=\"\" style=\"text-align: left;\" data-start=\"2475\" data-end=\"2619\">Das junge Team ist hilfsbereit, offen und voller Empfehlungen \u2013 vom besten Fr\u00fchst\u00fccksort bis zum versteckten Sonnenuntergangspl\u00e4tzchen am Abend.<\/p>\n<h2 class=\"\" style=\"text-align: left;\" data-start=\"2621\" data-end=\"2663\">Alles in Reichweite \u2013 zu Fu\u00df erreichbar<\/h2>\n<p class=\"\" style=\"text-align: left;\" data-start=\"2665\" data-end=\"2715\">Neben dem Bahnhof erreicht ihr in wenigen Minuten:<\/p>\n<p class=\"\" style=\"text-align: left;\" data-start=\"2719\" data-end=\"2763\"><strong data-start=\"2719\" data-end=\"2736\">&#8211; Piazzale Roma<\/strong> (Bus &amp; Parkhaus): 10 Min<\/p>\n<p class=\"\" style=\"text-align: left;\" data-start=\"2766\" data-end=\"2795\"><strong data-start=\"2766\" data-end=\"2786\">&#8211; <a href=\"https:\/\/hotelalleguglie.com\/de\/was-ein-junges-paar-in-der-nahe-des-hotel-alle-guglie-unternehmen-kann\/judisches-ghetto\/\">J\u00fcdisches Ghetto<\/a><\/strong>: 5 Min<\/p>\n<p class=\"\" style=\"text-align: left;\" data-start=\"2798\" data-end=\"2857\"><strong data-start=\"2798\" data-end=\"2848\">&#8211; <a href=\"https:\/\/hotelalleguglie.com\/de\/was-ein-junges-paar-in-der-nahe-des-hotel-alle-guglie-unternehmen-kann\/fondamenta-della-misericordia\/\">Fondamenta della Misericordia<\/a> &amp; degli Ormesini<\/strong>: 5 Min<\/p>\n<p class=\"\" style=\"text-align: left;\" data-start=\"2860\" data-end=\"2910\"><strong data-start=\"2860\" data-end=\"2876\">&#8211; Rialtobr\u00fccke<\/strong>: 15 Min durch malerische Gassen<\/p>\n<p class=\"\" style=\"text-align: left;\" data-start=\"2913\" data-end=\"2970\"><strong data-start=\"2913\" data-end=\"2945\">&#8211; Vaporetto-Haltestelle Guglie<\/strong> f\u00fcr Murano\/Burano: 3 Min<\/p>\n<p class=\"\" style=\"text-align: left;\" data-start=\"2972\" data-end=\"3107\">Egal ob ihr zum ersten Mal in Venedig seid oder bereits verliebt zur\u00fcckkehrt \u2013 hier seid ihr <strong data-start=\"3065\" data-end=\"3106\">mittendrin und trotzdem ganz bei euch<\/strong>.<\/p>\n<p class=\"\" style=\"text-align: left;\" data-start=\"3374\" data-end=\"3572\">Im <a href=\"https:\/\/hotelalleguglie.com\/de\/\"><strong data-start=\"3377\" data-end=\"3398\">Hotel Alle Guglie<\/strong><\/a> wissen wir: <strong data-start=\"3411\" data-end=\"3439\">Der erste Eindruck z\u00e4hlt<\/strong>. Deshalb sorgen wir daf\u00fcr, dass eure Ankunft <strong data-start=\"3485\" data-end=\"3572\">angenehm, stressfrei und der perfekte Start in ein unvergessliches Wochenende wird &#8211;<\/strong><\/p>\n","protected":false},"excerpt":{"rendered":"<p>Wo in Venedig \u00fcbernachten in der N\u00e4he vom Bahnhof Santa Lucia: Das Hotel Alle Guglie \u2013 die ideale Wahl f\u00fcr junge Paare: praktisch, authentisch und mit Stil Zu wissen, wo man in Venedig in der N\u00e4he des Bahnhofs Santa Lucia \u00fcbernachtet, kann einen Aufenthalt zu zweit sp\u00fcrbar angenehmer machen. Gute Erreichbarkeit, kurze Wege zu Fu\u00df, [&hellip;]<\/p>\n","protected":false},"author":1,"featured_media":4567,"parent":3956,"menu_order":0,"comment_status":"closed","ping_status":"closed","template":"","meta":{"_acf_changed":false,"footnotes":""},"class_list":["post-4618","page","type-page","status-publish","has-post-thumbnail","hentry"],"acf":[],"_links":{"self":[{"href":"https:\/\/hotelalleguglie.com\/de\/wp-json\/wp\/v2\/pages\/4618","targetHints":{"allow":["GET"]}}],"collection":[{"href":"https:\/\/hotelalleguglie.com\/de\/wp-json\/wp\/v2\/pages"}],"about":[{"href":"https:\/\/hotelalleguglie.com\/de\/wp-json\/wp\/v2\/types\/page"}],"author":[{"embeddable":true,"href":"https:\/\/hotelalleguglie.com\/de\/wp-json\/wp\/v2\/users\/1"}],"replies":[{"embeddable":true,"href":"https:\/\/hotelalleguglie.com\/de\/wp-json\/wp\/v2\/comments?post=4618"}],"version-history":[{"count":0,"href":"https:\/\/hotelalleguglie.com\/de\/wp-json\/wp\/v2\/pages\/4618\/revisions"}],"up":[{"embeddable":true,"href":"https:\/\/hotelalleguglie.com\/de\/wp-json\/wp\/v2\/pages\/3956"}],"wp:featuredmedia":[{"embeddable":true,"href":"https:\/\/hotelalleguglie.com\/de\/wp-json\/wp\/v2\/media\/4567"}],"wp:attachment":[{"href":"https:\/\/hotelalleguglie.com\/de\/wp-json\/wp\/v2\/media?parent=4618"}],"curies":[{"name":"wp","href":"https:\/\/api.w.org\/{rel}","templated":true}]}}