{"id":4371,"date":"2025-04-18T12:24:11","date_gmt":"2025-04-18T12:24:11","guid":{"rendered":"https:\/\/www.hotelalleguglie.com\/was-ein-junges-paar-in-der-nahe-des-hotel-alle-guglie-unternehmen-kann\/diner-romantique-pour-jeunes-couples-a-venise\/"},"modified":"2025-05-14T12:56:13","modified_gmt":"2025-05-14T12:56:13","slug":"romantisches-dinner-fuer-junge-paare-in-venedig","status":"publish","type":"page","link":"https:\/\/hotelalleguglie.com\/de\/was-ein-junges-paar-in-der-naehe-des-hotel-alle-guglie-unternehmen-kann\/romantisches-dinner-fuer-junge-paare-in-venedig\/","title":{"rendered":"Romantisches Dinner f\u00fcr junge Paare in Venedig: wo?"},"content":{"rendered":"\n<h2 class=\"wp-block-heading has-text-align-left\">Authentische, stimmungsvolle Restaurants ganz in der N\u00e4he des Hotel Alle Guglie<\/h2>\n\n\n\n<p class=\"\" style=\"text-align: left;\" data-start=\"501\" data-end=\"927\">Venedig ist eine Stadt zum Genie\u00dfen \u2013 und zu zweit wird alles noch besonderer. F\u00fcr ein <strong data-start=\"588\" data-end=\"613\">junges, modernes Paar<\/strong> bedeutet ein Abendessen mehr als nur gutes Essen: Es ist ein Moment der <strong>N\u00e4he<\/strong>, des gemeinsamen <strong>Erlebens<\/strong> und des <strong>Entdeckens<\/strong>.<br data-start=\"736\" data-end=\"739\" \/>Man braucht keinen Stern oder einen Tisch auf dem Markusplatz \u2013 oft findet man <strong data-start=\"818\" data-end=\"887\">die romantischsten und authentischsten Orte in den stillen Gassen<\/strong>, dort, wo auch die Einheimischen essen.<\/p>\n<p class=\"\" style=\"text-align: left;\" data-start=\"929\" data-end=\"1102\">Im <strong data-start=\"932\" data-end=\"953\">Hotel Alle Guglie<\/strong> empfehlen wir nur Restaurants, die <strong data-start=\"989\" data-end=\"1044\">Qualit\u00e4t, Pers\u00f6nlichkeit und echte Gastfreundschaft<\/strong> verbinden \u2013 ideal f\u00fcr ein stilvolles, entspanntes Dinner.<\/p>\n<h2 class=\"\" style=\"text-align: left;\" data-start=\"1104\" data-end=\"1157\">Romantisches Dinner: Osteria alla Frasca \u2013 Ehrliche venezianische K\u00fcche<\/h2>\n<p class=\"\" style=\"text-align: left;\" data-start=\"1159\" data-end=\"1481\">Nur wenige Minuten vom Hotel entfernt, ist diese kleine Osteria ein Geheimtipp f\u00fcr alle, die <strong data-start=\"1252\" data-end=\"1304\">ehrliche, bodenst\u00e4ndige K\u00fcche mit viel Geschmack<\/strong> lieben.<br data-start=\"1312\" data-end=\"1315\" \/>Frischer Fisch je nach Tagesangebot, famili\u00e4rer Service, eine warme, zur\u00fcckhaltende Atmosph\u00e4re. Perfekt f\u00fcr ein <strong data-start=\"1427\" data-end=\"1480\">ruhiges Abendessen mit echter venezianischer Note<\/strong>.<\/p>\n<p class=\"\" style=\"text-align: left;\" data-start=\"1483\" data-end=\"1545\">F\u00fcr Paare, die sich auch unterwegs wie zuhause f\u00fchlen m\u00f6chten.<\/p>\n<h2 class=\"\" style=\"text-align: left;\" data-start=\"1547\" data-end=\"1615\">Osteria ai Promessi Sposi \u2013 Klassisch venezianisch mit Raffinesse<\/h2>\n<p class=\"\" style=\"text-align: left;\" data-start=\"1617\" data-end=\"1879\">Versteckt in den Gassen von Cannaregio, beliebt bei Venezianern und Kennern.<br data-start=\"1693\" data-end=\"1696\" \/>Die Speisen sind klassische Rezepte mit moderner Note: feine <em data-start=\"1757\" data-end=\"1772\">Sarde in saor<\/em>, cremige <em>Risotti<\/em>, handgemachte Polpette. Gute Weinauswahl, entspannte Atmosph\u00e4re, stilvoll aber nie steif.<\/p>\n<p class=\"\" style=\"text-align: left;\" data-start=\"1881\" data-end=\"1986\">Ideal f\u00fcr ein <strong data-start=\"1895\" data-end=\"1932\">entspanntes, elegantes Abendessen<\/strong>, bei dem der Fokus auf Qualit\u00e4t und Wohlf\u00fchlen liegt.<\/p>\n<h2 class=\"\" style=\"text-align: left;\" data-start=\"1988\" data-end=\"2048\">Romantisches Dinner: Ristorante Casa Bonita \u2013 Design, Licht und kreative K\u00fcche<\/h2>\n<p class=\"\" style=\"text-align: left;\" data-start=\"2050\" data-end=\"2321\">Wer etwas Moderneres sucht, findet in <em><strong data-start=\"2088\" data-end=\"2103\">Casa Bonita<\/strong><\/em> das passende Ambiente: modernes Interieur, kreative mediterrane K\u00fcche, durchdachte Pr\u00e4sentation.<br data-start=\"2200\" data-end=\"2203\" \/>Intim, aber nicht still \u2013 mit gut platzierten Tischen und weichem Licht, das f\u00fcr <strong data-start=\"2284\" data-end=\"2320\">visuellen Komfort und N\u00e4he sorgt<\/strong>.<\/p>\n<p class=\"\" style=\"text-align: left;\" data-start=\"2323\" data-end=\"2482\">Perfekt f\u00fcr alle, die <strong data-start=\"2345\" data-end=\"2417\">ein stilvolles Abendessen mit Atmosph\u00e4re und \u00c4sthetik teilen m\u00f6chten<\/strong> \u2013 begleitet von saisonalen Gerichten und aufmerksamer Bedienung.<\/p>\n<h2 class=\"\" style=\"text-align: left;\" data-start=\"2484\" data-end=\"2524\">Wie ihr das passende Restaurant w\u00e4hlt<\/h2>\n<p class=\"\" style=\"text-align: left;\" data-start=\"2526\" data-end=\"2840\">Alle drei Restaurants sind bequem <strong data-start=\"2560\" data-end=\"2592\">zu Fu\u00df vom Hotel Alle Guglie<\/strong> erreichbar.<br data-start=\"2604\" data-end=\"2607\" \/>Unser Tipp: <strong data-start=\"2619\" data-end=\"2663\">\u00dcberlegt euch, welche Stimmung ihr sucht<\/strong> \u2013 eher traditionell, gem\u00fctlich oder modern.<br data-start=\"2707\" data-end=\"2710\" \/>An der Rezeption helfen wir euch gerne, <strong data-start=\"2750\" data-end=\"2795\">Verf\u00fcgbarkeiten zu pr\u00fcfen, zu reservieren<\/strong> und den besten Tisch oder Wein zu empfehlen.<\/p>\n<p class=\"\" style=\"text-align: left;\" data-start=\"2842\" data-end=\"2972\">Und f\u00fcr den Ausklang mit einem Drink zeigen wir euch die sch\u00f6nsten Bars oder Bacari \u2013 von leise bis stimmungsvoll bei Kerzenlicht.<\/p>\n<h2 class=\"\" style=\"text-align: left;\" data-start=\"2974\" data-end=\"2991\">Wann hingehen?<\/h2>\n<p class=\"\" style=\"text-align: left;\" data-start=\"2993\" data-end=\"3233\">Reservieren ist empfehlenswert, besonders am Wochenende.<br data-start=\"3049\" data-end=\"3052\" \/>Wer es ruhig mag, sollte <strong data-start=\"3077\" data-end=\"3096\">gegen 19:00 Uhr<\/strong> essen gehen \u2013 mehr Licht, mehr Ruhe, kein Zeitdruck.<br data-start=\"3149\" data-end=\"3152\" \/>F\u00fcr eine lebhaftere Stimmung passt <strong data-start=\"3187\" data-end=\"3203\">ab 20:30 Uhr<\/strong>, wenn Venedig zur Ruhe kommt.<\/p>\n<p style=\"text-align: left;\" data-start=\"3235\" data-end=\"3275\">Im <a href=\"https:\/\/hotelalleguglie.com\/de\/\"><strong data-start=\"3488\" data-end=\"3509\">Hotel Alle Guglie<\/strong><\/a> glauben wir, dass ein Abendessen mehr ist als eine Mahlzeit: <strong data-start=\"3571\" data-end=\"3637\">Es ist Zeit zum Teilen, zum Sprechen, zum Lachen, zum Genie\u00dfen<\/strong>.<br data-start=\"3638\" data-end=\"3641\" \/>Diese Restaurants spiegeln unsere Philosophie wider: <strong data-start=\"3694\" data-end=\"3769\">authentische Qualit\u00e4t, Atmosph\u00e4re und Momente zum gemeinsamen Erinnern.<\/strong><\/p>\n","protected":false},"excerpt":{"rendered":"<p>Authentische, stimmungsvolle Restaurants ganz in der N\u00e4he des Hotel Alle Guglie Venedig ist eine Stadt zum Genie\u00dfen \u2013 und zu zweit wird alles noch besonderer. F\u00fcr ein junges, modernes Paar bedeutet ein Abendessen mehr als nur gutes Essen: Es ist ein Moment der N\u00e4he, des gemeinsamen Erlebens und des Entdeckens.Man braucht keinen Stern oder einen [&hellip;]<\/p>\n","protected":false},"author":1,"featured_media":4339,"parent":3956,"menu_order":0,"comment_status":"closed","ping_status":"closed","template":"","meta":{"_acf_changed":false,"footnotes":""},"class_list":["post-4371","page","type-page","status-publish","has-post-thumbnail","hentry"],"acf":[],"_links":{"self":[{"href":"https:\/\/hotelalleguglie.com\/de\/wp-json\/wp\/v2\/pages\/4371","targetHints":{"allow":["GET"]}}],"collection":[{"href":"https:\/\/hotelalleguglie.com\/de\/wp-json\/wp\/v2\/pages"}],"about":[{"href":"https:\/\/hotelalleguglie.com\/de\/wp-json\/wp\/v2\/types\/page"}],"author":[{"embeddable":true,"href":"https:\/\/hotelalleguglie.com\/de\/wp-json\/wp\/v2\/users\/1"}],"replies":[{"embeddable":true,"href":"https:\/\/hotelalleguglie.com\/de\/wp-json\/wp\/v2\/comments?post=4371"}],"version-history":[{"count":0,"href":"https:\/\/hotelalleguglie.com\/de\/wp-json\/wp\/v2\/pages\/4371\/revisions"}],"up":[{"embeddable":true,"href":"https:\/\/hotelalleguglie.com\/de\/wp-json\/wp\/v2\/pages\/3956"}],"wp:featuredmedia":[{"embeddable":true,"href":"https:\/\/hotelalleguglie.com\/de\/wp-json\/wp\/v2\/media\/4339"}],"wp:attachment":[{"href":"https:\/\/hotelalleguglie.com\/de\/wp-json\/wp\/v2\/media?parent=4371"}],"curies":[{"name":"wp","href":"https:\/\/api.w.org\/{rel}","templated":true}]}}