{"id":4072,"date":"2025-04-17T11:02:57","date_gmt":"2025-04-17T11:02:57","guid":{"rendered":"https:\/\/www.hotelalleguglie.com\/was-ein-junges-paar-in-der-nahe-des-hotel-alle-guglie-unternehmen-kann\/spritz-et-cicchetti-a-strada-nova\/"},"modified":"2025-04-17T13:13:21","modified_gmt":"2025-04-17T13:13:21","slug":"spritz-und-cicchetti-in-der-strada-nova","status":"publish","type":"page","link":"https:\/\/hotelalleguglie.com\/de\/was-ein-junges-paar-in-der-naehe-des-hotel-alle-guglie-unternehmen-kann\/spritz-und-cicchetti-in-der-strada-nova\/","title":{"rendered":"Spritz und Cicchetti in der Strada Nova: die besten Bacari nahe dem Hotel Alle Guglie"},"content":{"rendered":"\n<h2 class=\"wp-block-heading has-text-align-left\">Spritz und Cicchetti in der Strada Nova: ein Guide f\u00fcr junge Paare auf der Suche nach den echten Aromen von Cannaregio<\/h2>\n\n\n\n<p class=\"\" style=\"text-align: left;\" data-start=\"440\" data-end=\"1005\">In Venedig ist der Aperitif mehr als nur eine Tageszeit \u2013 er ist ein Ritual. Und f\u00fcr ein <strong data-start=\"529\" data-end=\"576\">junges Paar, das im Hotel Alle Guglie wohnt<\/strong>, ist es auch die perfekte Gelegenheit, mit der authentischsten Seite der Stadt in Ber\u00fchrung zu kommen.<br data-start=\"679\" data-end=\"682\" \/>Vergesst Touristenbars, \u00fcberf\u00fcllte Pl\u00e4tze und verw\u00e4sserte Spritz: Nur wenige Schritte vom Hotel entfernt beginnt die <strong data-start=\"799\" data-end=\"814\">Strada Nova<\/strong>, eine lange Fu\u00dfg\u00e4ngerzone durch das Viertel Cannaregio, in dem sich <strong data-start=\"883\" data-end=\"929\">einige der authentischsten Bacari Venedigs<\/strong> befinden \u2013 ideal f\u00fcr einen ungezwungenen, geschmackvollen und echten Stopp.<\/p>\n<p class=\"\" style=\"text-align: left;\" data-start=\"1007\" data-end=\"1325\">Dieser Guide f\u00fchrt euch zu Holztischen, dem Duft von frittiertem Fisch, Vitrinen voller Cicchetti und Regalen mit Naturwein. Er richtet sich an alle, die St\u00e4dte auch kulinarisch entdecken m\u00f6chten \u2013 und die Orte lieben, an denen die Einheimischen jeden Tag zusammenkommen, nach der Arbeit oder vor einem Abend zu zweit.<\/p>\n<h2 class=\"\" style=\"text-align: left;\" data-start=\"1327\" data-end=\"1349\">Was ist ein Bacaro?<\/h2>\n<p class=\"\" style=\"text-align: left;\" data-start=\"1351\" data-end=\"1898\">Vorab eine kurze Erkl\u00e4rung: Ein <strong data-start=\"1383\" data-end=\"1393\"><a href=\"https:\/\/hotelalleguglie.com\/exhibition\/bacari-in-venice-what-they-are-and-why-go-there\/\">Bacaro<\/a> ist eine typische venezianische Taverne \u2013 meist klein, schlicht, mit wenigen Tischen<\/strong> (oder nur einer Theke) und einer Auswahl an <em><strong data-start=\"1523\" data-end=\"1536\">Cicchetti<\/strong><\/em>: kleine H\u00e4ppchen \u2013 Fleischb\u00e4llchen, Stockfischcreme, marinierte Sardinen, <em>Crostini<\/em>, Frittiertes \u2013 die mit einem Glas Wein, einem Spritz oder einer <em data-start=\"1684\" data-end=\"1698\">ombra de vin<\/em> serviert werden.<br data-start=\"1715\" data-end=\"1718\" \/>F\u00fcr die Venezianer ist der Bacaro ein Treffpunkt, ein Ort zum Verweilen, eine t\u00e4gliche Gewohnheit. F\u00fcr euch als Paar ist er eine <strong data-start=\"1847\" data-end=\"1897\">Gelegenheit, Teil des lokalen Lebens zu werden<\/strong>.<\/p>\n<h2 class=\"\" style=\"text-align: left;\" data-start=\"1900\" data-end=\"1945\">Wohin f\u00fcr echten Spritz und gute Cicchetti<\/h2>\n<p class=\"\" style=\"text-align: left;\" data-start=\"1947\" data-end=\"2194\">Hier eine Auswahl von <em>Bacari<\/em>, die wir Paaren empfehlen, die im Hotel Alle Guglie wohnen. Alle sind in wenigen Minuten zu Fu\u00df erreichbar \u2013 perfekt f\u00fcr einen Aperitif oder ein leichtes Abendessen, mit <strong data-start=\"2146\" data-end=\"2193\">entspannter Atmosph\u00e4re und echtem Geschmack<\/strong>.<\/p>\n<p class=\"\" style=\"text-align: left;\" data-start=\"2196\" data-end=\"2483\"><strong data-start=\"2196\" data-end=\"2208\">&#8211; Al Timon<\/strong><br data-start=\"2208\" data-end=\"2211\" \/>Ein zeitloser Klassiker, bei jungen Venezianern sehr beliebt. Gelegen an der <em>Fondamenta degli Ormesini<\/em>, nur 7 Gehminuten vom Hotel entfernt. Ber\u00fchmt f\u00fcr seine <strong data-start=\"2370\" data-end=\"2396\">Wurst- und K\u00e4seplatten<\/strong>, Boote mit Tischen am Ufer und lockere Stimmung \u2013 besonders sch\u00f6n zum Sonnenuntergang.<\/p>\n<p class=\"\" style=\"text-align: left;\" data-start=\"2485\" data-end=\"2729\"><strong data-start=\"2485\" data-end=\"2505\">&#8211; Paradiso Perduto<\/strong><br data-start=\"2505\" data-end=\"2508\" \/>Ein \u201e<strong>rockiger<\/strong>\u201c Bacaro mit poetischer Seele. Livemusik, gro\u00dfe Portionen, lebendige Atmosph\u00e4re. Die <em>Cicchetti<\/em> sind ausgezeichnet, und auch f\u00fcr ein rustikales Fischdinner ist man hier richtig. Eine <strong>Institution<\/strong> in Cannaregio.<\/p>\n<p class=\"\" style=\"text-align: left;\" data-start=\"2731\" data-end=\"2935\"><strong data-start=\"2731\" data-end=\"2746\">&#8211; El Sbarlefo<\/strong><br data-start=\"2746\" data-end=\"2749\" \/><strong>Etwas ruhiger, mit stilvoller Einrichtung, einer sehr guten Weinauswahl und raffinierten <em>Cicchetti<\/em><\/strong>. Ideal f\u00fcr Paare, die es etwas gem\u00fctlicher m\u00f6gen, ohne auf Authentizit\u00e4t zu verzichten.<\/p>\n<p class=\"\" style=\"text-align: left;\" data-start=\"2937\" data-end=\"3130\"><strong data-start=\"2937\" data-end=\"2964\">&#8211; Cantina Vecia Carbonera<\/strong><br data-start=\"2964\" data-end=\"2967\" \/>Ein Treffpunkt mit jungem Publikum \u2013 viele Studierende und Einheimische. <strong>Gute Musik, klassische <em>Cicchetti<\/em>, freundliches Team<\/strong>. Unkompliziert, gesellig und charmant.<\/p>\n<p class=\"\" style=\"text-align: left;\" data-start=\"3132\" data-end=\"3309\"><strong data-start=\"3132\" data-end=\"3152\">&#8211; Osteria al Ponte<\/strong><br data-start=\"3152\" data-end=\"3155\" \/>Kleine <em>Osteria<\/em> auf einer Br\u00fccke mit Tischen im Freien und hausgemachten <em>Cicchetti<\/em>. Perfekt f\u00fcr einen <strong>spontanen <em>Aperitivo<\/em> beim Spaziergang<\/strong> durch Cannaregio.<\/p>\n<p class=\"\" style=\"text-align: left;\" data-start=\"3311\" data-end=\"3616\"><strong data-start=\"3311\" data-end=\"3348\">&#8211; Trattoria Ca\u2019 D\u2019Oro (Alla Vedova)<\/strong><br data-start=\"3348\" data-end=\"3351\" \/>Ein geschichtstr\u00e4chtiger Ort. Ber\u00fchmt f\u00fcr seine <strong data-start=\"3399\" data-end=\"3418\">Fleischb\u00e4llchen<\/strong>, perfekt f\u00fcr ein schnelles Mittagessen oder einen etwas herzhafteren Aperitif. Hier <strong data-start=\"3503\" data-end=\"3528\">gibt es keinen Spritz<\/strong>, was den Ort besonders macht \u2013 <strong data-start=\"3560\" data-end=\"3615\">echt venezianisch und nicht f\u00fcr Touristen angepasst<\/strong>.<\/p>\n<h2 class=\"\" style=\"text-align: left;\" data-start=\"3618\" data-end=\"3645\">Wann ist die beste Zeit?<\/h2>\n<p class=\"\" style=\"text-align: left;\" data-start=\"3647\" data-end=\"3997\">Die ideale Zeit f\u00fcr einen Bacaro-Rundgang ist <strong data-start=\"3693\" data-end=\"3712\">der fr\u00fche Abend<\/strong>, zwischen 17:30 und 20:00 Uhr. Dann treffen sich hier Berufst\u00e4tige nach Feierabend und Reisende auf der Suche nach <strong>echten Erlebnissen<\/strong>.<br data-start=\"3847\" data-end=\"3850\" \/>Unter der Woche ist es ruhiger, am Wochenende lebhafter. Manche <em>Bacari<\/em> bieten auch Livemusik oder kleine Events an, die den Abend besonders machen.<\/p>\n<h2 class=\"\" style=\"text-align: left;\" data-start=\"3999\" data-end=\"4023\">Ein Erlebnis f\u00fcr zwei<\/h2>\n<p class=\"\" style=\"text-align: left;\" data-start=\"4025\" data-end=\"4311\">F\u00fcr Paare ist ein Besuch in diesen Bacari weit mehr als kulinarischer Genuss. Es ist eine Gelegenheit, <strong data-start=\"4128\" data-end=\"4172\">ganz in das Leben der Stadt einzutauchen<\/strong>, die Menschen zu beobachten, dem venezianischen Dialekt zu lauschen, gemeinsam zu lachen \u2013 bei einem Glas Wein und einem Teller <em>Cicchetti<\/em>.<\/p>\n<p class=\"\" style=\"text-align: left;\" data-start=\"4313\" data-end=\"4483\">Ein perfekter Moment, um zur Ruhe zu kommen, zu teilen, stimmungsvolle Fotos zu machen \u2013 und vielleicht mit einem Spaziergang entlang der Fondamenta ausklingen zu lassen.<\/p>\n<p class=\"\" style=\"text-align: left;\" data-start=\"4485\" data-end=\"4723\">Wenn ihr im <a href=\"https:\/\/hotelalleguglie.com\/de\/\"><strong data-start=\"4497\" data-end=\"4518\">Hotel Alle Guglie<\/strong><\/a> wohnt, erreicht ihr alle diese Orte bequem zu Fu\u00df \u2013 und k\u00f6nnt auch nach dem Abendessen noch einmal vorbeischauen. Unser Team gibt euch gerne jeden Abend einen neuen <em>Bacaro<\/em>-Tipp, ganz nach eurem Geschmack.<\/p>\n","protected":false},"excerpt":{"rendered":"<p>Spritz und Cicchetti in der Strada Nova: ein Guide f\u00fcr junge Paare auf der Suche nach den echten Aromen von Cannaregio In Venedig ist der Aperitif mehr als nur eine Tageszeit \u2013 er ist ein Ritual. Und f\u00fcr ein junges Paar, das im Hotel Alle Guglie wohnt, ist es auch die perfekte Gelegenheit, mit der [&hellip;]<\/p>\n","protected":false},"author":1,"featured_media":4028,"parent":3956,"menu_order":0,"comment_status":"closed","ping_status":"closed","template":"","meta":{"_acf_changed":false,"footnotes":""},"class_list":["post-4072","page","type-page","status-publish","has-post-thumbnail","hentry"],"acf":[],"_links":{"self":[{"href":"https:\/\/hotelalleguglie.com\/de\/wp-json\/wp\/v2\/pages\/4072","targetHints":{"allow":["GET"]}}],"collection":[{"href":"https:\/\/hotelalleguglie.com\/de\/wp-json\/wp\/v2\/pages"}],"about":[{"href":"https:\/\/hotelalleguglie.com\/de\/wp-json\/wp\/v2\/types\/page"}],"author":[{"embeddable":true,"href":"https:\/\/hotelalleguglie.com\/de\/wp-json\/wp\/v2\/users\/1"}],"replies":[{"embeddable":true,"href":"https:\/\/hotelalleguglie.com\/de\/wp-json\/wp\/v2\/comments?post=4072"}],"version-history":[{"count":0,"href":"https:\/\/hotelalleguglie.com\/de\/wp-json\/wp\/v2\/pages\/4072\/revisions"}],"up":[{"embeddable":true,"href":"https:\/\/hotelalleguglie.com\/de\/wp-json\/wp\/v2\/pages\/3956"}],"wp:featuredmedia":[{"embeddable":true,"href":"https:\/\/hotelalleguglie.com\/de\/wp-json\/wp\/v2\/media\/4028"}],"wp:attachment":[{"href":"https:\/\/hotelalleguglie.com\/de\/wp-json\/wp\/v2\/media?parent=4072"}],"curies":[{"name":"wp","href":"https:\/\/api.w.org\/{rel}","templated":true}]}}