{"id":4004,"date":"2025-04-17T08:54:18","date_gmt":"2025-04-17T08:54:18","guid":{"rendered":"https:\/\/www.hotelalleguglie.com\/ponte-chiodo-a-venise\/"},"modified":"2025-04-18T07:52:23","modified_gmt":"2025-04-18T07:52:23","slug":"ponte-chiodo-in-venedig","status":"publish","type":"page","link":"https:\/\/hotelalleguglie.com\/de\/was-ein-junges-paar-in-der-naehe-des-hotel-alle-guglie-unternehmen-kann\/ponte-chiodo-in-venedig\/","title":{"rendered":"Ponte Chiodo in Venedig: ein romantisches Geheimnis f\u00fcr zwei"},"content":{"rendered":"\n<h2 class=\"wp-block-heading has-text-align-left\">Ponte Chiodo in Venedig: eine Br\u00fccke ohne Gel\u00e4nder \u2013 perfekt f\u00fcr einen symbolischen und besonderen Moment<\/h2>\n\n\n\n<p class=\"\" style=\"text-align: left;\" data-start=\"385\" data-end=\"897\">Unter den Hunderten von Br\u00fccken, die Gassen und Kan\u00e4le in Venedig verbinden, ist die <em><strong data-start=\"470\" data-end=\"486\">Ponte Chiodo<\/strong><\/em> eine echte Ausnahme. Sie ist <strong data-start=\"516\" data-end=\"563\">die letzte verbliebene Br\u00fccke ohne Gel\u00e4nder<\/strong>, eine architektonische Seltenheit, die sofort die Aufmerksamkeit derer auf sich zieht, die sie zuf\u00e4llig beim Erkunden der authentischeren Stadtviertel entdecken.<br data-start=\"725\" data-end=\"728\" \/>Wenn ihr ein junges Paar seid, neugierig und detailverliebt, ist diese kleine Br\u00fccke im <strong data-start=\"816\" data-end=\"840\">Stadtteil <em>Cannaregio<\/em><\/strong> ein absolutes Muss: still, fotogen und voller Bedeutung.<\/p>\n<p class=\"\" style=\"text-align: left;\" data-start=\"899\" data-end=\"1115\">Vom <strong data-start=\"903\" data-end=\"924\">Hotel Alle Guglie<\/strong> aus ist sie in wenigen Minuten zu Fu\u00df erreichbar. Sie ist das perfekte Ziel f\u00fcr alle, die <strong data-start=\"1015\" data-end=\"1056\">authentische und symboltr\u00e4chtige Orte<\/strong> m\u00f6gen \u2013 fernab der Massen und klassischen Touristenrouten.<\/p>\n<h2 class=\"\" style=\"text-align: left;\" data-start=\"1117\" data-end=\"1162\">Der perfekte Ort f\u00fcr einen Moment zu zweit<\/h2>\n<p class=\"\" style=\"text-align: left;\" data-start=\"1164\" data-end=\"1484\">Der Reiz der <em>Ponte Chiodo<\/em> liegt nicht nur in ihrer Bauweise. Die fehlenden Gel\u00e4nder machen sie zu <strong data-start=\"1262\" data-end=\"1287\">einem schwebenden Ort<\/strong>, fast zeitlos \u2013 ideal f\u00fcr ein gemeinsames Foto, eine kurze Pause, um das Spiegelbild im Wasser zu betrachten, oder einfach f\u00fcr ein langsames Gespr\u00e4ch, w\u00e4hrend die Stadt um euch herum weiterflie\u00dft.<\/p>\n<p class=\"\" style=\"text-align: left;\" data-start=\"1486\" data-end=\"1773\">Gemeinsam \u00fcber diese Br\u00fccke zu gehen, erfordert <strong data-start=\"1534\" data-end=\"1566\">Vertrauen und Aufmerksamkeit<\/strong> \u2013 eine perfekte Metapher f\u00fcr eine Beziehung zu zweit.<br data-start=\"1620\" data-end=\"1623\" \/>Deshalb z\u00e4hlt dieser Ort f\u00fcr viele Paare zu den sch\u00f6nsten Momenten ihrer Reise: kein typisches \u201c<em>Sightseeing<\/em>\u201d, sondern <strong data-start=\"1741\" data-end=\"1772\">eine Erinnerung, die bleibt<\/strong>.<\/p>\n<h2 class=\"\" style=\"text-align: left;\" data-start=\"1775\" data-end=\"1824\">Wo sie sich befindet und wie man dorthin kommt<\/h2>\n<p class=\"\" style=\"text-align: left;\" data-start=\"1826\" data-end=\"2193\">Die <em>Ponte Chiodo<\/em> liegt an der <em><strong data-start=\"1856\" data-end=\"1881\">Fondamenta San Felice<\/strong><\/em> im Herzen von Cannaregio, etwa <strong data-start=\"1913\" data-end=\"1951\">8 Gehminuten vom Hotel Alle Guglie<\/strong> entfernt.<br data-start=\"1961\" data-end=\"1964\" \/>Der Weg f\u00fchrt durch ruhige Gassen, abseits vom Trubel \u2013 ein Spaziergang, der bereits f\u00fcr sich genommen angenehm ist. Ideal als <strong data-start=\"2091\" data-end=\"2111\">Start in den Tag<\/strong> oder als <strong data-start=\"2121\" data-end=\"2161\">Stopp bei einem abendlichen Rundgang<\/strong> nach dem Essen in der Umgebung.<\/p>\n<h2 class=\"\" style=\"text-align: left;\" data-start=\"2195\" data-end=\"2256\">Historisches Detail: Warum hat diese Br\u00fccke kein Gel\u00e4nder?<\/h2>\n<p class=\"\" style=\"text-align: left;\" data-start=\"2258\" data-end=\"2521\">Fr\u00fcher hatten viele Br\u00fccken in Venedig keine Gel\u00e4nder. Die <em>Ponte Chiodo<\/em> ist <strong data-start=\"2334\" data-end=\"2367\">das letzte sichtbare Beispiel<\/strong> f\u00fcr diese Bauweise. Sie war urspr\u00fcnglich eine <strong data-start=\"2414\" data-end=\"2432\">private Br\u00fccke<\/strong>, die ein Adelshaus verband, und ihr Name stammt von der Familie Chiodo, der sie geh\u00f6rte.<\/p>\n<p class=\"\" style=\"text-align: left;\" data-start=\"2523\" data-end=\"2759\">Heute ist sie f\u00fcr alle zug\u00e4nglich, hat aber ihren <strong data-start=\"2573\" data-end=\"2615\">diskreten und faszinierenden Charakter<\/strong> bewahrt. Ein idealer Ort f\u00fcr Paare, die geschichtliche Details, Symbole und besondere Pl\u00e4tze lieben, die man nicht in jedem Reisef\u00fchrer findet.<\/p>\n<h2 class=\"\" style=\"text-align: left;\" data-start=\"2761\" data-end=\"2808\">Warum wir diesen Ort jungen Paaren empfehlen<\/h2>\n<p class=\"\" style=\"text-align: left;\" data-start=\"2810\" data-end=\"3064\"><strong>&#8211; Er ist intim, authentisch und au\u00dfergew\u00f6hnlich<\/strong><br data-start=\"2855\" data-end=\"2858\" \/><strong>&#8211; Einfach zu Fu\u00df erreichbar und ganz ohne Stress<\/strong><br data-start=\"2904\" data-end=\"2907\" \/><strong>&#8211; Nie \u00fcberlaufen oder auf Social Media \u00fcberpr\u00e4sent<\/strong><br data-start=\"2955\" data-end=\"2958\" \/><strong>&#8211; Symboltr\u00e4chtig: Gleichgewicht, Vertrauen, Entdeckung<\/strong><br data-start=\"3010\" data-end=\"3013\" \/><strong>&#8211; Perfekt f\u00fcr einen besonderen Moment im Tagesverlauf<\/strong><\/p>\n<p class=\"\" style=\"text-align: left;\" data-start=\"3066\" data-end=\"3359\">Wenn ihr im <a href=\"https:\/\/hotelalleguglie.com\/de\/\"><strong data-start=\"3078\" data-end=\"3099\">Hotel Alle Guglie<\/strong><\/a> \u00fcbernachtet, genie\u00dft ihr nicht nur ein elegantes, funktionales Zimmer im Herzen von Cannaregio, sondern erhaltet auch <strong data-start=\"3218\" data-end=\"3283\">pers\u00f6nliche Empfehlungen f\u00fcr Geheimtipps wie die <em>Ponte Chiodo<\/em><\/strong> \u2013 damit ihr Venedig auf eure ganz eigene, authentische Weise erleben k\u00f6nnt.<\/p>\n","protected":false},"excerpt":{"rendered":"<p>Ponte Chiodo in Venedig: eine Br\u00fccke ohne Gel\u00e4nder \u2013 perfekt f\u00fcr einen symbolischen und besonderen Moment Unter den Hunderten von Br\u00fccken, die Gassen und Kan\u00e4le in Venedig verbinden, ist die Ponte Chiodo eine echte Ausnahme. Sie ist die letzte verbliebene Br\u00fccke ohne Gel\u00e4nder, eine architektonische Seltenheit, die sofort die Aufmerksamkeit derer auf sich zieht, die [&hellip;]<\/p>\n","protected":false},"author":1,"featured_media":4163,"parent":3956,"menu_order":0,"comment_status":"closed","ping_status":"closed","template":"","meta":{"_acf_changed":false,"footnotes":""},"class_list":["post-4004","page","type-page","status-publish","has-post-thumbnail","hentry"],"acf":[],"_links":{"self":[{"href":"https:\/\/hotelalleguglie.com\/de\/wp-json\/wp\/v2\/pages\/4004","targetHints":{"allow":["GET"]}}],"collection":[{"href":"https:\/\/hotelalleguglie.com\/de\/wp-json\/wp\/v2\/pages"}],"about":[{"href":"https:\/\/hotelalleguglie.com\/de\/wp-json\/wp\/v2\/types\/page"}],"author":[{"embeddable":true,"href":"https:\/\/hotelalleguglie.com\/de\/wp-json\/wp\/v2\/users\/1"}],"replies":[{"embeddable":true,"href":"https:\/\/hotelalleguglie.com\/de\/wp-json\/wp\/v2\/comments?post=4004"}],"version-history":[{"count":0,"href":"https:\/\/hotelalleguglie.com\/de\/wp-json\/wp\/v2\/pages\/4004\/revisions"}],"up":[{"embeddable":true,"href":"https:\/\/hotelalleguglie.com\/de\/wp-json\/wp\/v2\/pages\/3956"}],"wp:featuredmedia":[{"embeddable":true,"href":"https:\/\/hotelalleguglie.com\/de\/wp-json\/wp\/v2\/media\/4163"}],"wp:attachment":[{"href":"https:\/\/hotelalleguglie.com\/de\/wp-json\/wp\/v2\/media?parent=4004"}],"curies":[{"name":"wp","href":"https:\/\/api.w.org\/{rel}","templated":true}]}}