{"id":3956,"date":"2025-04-17T08:04:31","date_gmt":"2025-04-17T08:04:31","guid":{"rendered":"https:\/\/www.hotelalleguglie.com\/que-peut-faire-un-jeune-couple-pres-de-hotel-alle-guglie\/"},"modified":"2025-11-13T09:20:33","modified_gmt":"2025-11-13T09:20:33","slug":"was-ein-junges-paar-in-der-naehe-des-hotel-alle-guglie-unternehmen-kann","status":"publish","type":"page","link":"https:\/\/hotelalleguglie.com\/de\/was-ein-junges-paar-in-der-naehe-des-hotel-alle-guglie-unternehmen-kann\/","title":{"rendered":"Was ein junges Paar in der N\u00e4he des Hotel Alle Guglie unternehmen kann?"},"content":{"rendered":"\n<p class=\"\" data-start=\"322\" data-end=\"433\"><strong data-start=\"322\" data-end=\"433\">Was ein junges Paar in der N\u00e4he des Hotel Alle Guglie unternehmen kann: echte Erlebnisse, lokale Gen\u00fcsse und geheime Ecken zum Entdecken zu zweit \u2013 mitten im Herzen von Cannaregio<\/strong><\/p>\n<p class=\"\" data-start=\"435\" data-end=\"984\">Venedig gilt als eine der romantischsten St\u00e4dte der Welt. Doch f\u00fcr junge Paare im Alter von 25 bis 50 Jahren, die auf der Suche nach echten, zeitgem\u00e4\u00dfen und inspirierenden Erlebnissen sind, besteht die Gefahr, sich in \u00fcberlaufenen Touristenpfaden zu verlieren.<br data-start=\"695\" data-end=\"698\" \/>Im <strong data-start=\"701\" data-end=\"722\">Hotel Alle Guglie<\/strong> bieten wir eine andere Art, die Stadt zu erleben: Dank unserer strategischen Lage im Herzen des Stadtteils Cannaregio haben wir eine Auswahl an Aktivit\u00e4ten zusammengestellt, mit denen Sie <strong data-start=\"911\" data-end=\"957\">das authentischste und lebendigste Venedig<\/strong> als Paar entdecken k\u00f6nnen.<\/p>\n<h2 class=\"\" data-start=\"986\" data-end=\"1039\">Ein Viertel zum Erleben, nicht nur zum Besichtigen<\/h2>\n<p class=\"\" data-start=\"1041\" data-end=\"1491\">Cannaregio ist ein junger, lebendiger Stadtteil, der von Venezianern bewohnt wird und nicht f\u00fcr Touristen gebaut ist. Jede Ecke <strong><a href=\"https:\/\/hotelalleguglie.com\/live-venice\/\">erz\u00e4hlt eine Geschichte<\/a><\/strong> \u2013<strong> von Steinbr\u00fccken \u00fcber Kan\u00e4le bis hin zu Tavernen<\/strong>, die von Einheimischen besucht werden.<br data-start=\"1282\" data-end=\"1285\" \/>Nur wenige Schritte vom Hotel entfernt tauchen Sie ein in lebendige Uferstra\u00dfen, Fotomotive an jeder Ecke, Tische am Wasser, den Duft von frisch ger\u00f6stetem Kaffee, versteckte Kunst und gefl\u00fcsterte Legenden.<\/p>\n<h2 class=\"\" data-start=\"1493\" data-end=\"1545\">Ein Aufenthalt f\u00fcr alle, die Authentizit\u00e4t lieben<\/h2>\n<p class=\"\" data-start=\"1547\" data-end=\"2124\">G\u00e4ste im Hotel Alle Guglie suchen <strong>Stil, Qualit\u00e4t und Funktionalit\u00e4t<\/strong>. Die <strong><a href=\"https:\/\/hotelalleguglie.com\/de\/zimmer\/\">Zimmer<\/a><\/strong> sind mit viel Liebe zum Detail gestaltet, mit <strong>hochwertigen Materialien<\/strong>, Kingsize-Betten und einer modernen, eleganten Atmosph\u00e4re.<br data-start=\"1756\" data-end=\"1759\" \/>Was uns jedoch besonders auszeichnet, ist unsere Art, Paaren beim Entdecken der Stadt zu helfen \u2013 mit pers\u00f6nlichen, aktuellen Tipps, die genau zu Ihrem Reiseprofil passen.<br data-start=\"1930\" data-end=\"1933\" \/>Wir bieten keine Standardrouten oder Touristenrestaurants, sondern <strong data-start=\"2000\" data-end=\"2027\">authentische Erlebnisse<\/strong>, sorgf\u00e4ltig ausgew\u00e4hlt f\u00fcr alle, die Venedig aktiv, echt und entspannt zugleich erleben m\u00f6chten.<\/p>\n<h2 class=\"\" data-start=\"2126\" data-end=\"2169\">Junges Paar: was Sie direkt vor der Hotelt\u00fcr erwartet<\/h2>\n<p class=\"\" data-start=\"2171\" data-end=\"2378\">Wir haben eine Reihe von Aktivit\u00e4ten und besonderen Orten ausgew\u00e4hlt, die alle bequem zu Fu\u00df vom Hotel aus erreichbar sind \u2013 und die Ihnen das Gef\u00fchl geben, <strong data-start=\"2328\" data-end=\"2377\">Teil der Stadt zu sein und nicht nur Besucher<\/strong>.<\/p>\n<p class=\"\" data-start=\"2380\" data-end=\"2391\">Sie k\u00f6nnen:<\/p>\n<p class=\"\" data-start=\"2395\" data-end=\"2531\">&#8211; Die besondere Atmosph\u00e4re der <em><strong data-start=\"2424\" data-end=\"2453\">Fondamenta degli Ormesini<\/strong><\/em> entdecken, wo sich die Venezianer zum Aperitif bei Sonnenuntergang treffen.<\/p>\n<p class=\"\" data-start=\"2534\" data-end=\"2797\">&#8211; Eine kleine Tour durch die besten <a href=\"https:\/\/hotelalleguglie.com\/de\/was-ein-junges-paar-in-der-nahe-des-hotel-alle-guglie-unternehmen-kann\/spritz-und-cicchetti-in-der-strada-nova\/\"><em><strong data-start=\"2568\" data-end=\"2578\">Bacari<\/strong><\/em><\/a> der Umgebung machen, wie <em><strong data-start=\"2604\" data-end=\"2616\">Al Timon<\/strong>, <strong data-start=\"2618\" data-end=\"2638\">Paradiso Perduto<\/strong>, <strong data-start=\"2640\" data-end=\"2655\">El Sbarlefo<\/strong>, <strong data-start=\"2657\" data-end=\"2677\">Osteria al Ponte<\/strong> und <strong data-start=\"2682\" data-end=\"2709\">Cantina Vecia Carbonera<\/strong><\/em>, und typische <em data-start=\"2724\" data-end=\"2735\">cicchetti<\/em> und Spritz probieren \u2013 dort, wo die Einheimischen hingehen.<\/p>\n<p class=\"\" data-start=\"2800\" data-end=\"2964\">&#8211; Bei der <em><strong data-start=\"2808\" data-end=\"2831\">Trattoria Ca\u2019 D\u2019Oro<\/strong><\/em> einkehren, wo zwar kein Spritz serviert wird, daf\u00fcr aber die beste Fleischb\u00e4llchen-Vorspeise Venedigs in authentischer Atmosph\u00e4re.<\/p>\n<p class=\"\" data-start=\"2967\" data-end=\"3125\">&#8211; Versteckte Orte wie die <a href=\"https:\/\/hotelalleguglie.com\/de\/ponte-chiodo-in-venedig\/\"><em><strong data-start=\"2991\" data-end=\"3007\">Ponte Chiodo<\/strong><\/em><\/a> entdecken \u2013 die letzte Br\u00fccke in Venedig ohne Gel\u00e4nder \u2013 ideal f\u00fcr ein symboltr\u00e4chtiges, unvergessliches Fotomotiv.<\/p>\n<p class=\"\" data-start=\"3128\" data-end=\"3320\">&#8211; Den Tag mit einem echten venezianischen <strong><a href=\"https:\/\/hotelalleguglie.com\/de\/was-ein-junges-paar-in-der-nahe-des-hotel-alle-guglie-unternehmen-kann\/fruhstuck-in-venedig-die-besten-adressen-fur-paare-zum-tagesbeginn\/\">Fr\u00fchst\u00fcck<\/a><\/strong> beginnen, etwa in der <em><strong data-start=\"3200\" data-end=\"3223\">Pasticceria Pitteri<\/strong><\/em> oder der <em><strong data-start=\"3233\" data-end=\"3260\">Torrefazione Cannaregio<\/strong><\/em>, wo der Duft von frisch gemahlenem Kaffee den Ton angibt.<\/p>\n<p class=\"\" data-start=\"3323\" data-end=\"3562\">&#8211; Ein romantisches Abendessen in sorgf\u00e4ltig ausgew\u00e4hlten <strong><a href=\"https:\/\/hotelalleguglie.com\/de\/was-ein-junges-paar-in-der-nahe-des-hotel-alle-guglie-unternehmen-kann\/romantisches-dinner-fur-junge-paare-in-venedig\/\">Restaurants<\/a><\/strong> genie\u00dfen \u2013 zum Beispiel im gem\u00fctlichen <em><strong data-start=\"3429\" data-end=\"3458\">Osteria ai Promessi Sposi<\/strong><\/em>, im fischfokussierten <em><strong data-start=\"3481\" data-end=\"3504\">Osteria alla Frasca<\/strong><\/em> oder im eleganten, modernen <em><strong data-start=\"3533\" data-end=\"3559\">Ristorante Casa Bonita<\/strong><\/em>.<\/p>\n<p class=\"\" data-start=\"3565\" data-end=\"3780\">&#8211; Die Geschichte des <a href=\"https:\/\/hotelalleguglie.com\/de\/was-ein-junges-paar-in-der-nahe-des-hotel-alle-guglie-unternehmen-kann\/judisches-ghetto\/\"><strong>j\u00fcdischen Ghettos<\/strong><\/a> entdecken, Legenden auf dem Campo dei Mori erkunden, sich in stillen Gassen verlieren oder eine Kajaktour unternehmen, um Venedig aus einer v\u00f6llig neuen Perspektive zu erleben.<\/p>\n<p class=\"\" data-start=\"3783\" data-end=\"3873\">&#8211; Den <a href=\"https:\/\/hotelalleguglie.com\/de\/was-ein-junges-paar-in-der-nahe-des-hotel-alle-guglie-unternehmen-kann\/was-man-abends-in-venedig-zu-zweit-tun-kann-authentische-und-spontane-ideen\/\"><strong>Abend<\/strong><\/a> mit Live-Musik, jungen Bars und versteckten Weinbars stilvoll ausklingen lassen.<\/p>\n<h2 class=\"\" data-start=\"3875\" data-end=\"3928\">Junges paar: ein junges, dynamisches und \u00fcberraschendes Venedig<\/h2>\n<p class=\"\" data-start=\"3930\" data-end=\"4294\">Unsere Auswahl an Erlebnissen richtet sich an Paare, die mehr wollen als klassische Romantik \u2013 <strong data-start=\"4025\" data-end=\"4069\">Lebendigkeit, Entdeckungen, Spontaneit\u00e4t<\/strong>. Ein spontanes Abendessen mit Blick auf den Kanal, ein Spaziergang nach einem Konzert oder ein ruhiger Morgenkaffee an einem Ort, den nur Einheimische kennen \u2013 das sind die Momente, die einen Aufenthalt unvergesslich machen.<\/p>\n<h2 class=\"\" data-start=\"4296\" data-end=\"4372\">Erleben Sie Venedig wie ein Local \u2013 mit dem Komfort eines Boutique-Hotels<\/h2>\n<p class=\"\" data-start=\"4374\" data-end=\"4793\">Venedig ist f\u00fcr alle gemacht, die gerne langsamer gehen, beobachten, sich verlieren\u2026 und sich wiederfinden \u2013 in einem Winkel voller Sch\u00f6nheit.<br data-start=\"4516\" data-end=\"4519\" \/>Im Hotel Alle Guglie m\u00f6chten wir, dass jedes Paar diese besondere Seite der Stadt erlebt: <strong data-start=\"4609\" data-end=\"4755\"><a href=\"https:\/\/hotelalleguglie.com\/de\/\">Buchen Sie jetzt Ihren Aufenthalt<\/a> und lassen Sie sich auf eine echte Reise voller Atmosph\u00e4re, Geschmack, Emotionen und liebevoller Details ein<\/strong>, die jeden Moment einzigartig machen.<\/p>\n","protected":false},"excerpt":{"rendered":"<p>Was ein junges Paar in der N\u00e4he des Hotel Alle Guglie unternehmen kann: echte Erlebnisse, lokale Gen\u00fcsse und geheime Ecken zum Entdecken zu zweit \u2013 mitten im Herzen von Cannaregio Venedig gilt als eine der romantischsten St\u00e4dte der Welt. Doch f\u00fcr junge Paare im Alter von 25 bis 50 Jahren, die auf der Suche nach [&hellip;]<\/p>\n","protected":false},"author":1,"featured_media":3874,"parent":0,"menu_order":0,"comment_status":"closed","ping_status":"closed","template":"template-pages-arcadia.php","meta":{"_acf_changed":false,"footnotes":""},"class_list":["post-3956","page","type-page","status-publish","has-post-thumbnail","hentry"],"acf":[],"_links":{"self":[{"href":"https:\/\/hotelalleguglie.com\/de\/wp-json\/wp\/v2\/pages\/3956","targetHints":{"allow":["GET"]}}],"collection":[{"href":"https:\/\/hotelalleguglie.com\/de\/wp-json\/wp\/v2\/pages"}],"about":[{"href":"https:\/\/hotelalleguglie.com\/de\/wp-json\/wp\/v2\/types\/page"}],"author":[{"embeddable":true,"href":"https:\/\/hotelalleguglie.com\/de\/wp-json\/wp\/v2\/users\/1"}],"replies":[{"embeddable":true,"href":"https:\/\/hotelalleguglie.com\/de\/wp-json\/wp\/v2\/comments?post=3956"}],"version-history":[{"count":0,"href":"https:\/\/hotelalleguglie.com\/de\/wp-json\/wp\/v2\/pages\/3956\/revisions"}],"wp:featuredmedia":[{"embeddable":true,"href":"https:\/\/hotelalleguglie.com\/de\/wp-json\/wp\/v2\/media\/3874"}],"wp:attachment":[{"href":"https:\/\/hotelalleguglie.com\/de\/wp-json\/wp\/v2\/media?parent=3956"}],"curies":[{"name":"wp","href":"https:\/\/api.w.org\/{rel}","templated":true}]}}