{"id":3784,"date":"2017-10-18T11:00:23","date_gmt":"2017-10-18T11:00:23","guid":{"rendered":"https:\/\/www.hotelalleguglie.com\/privacy\/"},"modified":"2025-05-06T14:23:40","modified_gmt":"2025-05-06T14:23:40","slug":"privacy","status":"publish","type":"page","link":"https:\/\/hotelalleguglie.com\/de\/privacy\/","title":{"rendered":"Privacy"},"content":{"rendered":"\n<p class=\"\" style=\"text-align: left;\" data-start=\"97\" data-end=\"158\"><strong data-start=\"97\" data-end=\"158\">Information gem\u00e4\u00df Artikel 13 der Verordnung (EU) 2016\/679<\/strong><\/p>\n<p class=\"\" style=\"text-align: left;\" data-start=\"160\" data-end=\"749\">Wir m\u00f6chten Sie dar\u00fcber informieren, dass die Verordnung (EU) 2016\/679 die Verarbeitung personenbezogener Daten nat\u00fcrlicher Personen regelt. Gem\u00e4\u00df dieser Verordnung erfolgt die Verarbeitung nach den Grunds\u00e4tzen der Fairness, Rechtm\u00e4\u00dfigkeit, Transparenz sowie dem Schutz Ihrer personenbezogenen Daten und Ihrer Rechte.<br data-start=\"477\" data-end=\"480\" \/>Wir teilen Ihnen mit, dass wir zur Begr\u00fcndung und Durchf\u00fchrung bestehender Vertragsverh\u00e4ltnisse mit Ihnen \u00fcber personenbezogene Daten verf\u00fcgen, die wir m\u00fcndlich, direkt oder \u00fcber Dritte erhalten haben und die laut genannter Verordnung als personenbezogene Daten gelten.<\/p>\n<p class=\"\" style=\"text-align: left;\" data-start=\"751\" data-end=\"833\">Gem\u00e4\u00df Artikel 13 der DSGVO stellen wir Ihnen folgende Informationen zur Verf\u00fcgung:<\/p>\n<ol data-start=\"835\" data-end=\"3838\">\n<li class=\"\" style=\"text-align: left;\" data-start=\"835\" data-end=\"1095\">\n<p class=\"\" data-start=\"838\" data-end=\"1095\"><strong data-start=\"838\" data-end=\"915\">Identit\u00e4t und Kontaktdaten des Verantwortlichen f\u00fcr die Datenverarbeitung<\/strong><br data-start=\"915\" data-end=\"918\" \/>Bianco Hotel S.r.l., Piazza Brescia, 10\/A 30016 Jesolo (VE), USt.-IdNr. \u2013 Steuernr. 03229600279<br data-start=\"1013\" data-end=\"1016\" \/>Telefon: +39 041 717355, Fax: +39 041 714361<br data-start=\"1060\" data-end=\"1063\" \/>E-Mail: <a class=\"cursor-pointer\" rel=\"noopener\" data-start=\"1071\" data-end=\"1095\">info@hotelalleguglie.com<\/a><\/p>\n<\/li>\n<li class=\"\" style=\"text-align: left;\" data-start=\"1097\" data-end=\"2094\">\n<p class=\"\" data-start=\"1100\" data-end=\"2094\"><strong data-start=\"1100\" data-end=\"1147\">Zwecke und Rechtsgrundlage der Verarbeitung<\/strong><br data-start=\"1147\" data-end=\"1150\" \/>Die Verarbeitung erfolgt zu folgenden Zwecken:<br data-start=\"1196\" data-end=\"1199\" \/>a) <strong data-start=\"1202\" data-end=\"1256\">Statistische Analyse aggregierter Webseitenbesuche<\/strong>: Die IT-Systeme und Softwareverfahren, die den Betrieb dieser Website unterst\u00fctzen, erfassen w\u00e4hrend ihres normalen Betriebs einige personenbezogene Daten, deren \u00dcbermittlung bei der Nutzung von Internet-Kommunikationsprotokollen implizit ist. F\u00fcr Drittanbieter-Cookies gilt, dass der Verantwortliche Ma\u00dfnahmen ergriffen hat, um die Identifizierbarkeit dieser Cookies zu reduzieren, und dass der Drittanbieter die gesammelten Daten nicht mit anderen ihm vorliegenden Informationen abgleicht;<br data-start=\"1748\" data-end=\"1751\" \/>b) <strong data-start=\"1754\" data-end=\"1801\">Vom Nutzer freiwillig bereitgestellte Daten<\/strong>: Das freiwillige, ausdr\u00fcckliche und freiwillige Versenden von E-Mails an die auf dieser Website angegebenen Adressen f\u00fchrt zur Erfassung der E-Mail-Adresse des Absenders, die zur Beantwortung von Anfragen erforderlich ist, sowie eventuell in der Nachricht enthaltener personenbezogener Daten.<\/p>\n<\/li>\n<li class=\"\" style=\"text-align: left;\" data-start=\"2096\" data-end=\"2269\">\n<p class=\"\" data-start=\"2099\" data-end=\"2269\"><strong data-start=\"2099\" data-end=\"2126\">Speicherdauer der Daten<\/strong><br data-start=\"2126\" data-end=\"2129\" \/>Cookies werden auf dem Ger\u00e4t des Besuchers f\u00fcr die jeweils angegebene Dauer gespeichert (siehe Cookie-Richtlinie f\u00fcr weitere Informationen).<\/p>\n<\/li>\n<li class=\"\" style=\"text-align: left;\" data-start=\"2271\" data-end=\"2374\">\n<p class=\"\" data-start=\"2274\" data-end=\"2374\"><strong data-start=\"2274\" data-end=\"2303\">Art der Datenverarbeitung<\/strong><br data-start=\"2303\" data-end=\"2306\" \/>Die Verarbeitung erfolgt mittels IT-Systemen und\/oder in Papierform.<\/p>\n<\/li>\n<li class=\"\" style=\"text-align: left;\" data-start=\"2376\" data-end=\"2505\">\n<p class=\"\" data-start=\"2379\" data-end=\"2505\"><strong data-start=\"2379\" data-end=\"2414\">Art der personenbezogenen Daten<\/strong><br data-start=\"2414\" data-end=\"2417\" \/>Gegenstand der Verarbeitung sind Ihre personenbezogenen Daten und Ihre Navigationsdaten.<\/p>\n<\/li>\n<li class=\"\" style=\"text-align: left;\" data-start=\"2507\" data-end=\"2665\">\n<p class=\"\" data-start=\"2510\" data-end=\"2665\"><strong data-start=\"2510\" data-end=\"2560\">Pflicht oder Freiwilligkeit der Bereitstellung<\/strong><br data-start=\"2560\" data-end=\"2563\" \/>Die Bereitstellung der Daten ist verpflichtend, da sie f\u00fcr die oben genannten Zwecke erforderlich ist.<\/p>\n<\/li>\n<li class=\"\" style=\"text-align: left;\" data-start=\"2667\" data-end=\"2946\">\n<p class=\"\" data-start=\"2670\" data-end=\"2946\"><strong data-start=\"2670\" data-end=\"2718\">Kreis der Datenempf\u00e4nger und Datenweitergabe<\/strong><br data-start=\"2718\" data-end=\"2721\" \/>Die auf der Website enthaltenen Daten k\u00f6nnen externen Dienstleistern f\u00fcr Wartung und Aktualisierung der Website sowie dem Hosting-Provider zug\u00e4nglich gemacht werden. Eine \u00dcbermittlung der Daten au\u00dferhalb der EU erfolgt nicht.<\/p>\n<\/li>\n<li class=\"\" style=\"text-align: left;\" data-start=\"2948\" data-end=\"3182\">\n<p class=\"\" data-start=\"2951\" data-end=\"3182\"><strong data-start=\"2951\" data-end=\"2984\">Rechte der betroffenen Person<\/strong><br data-start=\"2984\" data-end=\"2987\" \/>Sie haben in Bezug auf Ihre Daten die Rechte gem\u00e4\u00df den Artikeln 15 (Auskunft), 16 (Berichtigung), 17 (L\u00f6schung), 18 (Einschr\u00e4nkung), 20 (Daten\u00fcbertragbarkeit) und 21 (Widerspruch) der Verordnung.<\/p>\n<\/li>\n<li class=\"\" style=\"text-align: left;\" data-start=\"3184\" data-end=\"3527\">\n<p class=\"\" data-start=\"3187\" data-end=\"3527\"><strong data-start=\"3187\" data-end=\"3264\">Widerruf der Einwilligung und Aus\u00fcbung der unter Punkt 8 genannten Rechte<\/strong><br data-start=\"3264\" data-end=\"3267\" \/>Wenn Sie weitere Informationen \u00fcber die Verarbeitung Ihrer personenbezogenen Daten w\u00fcnschen, die oben genannten Rechte aus\u00fcben oder Ihre Einwilligung widerrufen m\u00f6chten, k\u00f6nnen Sie ein Einschreiben mit R\u00fcckschein an die unter Punkt 1 angegebene Adresse senden.<\/p>\n<\/li>\n<li class=\"\" data-start=\"3529\" data-end=\"3838\">\n<p class=\"\" style=\"text-align: left;\" data-start=\"3533\" data-end=\"3838\"><strong data-start=\"3533\" data-end=\"3579\">Beschwerderecht bei einer Aufsichtsbeh\u00f6rde<\/strong><br data-start=\"3579\" data-end=\"3582\" \/>Sie haben das Recht, gem\u00e4\u00df den gesetzlichen Bestimmungen eine Beschwerde bei einer Aufsichtsbeh\u00f6rde einzureichen. Weitere Informationen finden Sie auf der Website der italienischen Datenschutzbeh\u00f6rde: <a class=\"\" href=\"https:\/\/www.garanteprivacy.it\" target=\"_new\" rel=\"noopener\" data-start=\"3783\" data-end=\"3837\">Garante della Privacy<\/a>.<\/p>\n<\/li>\n<\/ol>\n","protected":false},"excerpt":{"rendered":"<p>Information gem\u00e4\u00df Artikel 13 der Verordnung (EU) 2016\/679 Wir m\u00f6chten Sie dar\u00fcber informieren, dass die Verordnung (EU) 2016\/679 die Verarbeitung personenbezogener Daten nat\u00fcrlicher Personen regelt. Gem\u00e4\u00df dieser Verordnung erfolgt die Verarbeitung nach den Grunds\u00e4tzen der Fairness, Rechtm\u00e4\u00dfigkeit, Transparenz sowie dem Schutz Ihrer personenbezogenen Daten und Ihrer Rechte.Wir teilen Ihnen mit, dass wir zur Begr\u00fcndung und [&hellip;]<\/p>\n","protected":false},"author":1,"featured_media":0,"parent":0,"menu_order":0,"comment_status":"closed","ping_status":"closed","template":"","meta":{"_acf_changed":false,"footnotes":""},"class_list":["post-3784","page","type-page","status-publish","hentry"],"acf":[],"_links":{"self":[{"href":"https:\/\/hotelalleguglie.com\/de\/wp-json\/wp\/v2\/pages\/3784","targetHints":{"allow":["GET"]}}],"collection":[{"href":"https:\/\/hotelalleguglie.com\/de\/wp-json\/wp\/v2\/pages"}],"about":[{"href":"https:\/\/hotelalleguglie.com\/de\/wp-json\/wp\/v2\/types\/page"}],"author":[{"embeddable":true,"href":"https:\/\/hotelalleguglie.com\/de\/wp-json\/wp\/v2\/users\/1"}],"replies":[{"embeddable":true,"href":"https:\/\/hotelalleguglie.com\/de\/wp-json\/wp\/v2\/comments?post=3784"}],"version-history":[{"count":0,"href":"https:\/\/hotelalleguglie.com\/de\/wp-json\/wp\/v2\/pages\/3784\/revisions"}],"wp:attachment":[{"href":"https:\/\/hotelalleguglie.com\/de\/wp-json\/wp\/v2\/media?parent=3784"}],"curies":[{"name":"wp","href":"https:\/\/api.w.org\/{rel}","templated":true}]}}