{"id":3734,"date":"2017-01-03T12:11:29","date_gmt":"2017-01-03T12:11:29","guid":{"rendered":"https:\/\/www.hotelalleguglie.com\/la-nostra-residenza-di-charme\/"},"modified":"2023-06-05T12:43:50","modified_gmt":"2023-06-05T12:43:50","slug":"entdecken-sie-unsere-charmante-urlaubsunterkunft","status":"publish","type":"page","link":"https:\/\/hotelalleguglie.com\/de\/entdecken-sie-unsere-charmante-urlaubsunterkunft\/","title":{"rendered":"Entdecken Sie unsere charmante Urlaubsunterkunft"},"content":{"rendered":"<p>Das <strong>Alle Guglie Boutique Hotel<\/strong> ist ein altes <strong>venezianisches Haus<\/strong>, das vor Kurzem restauriert wurde. Es erwartet Sie mit der Atmosph\u00e4re eines kleinen, diskreten, <strong>charmanten Hotels<\/strong> mit raffiniertem, ganz eigenem Geschmack.<\/p>\n<p>In der Mitte des Geb\u00e4udes befindet sich ein pr\u00e4chtiger Doppelbogen aus Marmor, der das Logo unseres Hotels inspiriert hat. Sie finden es in vielen unserer Dekorationen und Einrichtungsdetails, in den Gemeinschaftsr\u00e4umen sowie in den Zimmern.<\/p>\n<p>Wir glauben, dass er unser st\u00e4ndiges Bestreben versinnbildlicht, die Emotionen, die Sie mit uns teilen m\u00f6chten, mit Achtung und Respekt zu behandeln und Ihnen jederzeit einen kompetenten, herzlichen und professionellen Service zu bieten.<\/p>\n<p>Das Hotel befindet sich in Cannaregio, dem lebendigsten und pulsierendsten Viertel von ganz Venedig, das vielleicht gerade deshalb das authentischste ist. Nur hier findet sich eine ungew\u00f6hnliche und bizarre Mischung aus Licht und Schatten, Erde und Wasser, Gesch\u00e4ftigkeit und Ruhe. Direkt vor unserem Haus, an der \u201eStrada Nova\u201c, finden Sie alle Serviceleistungen und Attraktionen des Venedigs \u201eder Venezianer\u201c, voller Licht, L\u00e4rm und Menschen. Aber Sie m\u00fcssen nur um die Ecke gehen und einen kurzen Spaziergang am Canale della Misericordia oder am Canale della Madonna dell&#8217;Orto machen und Sie werden eine andere Welt entdecken, die von den Farben der echten venezianischen Kan\u00e4le und der Lagune dominiert wird. Hier finden Sie eine au\u00dfergew\u00f6hnliche Ruhe und atemberaubende Ausblicke, die sich je nach Jahreszeit oder einfach der Wetterlage \u00e4ndern. Um vielleicht zwischen einem Sonnenuntergang oder einem stillen Sonnenaufgang ein wenig Ruhe und neuen Lebensenergie zu finden.<\/p>\n\n\n<p><\/p>\n","protected":false},"excerpt":{"rendered":"<p>Das Alle Guglie Boutique Hotel ist ein altes venezianisches Haus, das vor Kurzem restauriert wurde. Es erwartet Sie mit der Atmosph\u00e4re eines kleinen, diskreten, charmanten Hotels mit raffiniertem, ganz eigenem Geschmack. In der Mitte des Geb\u00e4udes befindet sich ein pr\u00e4chtiger Doppelbogen aus Marmor, der das Logo unseres Hotels inspiriert hat. Sie finden es in vielen [&hellip;]<\/p>\n","protected":false},"author":1,"featured_media":2484,"parent":0,"menu_order":0,"comment_status":"closed","ping_status":"closed","template":"template-pages-arcadia.php","meta":{"_acf_changed":false,"footnotes":""},"class_list":["post-3734","page","type-page","status-publish","has-post-thumbnail","hentry"],"acf":[],"_links":{"self":[{"href":"https:\/\/hotelalleguglie.com\/de\/wp-json\/wp\/v2\/pages\/3734","targetHints":{"allow":["GET"]}}],"collection":[{"href":"https:\/\/hotelalleguglie.com\/de\/wp-json\/wp\/v2\/pages"}],"about":[{"href":"https:\/\/hotelalleguglie.com\/de\/wp-json\/wp\/v2\/types\/page"}],"author":[{"embeddable":true,"href":"https:\/\/hotelalleguglie.com\/de\/wp-json\/wp\/v2\/users\/1"}],"replies":[{"embeddable":true,"href":"https:\/\/hotelalleguglie.com\/de\/wp-json\/wp\/v2\/comments?post=3734"}],"version-history":[{"count":0,"href":"https:\/\/hotelalleguglie.com\/de\/wp-json\/wp\/v2\/pages\/3734\/revisions"}],"wp:featuredmedia":[{"embeddable":true,"href":"https:\/\/hotelalleguglie.com\/de\/wp-json\/wp\/v2\/media\/2484"}],"wp:attachment":[{"href":"https:\/\/hotelalleguglie.com\/de\/wp-json\/wp\/v2\/media?parent=3734"}],"curies":[{"name":"wp","href":"https:\/\/api.w.org\/{rel}","templated":true}]}}