{"id":3728,"date":"2017-01-03T12:12:25","date_gmt":"2017-01-03T12:12:25","guid":{"rendered":"https:\/\/www.hotelalleguglie.com\/dove-siamo\/"},"modified":"2023-06-05T12:49:50","modified_gmt":"2023-06-05T12:49:50","slug":"unser-standort","status":"publish","type":"page","link":"https:\/\/hotelalleguglie.com\/de\/unser-standort\/","title":{"rendered":"Unser Standort"},"content":{"rendered":"\n<iframe data-src=\"https:\/\/www.google.com\/maps\/d\/u\/0\/embed?mid=1sP7Hw5QIWpJEtdQuO70utxUkWgvuT3A&amp;ehbc=2E312F\" width=\"100%\" height=\"480\" src=\"data:image\/svg+xml;base64,PHN2ZyB3aWR0aD0iMSIgaGVpZ2h0PSIxIiB4bWxucz0iaHR0cDovL3d3dy53My5vcmcvMjAwMC9zdmciPjwvc3ZnPg==\" class=\"lazyload\" data-load-mode=\"1\"><\/iframe>\n\n\n\n<p class=\"has-text-align-left\">Das<strong> Alle Guglie Boutique Hotel<\/strong>, eine raffinierte Unterkunft mit Charme in Venedig, befindet sich im Viertel Cannaregio, dem pulsierenden und lebendigen Herzen der Stadt, in der N\u00e4he des Bahnhofs Santa Lucia und des Piazzale Roma, aber auch nur wenige Schritte vom Markusplatz und der Rialtobr\u00fccke entfernt. Das Geb\u00e4ude, in dem sich dieses elegante <strong>Boutique-Hotel <\/strong>befindet, blickt auf den Rio Ter\u00e0 San Leonardo, nur wenige Schritte vom Casino am Canal Grande und dem alten j\u00fcdischen Ghetto entfernt. Vom <strong>Alle Guglie Boutique Hotel <\/strong>aus kann man auch die Ponte delle Guglie bewundern, eine der wichtigsten Br\u00fccken Venedigs, seit jeher der Rahmen f\u00fcr Veranstaltungen wie die Historische Regatta und die Vogalonga.<\/p>\n\n\n\n<hr class=\"wp-block-separator\"\/>\n\n\n\n<div id=\"aereo\" class=\"wp-block-image\"><figure class=\"alignleft size-large is-resized\"><img decoding=\"async\" data-src=\"https:\/\/hotelalleguglie.com\/wp-content\/uploads\/2023\/03\/1.png\" alt=\"\" class=\"wp-image-3005 lazyload\" width=\"50\" height=\"50\" data-srcset=\"https:\/\/hotelalleguglie.com\/wp-content\/uploads\/2023\/03\/1.png 200w, https:\/\/hotelalleguglie.com\/wp-content\/uploads\/2023\/03\/1-150x150.png 150w\" data-sizes=\"(max-width: 50px) 100vw, 50px\" src=\"data:image\/svg+xml;base64,PHN2ZyB3aWR0aD0iMSIgaGVpZ2h0PSIxIiB4bWxucz0iaHR0cDovL3d3dy53My5vcmcvMjAwMC9zdmciPjwvc3ZnPg==\" style=\"--smush-placeholder-width: 50px; --smush-placeholder-aspect-ratio: 50\/50;\" \/><\/figure><\/div>\n\n\n\n<p class=\"has-text-align-left has-black-color has-text-color\"><strong>Vom Flughafen Venedig-Marco Polo<\/strong><\/p>\n\n\n\n<p class=\"has-text-align-left\"><strong>Alilaguna \u2013 Orangefarbene Linie:<\/strong> Steigen Sie nach 45 Minuten an der Haltestelle Guglie aus, gehen Sie nach rechts bis zur Ponte delle Guglie, dann links den Rio Ter\u00e0 San Leonardo entlang. Das Arcadia Boutique Hotel befindet sich nach 30 Metern auf der linken Seite.<\/p>\n\n\n\n<p class=\"has-text-align-left\"><strong>Privates Wassertaxi:<\/strong> &nbsp;Der Anleger der Ponte delle Guglie ist innerhalb von 20 Minuten erreichbar. Das Arcadia Boutique Hotel befindet sich nach 30 Metern auf der linken Seite.<\/p>\n\n\n\n<p class=\"has-text-align-left\"><strong>ATVO-Bus oder ACTV-Bus, Linie 5:<\/strong> Sie erreichen den Piazzale Roma innerhalb von 25 Minuten.<\/p>\n\n\n\n<p class=\"has-text-align-left\"><strong>Taxi<\/strong>: Sie erreichen den Piazzale Roma innerhalb von 20 Minuten.<\/p>\n\n\n\n<p class=\"has-text-align-left\"><strong>Zu Fu\u00df:<\/strong> Das Alle Guglie Boutique Hotel ist nur 10 Gehminuten entfernt. Hinter der Ponte di Calatrava gehen Sie geradeaus entlang der Lista di Spagna und \u00fcberqueren die Ponte delle Guglie. Das Alle Guglie Boutique Hotel befindet sich nach 30 Metern auf der rechten Seite.<\/p>\n\n\n\n<p class=\"has-text-align-left\"><strong>Vom Flughafen Treviso-Canova.<\/strong><\/p>\n\n\n\n<p class=\"has-text-align-left\"><strong>ATVO-Buslinie \u201eVenezia-Piazzale Roma\u201c:<\/strong> Sie erreichen den Piazzale Roma innerhalb von 60 Minuten.<\/p>\n\n\n\n<hr class=\"wp-block-separator\"\/>\n\n\n\n<div id=\"treno\" class=\"wp-block-image\"><figure class=\"alignleft size-large is-resized\"><img decoding=\"async\" data-src=\"https:\/\/hotelalleguglie.com\/wp-content\/uploads\/2023\/03\/2.png\" alt=\"\" class=\"wp-image-3016 lazyload\" width=\"50\" height=\"50\" data-srcset=\"https:\/\/hotelalleguglie.com\/wp-content\/uploads\/2023\/03\/2.png 200w, https:\/\/hotelalleguglie.com\/wp-content\/uploads\/2023\/03\/2-150x150.png 150w\" data-sizes=\"(max-width: 50px) 100vw, 50px\" src=\"data:image\/svg+xml;base64,PHN2ZyB3aWR0aD0iMSIgaGVpZ2h0PSIxIiB4bWxucz0iaHR0cDovL3d3dy53My5vcmcvMjAwMC9zdmciPjwvc3ZnPg==\" style=\"--smush-placeholder-width: 50px; --smush-placeholder-aspect-ratio: 50\/50;\" \/><\/figure><\/div>\n\n\n\n<p class=\"has-text-align-left has-black-color has-text-color\"><strong>Vom Bahnhof Santa Lucia<\/strong><\/p>\n\n\n\n<p class=\"has-text-align-left\">Nehmen Sie von Santa Lucia die Vaporetto-Linie 4.2 oder 5.2 und steigen Sie an der Haltestelle Guglie aus.<\/p>\n\n\n\n<p class=\"has-text-align-left\">Das Alle Guglie Boutique Hotel ist vom Bahnhof Santa Lucia auch zu Fu\u00df innerhalb von 10 Minuten erreichbar. Hinter der Ponte di Calatrava gehen Sie geradeaus entlang der Lista di Spagna und \u00fcberqueren die Ponte delle Guglie. Das Alle Guglie Boutique Hotel befindet sich nach 30 Metern auf der rechten Seite. Vom Bahnhof Santa Lucia k\u00f6nnen Sie sich auch f\u00fcr ein privates Wassertaxi entscheiden und innerhalb von 5 Minuten zur Anlegestelle Ponte delle Guglie gelangen. Das Alle Guglie Boutique Hotel befindet sich nach 30 Metern auf der rechten Seite.<\/p>\n\n\n\n<hr class=\"wp-block-separator\"\/>\n\n\n\n<div id=\"macchina\" class=\"wp-block-image\"><figure class=\"alignleft size-large is-resized\"><img decoding=\"async\" data-src=\"https:\/\/hotelalleguglie.com\/wp-content\/uploads\/2023\/03\/4.png\" alt=\"\" class=\"wp-image-3022 lazyload\" width=\"50\" height=\"50\" data-srcset=\"https:\/\/hotelalleguglie.com\/wp-content\/uploads\/2023\/03\/4.png 200w, https:\/\/hotelalleguglie.com\/wp-content\/uploads\/2023\/03\/4-150x150.png 150w\" data-sizes=\"(max-width: 50px) 100vw, 50px\" src=\"data:image\/svg+xml;base64,PHN2ZyB3aWR0aD0iMSIgaGVpZ2h0PSIxIiB4bWxucz0iaHR0cDovL3d3dy53My5vcmcvMjAwMC9zdmciPjwvc3ZnPg==\" style=\"--smush-placeholder-width: 50px; --smush-placeholder-aspect-ratio: 50\/50;\" \/><\/figure><\/div>\n\n\n\n<p class=\"has-text-align-left has-black-color has-text-color\"><strong>Vom Piazzale Roma aus<\/strong><\/p>\n\n\n\n<p class=\"has-text-align-left\" id=\"nave\">Fahren Sie bis zum Piazzale Roma und stellen Sie Ihr Auto in der San Marco Garage ab, die eine Vereinbarung mit dem Hotel hat. Nehmen Sie vom Piazzale Roma die Vaporetto-Linie 4.2 oder 5.2 und steigen Sie an der Haltestelle Guglie aus. Gehen Sie nach rechts und biegen Sie vor der Ponte delle Guglie nach links in die Stra\u00dfe Rio Ter\u00e0 San Leonardo ein. Das Alle Guglie Boutique Hotel befindet sich nach 30 Metern auf der rechten Seite. Alternativ nehmen Sie die Linie 2 in Richtung San Marcuola-Casino.<\/p>\n\n\n\n<p class=\"has-text-align-left\">Das Alle Guglie Boutique Hotel ist vom Piazzale Roma auch zu Fu\u00df innerhalb von 10 Minuten erreichbar. Hinter der Ponte di Calatrava gehen Sie geradeaus entlang der Lista di Spagna und \u00fcberqueren die Ponte delle Guglie.<\/p>\n\n\n\n<hr class=\"wp-block-separator\"\/>\n\n\n\n<div class=\"wp-block-image\"><figure class=\"alignleft size-large is-resized\"><img decoding=\"async\" data-src=\"https:\/\/hotelalleguglie.com\/wp-content\/uploads\/2023\/03\/3.png\" alt=\"\" class=\"wp-image-3027 lazyload\" width=\"50\" height=\"50\" data-srcset=\"https:\/\/hotelalleguglie.com\/wp-content\/uploads\/2023\/03\/3.png 200w, https:\/\/hotelalleguglie.com\/wp-content\/uploads\/2023\/03\/3-150x150.png 150w\" data-sizes=\"(max-width: 50px) 100vw, 50px\" src=\"data:image\/svg+xml;base64,PHN2ZyB3aWR0aD0iMSIgaGVpZ2h0PSIxIiB4bWxucz0iaHR0cDovL3d3dy53My5vcmcvMjAwMC9zdmciPjwvc3ZnPg==\" style=\"--smush-placeholder-width: 50px; --smush-placeholder-aspect-ratio: 50\/50;\" \/><\/figure><\/div>\n\n\n\n<p class=\"has-text-align-left has-black-color has-text-color\"><strong>Vom Kreuzfahrtterminal Tronchetto<\/strong><\/p>\n\n\n\n<p class=\"has-text-align-left\">Nehmen Sie den People Mover, um zur Piazzale Roma zu gelangen. Nehmen Sie vom Piazzale Roma die Vaporetto-Linie 4.2 oder 5.2 und steigen Sie an der Haltestelle Guglie aus. Gehen Sie nach rechts und biegen Sie dann links in die Stra\u00dfe Rio Ter\u00e0 San Leonardo ein. Das Alle Guglie Boutique Hotel befindet sich nach 30 Metern auf der rechten Seite. Alternativ nehmen Sie die Linie 2 in Richtung San Marcuola-Casino und steigen an der Haltestelle Guglie aus.<\/p>\n\n\n\n<p class=\"has-text-align-left\">Das Alle Guglie Boutique Hotel ist vom Piazzale Roma auch zu Fu\u00df innerhalb von 10 Minuten erreichbar. Hinter der Ponte di Calatrava gehen Sie geradeaus entlang der Lista di Spagna und \u00fcberqueren die Ponte delle Guglie. <\/p>\n\n\n\n<p>Vom Piazzale Roma k\u00f6nnen Sie sich auch f\u00fcr ein privates Wassertaxi entscheiden und die Anlegestelle Ponte delle Guglie innerhalb von 5 Minuten erreichen.<\/p>\n\n\n\n<p class=\"has-text-align-left\">Vom Hafen aus k\u00f6nnen Sie das Hotel auch mit einem privaten Taxiservice erreichen. Von der Anlegestelle an der Ponte delle Guglie sind es nur wenige Meter zum Alle Guglie Boutique Hotel.<\/p>\n","protected":false},"excerpt":{"rendered":"<p>Das Alle Guglie Boutique Hotel, eine raffinierte Unterkunft mit Charme in Venedig, befindet sich im Viertel Cannaregio, dem pulsierenden und lebendigen Herzen der Stadt, in der N\u00e4he des Bahnhofs Santa Lucia und des Piazzale Roma, aber auch nur wenige Schritte vom Markusplatz und der Rialtobr\u00fccke entfernt. Das Geb\u00e4ude, in dem sich dieses elegante Boutique-Hotel befindet, [&hellip;]<\/p>\n","protected":false},"author":1,"featured_media":2435,"parent":0,"menu_order":0,"comment_status":"closed","ping_status":"closed","template":"","meta":{"_acf_changed":false,"footnotes":""},"class_list":["post-3728","page","type-page","status-publish","has-post-thumbnail","hentry"],"acf":[],"_links":{"self":[{"href":"https:\/\/hotelalleguglie.com\/de\/wp-json\/wp\/v2\/pages\/3728","targetHints":{"allow":["GET"]}}],"collection":[{"href":"https:\/\/hotelalleguglie.com\/de\/wp-json\/wp\/v2\/pages"}],"about":[{"href":"https:\/\/hotelalleguglie.com\/de\/wp-json\/wp\/v2\/types\/page"}],"author":[{"embeddable":true,"href":"https:\/\/hotelalleguglie.com\/de\/wp-json\/wp\/v2\/users\/1"}],"replies":[{"embeddable":true,"href":"https:\/\/hotelalleguglie.com\/de\/wp-json\/wp\/v2\/comments?post=3728"}],"version-history":[{"count":0,"href":"https:\/\/hotelalleguglie.com\/de\/wp-json\/wp\/v2\/pages\/3728\/revisions"}],"wp:featuredmedia":[{"embeddable":true,"href":"https:\/\/hotelalleguglie.com\/de\/wp-json\/wp\/v2\/media\/2435"}],"wp:attachment":[{"href":"https:\/\/hotelalleguglie.com\/de\/wp-json\/wp\/v2\/media?parent=3728"}],"curies":[{"name":"wp","href":"https:\/\/api.w.org\/{rel}","templated":true}]}}