{"id":3725,"date":"2017-01-04T11:37:21","date_gmt":"2017-01-04T11:37:21","guid":{"rendered":"https:\/\/www.hotelalleguglie.com\/colazione\/"},"modified":"2025-05-14T12:46:38","modified_gmt":"2025-05-14T12:46:38","slug":"fruehstueck","status":"publish","type":"page","link":"https:\/\/hotelalleguglie.com\/de\/fruehstueck\/","title":{"rendered":"Fr\u00fchst\u00fcck"},"content":{"rendered":"<p>Das k\u00f6stliche Fr\u00fchst\u00fcck besteht aus einer reichhaltigen Auswahl an s\u00fc\u00dfen und herzhaften Produkten.<\/p>\n<p>Von schmackhaften Bio-Konfit\u00fcren bis hin zu verschiedenen Wurst- und K\u00e4sesorten, von gegrilltem und saisonalem Gem\u00fcse bis hin zu frischem Obst, von Bl\u00e4tterteiggeb\u00e4ck bis hin zu herzhaften Kuchen: Bei allem wird besonderes Augenmerk auf die Qualit\u00e4t des Produkts gelegt.<\/p>\n<p>Wir sind davon \u00fcberzeugt, dass die Herkunft, die Saisonalit\u00e4t und die Nachhaltigkeit der von uns angebotenen Speisen in Verbindung mit der Herzlichkeit unseres Service das Markenzeichen daf\u00fcr sind, wie wir unsere G\u00e4ste empfangen und verw\u00f6hnen.<\/p>\n","protected":false},"excerpt":{"rendered":"<p>Das k\u00f6stliche Fr\u00fchst\u00fcck besteht aus einer reichhaltigen Auswahl an s\u00fc\u00dfen und herzhaften Produkten. Von schmackhaften Bio-Konfit\u00fcren bis hin zu verschiedenen Wurst- und K\u00e4sesorten, von gegrilltem und saisonalem Gem\u00fcse bis hin zu frischem Obst, von Bl\u00e4tterteiggeb\u00e4ck bis hin zu herzhaften Kuchen: Bei allem wird besonderes Augenmerk auf die Qualit\u00e4t des Produkts gelegt. Wir sind davon \u00fcberzeugt, [&hellip;]<\/p>\n","protected":false},"author":1,"featured_media":2993,"parent":0,"menu_order":0,"comment_status":"closed","ping_status":"closed","template":"template-pages-arcadia.php","meta":{"_acf_changed":false,"footnotes":""},"class_list":["post-3725","page","type-page","status-publish","has-post-thumbnail","hentry"],"acf":[],"_links":{"self":[{"href":"https:\/\/hotelalleguglie.com\/de\/wp-json\/wp\/v2\/pages\/3725","targetHints":{"allow":["GET"]}}],"collection":[{"href":"https:\/\/hotelalleguglie.com\/de\/wp-json\/wp\/v2\/pages"}],"about":[{"href":"https:\/\/hotelalleguglie.com\/de\/wp-json\/wp\/v2\/types\/page"}],"author":[{"embeddable":true,"href":"https:\/\/hotelalleguglie.com\/de\/wp-json\/wp\/v2\/users\/1"}],"replies":[{"embeddable":true,"href":"https:\/\/hotelalleguglie.com\/de\/wp-json\/wp\/v2\/comments?post=3725"}],"version-history":[{"count":0,"href":"https:\/\/hotelalleguglie.com\/de\/wp-json\/wp\/v2\/pages\/3725\/revisions"}],"wp:featuredmedia":[{"embeddable":true,"href":"https:\/\/hotelalleguglie.com\/de\/wp-json\/wp\/v2\/media\/2993"}],"wp:attachment":[{"href":"https:\/\/hotelalleguglie.com\/de\/wp-json\/wp\/v2\/media?parent=3725"}],"curies":[{"name":"wp","href":"https:\/\/api.w.org\/{rel}","templated":true}]}}