{"id":3714,"date":"2017-01-03T12:14:59","date_gmt":"2017-01-03T12:14:59","guid":{"rendered":"https:\/\/www.hotelalleguglie.com\/zimmer\/tripla\/"},"modified":"2025-11-12T12:35:52","modified_gmt":"2025-11-12T12:35:52","slug":"dreibettzimmer","status":"publish","type":"page","link":"https:\/\/hotelalleguglie.com\/de\/zimmer\/dreibettzimmer\/","title":{"rendered":"Dreibettzimmer"},"content":{"rendered":"\n<p>Ger\u00e4umig und gem\u00fctlich, mit einem echten dritten Bett zur f\u00fcr einen unvergesslichen Urlaub zu dritt im Herzen von Venedig.<\/p>\n","protected":false},"excerpt":{"rendered":"<p>Ger\u00e4umig und gem\u00fctlich, mit einem echten dritten Bett zur f\u00fcr einen unvergesslichen Urlaub zu dritt im Herzen von Venedig.<\/p>\n","protected":false},"author":1,"featured_media":2909,"parent":3599,"menu_order":0,"comment_status":"closed","ping_status":"closed","template":"template-room-page.php","meta":{"_acf_changed":false,"footnotes":""},"class_list":["post-3714","page","type-page","status-publish","has-post-thumbnail","hentry"],"acf":[],"_links":{"self":[{"href":"https:\/\/hotelalleguglie.com\/de\/wp-json\/wp\/v2\/pages\/3714","targetHints":{"allow":["GET"]}}],"collection":[{"href":"https:\/\/hotelalleguglie.com\/de\/wp-json\/wp\/v2\/pages"}],"about":[{"href":"https:\/\/hotelalleguglie.com\/de\/wp-json\/wp\/v2\/types\/page"}],"author":[{"embeddable":true,"href":"https:\/\/hotelalleguglie.com\/de\/wp-json\/wp\/v2\/users\/1"}],"replies":[{"embeddable":true,"href":"https:\/\/hotelalleguglie.com\/de\/wp-json\/wp\/v2\/comments?post=3714"}],"version-history":[{"count":0,"href":"https:\/\/hotelalleguglie.com\/de\/wp-json\/wp\/v2\/pages\/3714\/revisions"}],"up":[{"embeddable":true,"href":"https:\/\/hotelalleguglie.com\/de\/wp-json\/wp\/v2\/pages\/3599"}],"wp:featuredmedia":[{"embeddable":true,"href":"https:\/\/hotelalleguglie.com\/de\/wp-json\/wp\/v2\/media\/2909"}],"wp:attachment":[{"href":"https:\/\/hotelalleguglie.com\/de\/wp-json\/wp\/v2\/media?parent=3714"}],"curies":[{"name":"wp","href":"https:\/\/api.w.org\/{rel}","templated":true}]}}