{"id":3599,"date":"2017-01-03T10:23:32","date_gmt":"2017-01-03T10:23:32","guid":{"rendered":"https:\/\/www.hotelalleguglie.com\/camere\/"},"modified":"2025-04-16T10:50:25","modified_gmt":"2025-04-16T10:50:25","slug":"zimmer","status":"publish","type":"page","link":"https:\/\/hotelalleguglie.com\/de\/zimmer\/","title":{"rendered":"Zimmer"},"content":{"rendered":"<p>Jedes Zimmer in unserem Boutique-Hotel zeichnet sich durch erstklassigen Komfort und eine exklusive Einrichtung aus.<\/p>\n<p>Der rote Faden, den wir f\u00fcr unsere M\u00f6bel gew\u00e4hlt haben, ist der des Rundbogens, den Sie auch auf der nahegelegenen Ponte delle Guglie finden k\u00f6nnen.<\/p>\n<p>Jedes Objekt im Raum erinnert an ihn, vom Schreibtisch bis zum Kopfteil des Bettes, und unterstreicht den ganz eigenen zeitgen\u00f6ssischen Charakter unserer charmanten Unterkunft.<\/p>\n","protected":false},"excerpt":{"rendered":"<p>Jedes Zimmer in unserem Boutique-Hotel zeichnet sich durch erstklassigen Komfort und eine exklusive Einrichtung aus. Der rote Faden, den wir f\u00fcr unsere M\u00f6bel gew\u00e4hlt haben, ist der des Rundbogens, den Sie auch auf der nahegelegenen Ponte delle Guglie finden k\u00f6nnen. Jedes Objekt im Raum erinnert an ihn, vom Schreibtisch bis zum Kopfteil des Bettes, und [&hellip;]<\/p>\n","protected":false},"author":1,"featured_media":2500,"parent":0,"menu_order":0,"comment_status":"closed","ping_status":"closed","template":"template-pages-arcadia.php","meta":{"_acf_changed":false,"footnotes":""},"class_list":["post-3599","page","type-page","status-publish","has-post-thumbnail","hentry"],"acf":[],"_links":{"self":[{"href":"https:\/\/hotelalleguglie.com\/de\/wp-json\/wp\/v2\/pages\/3599","targetHints":{"allow":["GET"]}}],"collection":[{"href":"https:\/\/hotelalleguglie.com\/de\/wp-json\/wp\/v2\/pages"}],"about":[{"href":"https:\/\/hotelalleguglie.com\/de\/wp-json\/wp\/v2\/types\/page"}],"author":[{"embeddable":true,"href":"https:\/\/hotelalleguglie.com\/de\/wp-json\/wp\/v2\/users\/1"}],"replies":[{"embeddable":true,"href":"https:\/\/hotelalleguglie.com\/de\/wp-json\/wp\/v2\/comments?post=3599"}],"version-history":[{"count":0,"href":"https:\/\/hotelalleguglie.com\/de\/wp-json\/wp\/v2\/pages\/3599\/revisions"}],"wp:featuredmedia":[{"embeddable":true,"href":"https:\/\/hotelalleguglie.com\/de\/wp-json\/wp\/v2\/media\/2500"}],"wp:attachment":[{"href":"https:\/\/hotelalleguglie.com\/de\/wp-json\/wp\/v2\/media?parent=3599"}],"curies":[{"name":"wp","href":"https:\/\/api.w.org\/{rel}","templated":true}]}}